{"id":76449,"date":"2025-07-29T12:41:28","date_gmt":"2025-07-29T12:41:28","guid":{"rendered":"https:\/\/skinstudio.ee\/?post_type=product&#038;p=76449"},"modified":"2026-01-28T14:15:59","modified_gmt":"2026-01-28T14:15:59","slug":"melaquest-facial-cleanser","status":"publish","type":"product","link":"https:\/\/skinstudio.ee\/lt\/catalog\/dermaquest\/melaquest-facial-cleanser\/","title":{"rendered":"MelaQuest Facial Cleanser"},"content":{"rendered":"<p data-start=\"1651\" data-end=\"1953\"><strong data-start=\"1651\" data-end=\"1695\">MelaQuest Facial Cleanser nuo Dermaquest<\/strong> yra \u0161velnus, be sulfat\u0173 prausiklis, skirtas ne tik odai valyti, bet ir j\u0105 \u0161viesinti. Formul\u0117 sujungia antioksidantus, raminan\u010dius augalinius komponentus ir \u0161velnias valom\u0105sias med\u017eiagas, padedan\u010dias atkurti, dr\u0117kinti ir atgaivinti UV spinduli\u0173 paveikt\u0105 od\u0105.<\/p>\n<p data-start=\"1955\" data-end=\"2156\">Prausiklis veiksmingai pa\u0161alina ne\u0161varumus ir perteklin\u012f sebum\u0105, nepa\u017eeisdamas nat\u016bralaus odos balanso. Po naudojimo oda jau\u010diasi gaivi, komforti\u0161ka ir atrodo skaistesn\u0117, be tempimo ar sausumo poj\u016b\u010dio.<\/p>\n<p data-start=\"2158\" data-end=\"2255\">Produktas tinka kasdieniam naudojimui ir odai su netolygiu atspalviu bei pigmentacijos po\u017eymiais.<\/p>\n<p data-start=\"2257\" data-end=\"2299\"><strong data-start=\"2257\" data-end=\"2299\">Pagrindini\u0173 sudedam\u0173j\u0173 dali\u0173 poveikis:<\/strong><\/p>\n<p data-start=\"2301\" data-end=\"2567\"><strong data-start=\"2301\" data-end=\"2345\">Vitaminas C (Tetrahexyldecyl Ascorbate):<\/strong> padeda \u0161viesinti od\u0105 ir sustiprina jos skaistum\u0105.<br data-start=\"2395\" data-end=\"2398\" \/><strong data-start=\"2398\" data-end=\"2412\">Aloe Vera:<\/strong> ramina od\u0105 ir suteikia komforto po prausimo.<br data-start=\"2457\" data-end=\"2460\" \/><strong data-start=\"2460\" data-end=\"2493\">\u017daliosios arbatos ekstraktas:<\/strong> suteikia antioksidacin\u0119 apsaug\u0105 ir padeda palaikyti sveik\u0105 odos i\u0161vaizd\u0105.<\/p>\n<p data-start=\"2569\" data-end=\"2652\">Tinka odai su blankiu atspalviu, pigmentacijos po\u017eymiais ir fotopa\u017eeidimo \u017eenklais.<\/p>\n<p data-start=\"2654\" data-end=\"2671\"><strong data-start=\"2654\" data-end=\"2664\">T\u016bris:<\/strong> 178 ml<\/p>\n","protected":false},"excerpt":{"rendered":"<p data-start=\"2787\" data-end=\"2817\">\u0160viesinamasis veido prausiklis<\/p>\n<h2 data-start=\"2819\" data-end=\"2869\"><strong data-start=\"2819\" data-end=\"2869\">Dermaquest &#8211; MelaQuest Facial Cleanser Savyb\u0117s<\/strong><\/h2>\n<p data-start=\"2871\" data-end=\"3078\">\u2714\ufe0f \u0160velniai ir veiksmingai valo od\u0105<br data-start=\"2906\" data-end=\"2909\" \/>\u2714\ufe0f Padeda pagerinti odos skaistum\u0105 ir atspalv\u012f<br data-start=\"2955\" data-end=\"2958\" \/>\u2714\ufe0f Paruo\u0161ia od\u0105 \u0161viesinan\u010diai prie\u017ei\u016brai<br data-start=\"2998\" data-end=\"3001\" \/>\u2714\ufe0f Nei\u0161sausina odos ir palaiko balans\u0105<br data-start=\"3039\" data-end=\"3042\" \/>\u2714\ufe0f Palieka od\u0105 gaivi\u0105 ir \u0161vytin\u010di\u0105<\/p>\n","protected":false},"featured_media":76243,"template":"","meta":[],"pwb-brand":[1258],"product_brand":[],"product_cat":[752,718],"product_tag":[],"giftcard-category":[],"class_list":{"0":"post-76449","1":"product","2":"type-product","3":"status-publish","4":"has-post-thumbnail","6":"pwb-brand-dermaquest","7":"product_cat-pigmentacija-lt","8":"product_cat-valymas","10":"first","11":"instock","12":"taxable","13":"shipping-taxable","14":"purchasable","15":"product-type-simple"},"acf":[],"brands":[{"id":1258,"name":"Dermaquest","slug":"dermaquest"}],"_links":{"self":[{"href":"https:\/\/skinstudio.ee\/lt\/wp-json\/wp\/v2\/product\/76449","targetHints":{"allow":["GET"]}}],"collection":[{"href":"https:\/\/skinstudio.ee\/lt\/wp-json\/wp\/v2\/product"}],"about":[{"href":"https:\/\/skinstudio.ee\/lt\/wp-json\/wp\/v2\/types\/product"}],"version-history":[{"count":1,"href":"https:\/\/skinstudio.ee\/lt\/wp-json\/wp\/v2\/product\/76449\/revisions"}],"predecessor-version":[{"id":76450,"href":"https:\/\/skinstudio.ee\/lt\/wp-json\/wp\/v2\/product\/76449\/revisions\/76450"}],"wp:featuredmedia":[{"embeddable":true,"href":"https:\/\/skinstudio.ee\/lt\/wp-json\/wp\/v2\/media\/76243"}],"wp:attachment":[{"href":"https:\/\/skinstudio.ee\/lt\/wp-json\/wp\/v2\/media?parent=76449"}],"wp:term":[{"taxonomy":"pwb-brand","embeddable":true,"href":"https:\/\/skinstudio.ee\/lt\/wp-json\/wp\/v2\/pwb-brand?post=76449"},{"taxonomy":"product_brand","embeddable":true,"href":"https:\/\/skinstudio.ee\/lt\/wp-json\/wp\/v2\/product_brand?post=76449"},{"taxonomy":"product_cat","embeddable":true,"href":"https:\/\/skinstudio.ee\/lt\/wp-json\/wp\/v2\/product_cat?post=76449"},{"taxonomy":"product_tag","embeddable":true,"href":"https:\/\/skinstudio.ee\/lt\/wp-json\/wp\/v2\/product_tag?post=76449"},{"taxonomy":"giftcard-category","embeddable":true,"href":"https:\/\/skinstudio.ee\/lt\/wp-json\/wp\/v2\/giftcard-category?post=76449"}],"curies":[{"name":"wp","href":"https:\/\/api.w.org\/{rel}","templated":true}]}}