{"id":76463,"date":"2025-07-29T12:40:43","date_gmt":"2025-07-29T12:40:43","guid":{"rendered":"https:\/\/skinstudio.ee\/?post_type=product&#038;p=76463"},"modified":"2026-01-28T14:15:59","modified_gmt":"2026-01-28T14:15:59","slug":"c-infusion-lip-hydrator","status":"publish","type":"product","link":"https:\/\/skinstudio.ee\/lt\/catalog\/dermaquest\/c-infusion-lip-hydrator\/","title":{"rendered":"C Infusion Lip Hydrator"},"content":{"rendered":"<p data-start=\"1471\" data-end=\"1685\"><strong data-start=\"1471\" data-end=\"1513\">C Infusion Lip Hydrator nuo Dermaquest<\/strong> yra atnaujinanti ir intensyviai dr\u0117kinanti l\u016bp\u0173 prie\u017ei\u016bros priemon\u0117, skirta apsaugoti jautri\u0105 l\u016bp\u0173 od\u0105 nuo aplinkos poveikio ir pad\u0117ti suma\u017einti matomus sen\u0117jimo po\u017eymius.<\/p>\n<p data-start=\"1687\" data-end=\"1970\">Formul\u0117 su vitaminu C, vitaminu E, peptidais ir ubichinonu padeda pagerinti l\u016bp\u0173 odos b\u016bkl\u0119, suteikdama joms glotnesn\u0119, mink\u0161tesn\u0119 ir vizualiai pilnesn\u0119 i\u0161vaizd\u0105. Reguliariai naudojant l\u016bpos atrodo labiau pamaitintos, pri\u017ei\u016br\u0117tos ir geriau apsaugotos nuo sausumo bei dr\u0117gm\u0117s tr\u016bkumo.<\/p>\n<p data-start=\"1972\" data-end=\"2014\"><strong data-start=\"1972\" data-end=\"2014\">Pagrindini\u0173 sudedam\u0173j\u0173 dali\u0173 poveikis:<\/strong><\/p>\n<p data-start=\"2016\" data-end=\"2274\"><strong data-start=\"2016\" data-end=\"2032\">Vitaminas C:<\/strong> suteikia antioksidacin\u0119 apsaug\u0105 ir padeda pagerinti l\u016bp\u0173 glotnum\u0105.<br data-start=\"2099\" data-end=\"2102\" \/><strong data-start=\"2102\" data-end=\"2118\">Vitaminas E:<\/strong> padeda mink\u0161tinti l\u016bpas ir apsaugoti jas nuo i\u0161saus\u0117jimo.<br data-start=\"2176\" data-end=\"2179\" \/><strong data-start=\"2179\" data-end=\"2207\">Peptidai ir ubichinonas:<\/strong> padeda pagerinti l\u016bp\u0173 tekst\u016br\u0105 ir palaiko jaunatvi\u0161kesn\u0119 i\u0161vaizd\u0105.<\/p>\n<p data-start=\"2276\" data-end=\"2345\">Tinka sausoms, dehidratuotoms l\u016bpoms ir l\u016bpoms su sen\u0117jimo po\u017eymiais.<\/p>\n<p data-start=\"2347\" data-end=\"2363\"><strong data-start=\"2347\" data-end=\"2357\">T\u016bris:<\/strong> 15 ml<\/p>\n","protected":false},"excerpt":{"rendered":"<p data-start=\"2464\" data-end=\"2499\">Intensyviai dr\u0117kinantis l\u016bp\u0173 kremas<\/p>\n<h2 data-start=\"2501\" data-end=\"2549\"><strong data-start=\"2501\" data-end=\"2549\">Dermaquest &#8211; C Infusion Lip Hydrator Savyb\u0117s<\/strong><\/h2>\n<p data-start=\"2551\" data-end=\"2762\">\u2714\ufe0f Intensyviai dr\u0117kina ir mink\u0161tina l\u016bpas<br data-start=\"2592\" data-end=\"2595\" \/>\u2714\ufe0f Suteikia antioksidacin\u0119 apsaug\u0105<br data-start=\"2629\" data-end=\"2632\" \/>\u2714\ufe0f Padeda suma\u017einti sausum\u0105 ir pleiskanojim\u0105<br data-start=\"2676\" data-end=\"2679\" \/>\u2714\ufe0f Padaro l\u016bpas glotnesnes ir labiau pri\u017ei\u016br\u0117tas<br data-start=\"2727\" data-end=\"2730\" \/>\u2714\ufe0f Tinka kasdieniam naudojimui<\/p>\n","protected":false},"featured_media":76250,"template":"","meta":[],"pwb-brand":[1258],"product_brand":[],"product_cat":[760],"product_tag":[],"giftcard-category":[],"class_list":{"0":"post-76463","1":"product","2":"type-product","3":"status-publish","4":"has-post-thumbnail","6":"pwb-brand-dermaquest","7":"product_cat-lupu-prieziura","9":"first","10":"instock","11":"taxable","12":"shipping-taxable","13":"purchasable","14":"product-type-simple"},"acf":[],"brands":[{"id":1258,"name":"Dermaquest","slug":"dermaquest"}],"_links":{"self":[{"href":"https:\/\/skinstudio.ee\/lt\/wp-json\/wp\/v2\/product\/76463","targetHints":{"allow":["GET"]}}],"collection":[{"href":"https:\/\/skinstudio.ee\/lt\/wp-json\/wp\/v2\/product"}],"about":[{"href":"https:\/\/skinstudio.ee\/lt\/wp-json\/wp\/v2\/types\/product"}],"version-history":[{"count":1,"href":"https:\/\/skinstudio.ee\/lt\/wp-json\/wp\/v2\/product\/76463\/revisions"}],"predecessor-version":[{"id":76464,"href":"https:\/\/skinstudio.ee\/lt\/wp-json\/wp\/v2\/product\/76463\/revisions\/76464"}],"wp:featuredmedia":[{"embeddable":true,"href":"https:\/\/skinstudio.ee\/lt\/wp-json\/wp\/v2\/media\/76250"}],"wp:attachment":[{"href":"https:\/\/skinstudio.ee\/lt\/wp-json\/wp\/v2\/media?parent=76463"}],"wp:term":[{"taxonomy":"pwb-brand","embeddable":true,"href":"https:\/\/skinstudio.ee\/lt\/wp-json\/wp\/v2\/pwb-brand?post=76463"},{"taxonomy":"product_brand","embeddable":true,"href":"https:\/\/skinstudio.ee\/lt\/wp-json\/wp\/v2\/product_brand?post=76463"},{"taxonomy":"product_cat","embeddable":true,"href":"https:\/\/skinstudio.ee\/lt\/wp-json\/wp\/v2\/product_cat?post=76463"},{"taxonomy":"product_tag","embeddable":true,"href":"https:\/\/skinstudio.ee\/lt\/wp-json\/wp\/v2\/product_tag?post=76463"},{"taxonomy":"giftcard-category","embeddable":true,"href":"https:\/\/skinstudio.ee\/lt\/wp-json\/wp\/v2\/giftcard-category?post=76463"}],"curies":[{"name":"wp","href":"https:\/\/api.w.org\/{rel}","templated":true}]}}