{"id":76472,"date":"2025-07-29T12:40:18","date_gmt":"2025-07-29T12:40:18","guid":{"rendered":"https:\/\/skinstudio.ee\/?post_type=product&#038;p=76472"},"modified":"2026-01-28T14:15:59","modified_gmt":"2026-01-28T14:15:59","slug":"advanced-c-infusion-moisturiser","status":"publish","type":"product","link":"https:\/\/skinstudio.ee\/lt\/catalog\/dermaquest\/advanced-c-infusion-moisturiser\/","title":{"rendered":"Advanced C Infusion Moisturiser"},"content":{"rendered":"<p data-start=\"1652\" data-end=\"1851\"><strong data-start=\"1652\" data-end=\"1702\">Advanced C Infusion Moisturiser nuo Dermaquest<\/strong> yra greitai \u012fsigeriantis, daugiafunkcis vitamino C serumas, skirtas atkurti odos spindes\u012f, suvienodinti atspalv\u012f ir apsaugoti od\u0105 nuo fotopa\u017eeidim\u0173.<\/p>\n<p data-start=\"1853\" data-end=\"2149\">Formul\u0117 su 10% THD askorbatu ir citrusini\u0173 vaisi\u0173 kamienin\u0117mis l\u0105stel\u0117mis padeda \u0161viesinti od\u0105, pagerinti jos atspalv\u012f ir suma\u017einti aplinkos poveikio sukeltus padarinius. Serumas palaiko odos apsaugin\u012f barjer\u0105, intensyviai dr\u0117kina ir suteikia odai gaivesn\u0119, lygesn\u0119 bei labiau \u0161vytin\u010di\u0105 i\u0161vaizd\u0105.<\/p>\n<p data-start=\"2151\" data-end=\"2278\">Tai pradinio lygio vitamino C serumas, idealiai tinkantis atkurti sveik\u0105 spindes\u012f ir tolyg\u0173 atspalv\u012f be dirginimo ar perkrovos.<\/p>\n<p data-start=\"2280\" data-end=\"2322\"><strong data-start=\"2280\" data-end=\"2322\">Pagrindini\u0173 sudedam\u0173j\u0173 dali\u0173 poveikis:<\/strong><\/p>\n<p data-start=\"2324\" data-end=\"2648\"><strong data-start=\"2324\" data-end=\"2348\">THD Ascorbate (10%):<\/strong> padeda \u0161viesinti od\u0105, suvienodinti atspalv\u012f ir suteikia antioksidacin\u0119 apsaug\u0105.<br data-start=\"2428\" data-end=\"2431\" \/><strong data-start=\"2431\" data-end=\"2473\">Citrusini\u0173 vaisi\u0173 kamienin\u0117s l\u0105stel\u0117s:<\/strong> padeda pagerinti odos i\u0161vaizd\u0105 ir apsaugoti j\u0105 nuo fotopa\u017eeidim\u0173.<br data-start=\"2539\" data-end=\"2542\" \/><strong data-start=\"2542\" data-end=\"2564\">Hialurono r\u016bg\u0161tis:<\/strong> padeda palaikyti dr\u0117gm\u0117s lyg\u012f ir suteikia odai glotnesn\u0119 bei elastingesn\u0119 i\u0161vaizd\u0105.<\/p>\n<p data-start=\"2650\" data-end=\"2752\">Tinka vis\u0173 tip\u0173 odai, ypa\u010d blankiai, dehidratuotai odai ir odai su ankstyvais fotopa\u017eeidimo po\u017eymiais.<\/p>\n<p data-start=\"2754\" data-end=\"2770\"><strong data-start=\"2754\" data-end=\"2764\">T\u016bris:<\/strong> 30 ml<\/p>\n","protected":false},"excerpt":{"rendered":"<p data-start=\"2873\" data-end=\"2897\">Vitamino C veido serumas<\/p>\n<h2 data-start=\"2899\" data-end=\"2955\"><strong data-start=\"2899\" data-end=\"2955\">Dermaquest &#8211; Advanced C Infusion Moisturiser Savyb\u0117s<\/strong><\/h2>\n<p data-start=\"2957\" data-end=\"3162\">\u2714\ufe0f \u0160viesina od\u0105 ir gerina jos atspalv\u012f<br data-start=\"2995\" data-end=\"2998\" \/>\u2714\ufe0f Intensyviai dr\u0117kina ir atkuria spindes\u012f<br data-start=\"3040\" data-end=\"3043\" \/>\u2714\ufe0f Suteikia antioksidacin\u0119 apsaug\u0105<br data-start=\"3077\" data-end=\"3080\" \/>\u2714\ufe0f Palaiko odos apsaugin\u012f barjer\u0105<br data-start=\"3113\" data-end=\"3116\" \/>\u2714\ufe0f Padaro od\u0105 glotnesn\u0119 ir labiau pri\u017ei\u016br\u0117t\u0105<\/p>\n","protected":false},"featured_media":76256,"template":"","meta":[],"pwb-brand":[1258],"product_brand":[],"product_cat":[738,752,730],"product_tag":[],"giftcard-category":[],"class_list":{"0":"post-76472","1":"product","2":"type-product","3":"status-publish","4":"has-post-thumbnail","6":"pwb-brand-dermaquest","7":"product_cat-drekinimas","8":"product_cat-pigmentacija-lt","9":"product_cat-vitaminas-c","11":"first","12":"instock","13":"taxable","14":"shipping-taxable","15":"purchasable","16":"product-type-simple"},"acf":[],"brands":[{"id":1258,"name":"Dermaquest","slug":"dermaquest"}],"_links":{"self":[{"href":"https:\/\/skinstudio.ee\/lt\/wp-json\/wp\/v2\/product\/76472","targetHints":{"allow":["GET"]}}],"collection":[{"href":"https:\/\/skinstudio.ee\/lt\/wp-json\/wp\/v2\/product"}],"about":[{"href":"https:\/\/skinstudio.ee\/lt\/wp-json\/wp\/v2\/types\/product"}],"version-history":[{"count":1,"href":"https:\/\/skinstudio.ee\/lt\/wp-json\/wp\/v2\/product\/76472\/revisions"}],"predecessor-version":[{"id":76473,"href":"https:\/\/skinstudio.ee\/lt\/wp-json\/wp\/v2\/product\/76472\/revisions\/76473"}],"wp:featuredmedia":[{"embeddable":true,"href":"https:\/\/skinstudio.ee\/lt\/wp-json\/wp\/v2\/media\/76256"}],"wp:attachment":[{"href":"https:\/\/skinstudio.ee\/lt\/wp-json\/wp\/v2\/media?parent=76472"}],"wp:term":[{"taxonomy":"pwb-brand","embeddable":true,"href":"https:\/\/skinstudio.ee\/lt\/wp-json\/wp\/v2\/pwb-brand?post=76472"},{"taxonomy":"product_brand","embeddable":true,"href":"https:\/\/skinstudio.ee\/lt\/wp-json\/wp\/v2\/product_brand?post=76472"},{"taxonomy":"product_cat","embeddable":true,"href":"https:\/\/skinstudio.ee\/lt\/wp-json\/wp\/v2\/product_cat?post=76472"},{"taxonomy":"product_tag","embeddable":true,"href":"https:\/\/skinstudio.ee\/lt\/wp-json\/wp\/v2\/product_tag?post=76472"},{"taxonomy":"giftcard-category","embeddable":true,"href":"https:\/\/skinstudio.ee\/lt\/wp-json\/wp\/v2\/giftcard-category?post=76472"}],"curies":[{"name":"wp","href":"https:\/\/api.w.org\/{rel}","templated":true}]}}