{"id":76479,"date":"2025-07-29T12:39:41","date_gmt":"2025-07-29T12:39:41","guid":{"rendered":"https:\/\/skinstudio.ee\/?post_type=product&#038;p=76479"},"modified":"2026-01-28T14:15:59","modified_gmt":"2026-01-28T14:15:59","slug":"c-infusion-eye-cream","status":"publish","type":"product","link":"https:\/\/skinstudio.ee\/lt\/catalog\/dermaquest\/c-infusion-eye-cream\/","title":{"rendered":"C Infusion Eye Cream"},"content":{"rendered":"<p data-start=\"1491\" data-end=\"1685\"><strong data-start=\"1491\" data-end=\"1530\">C Infusion Eye Cream nuo Dermaquest<\/strong> yra pa\u017eangus antioksidacinis paaki\u0173 kremas, skirtas ma\u017einti rauk\u0161les, \u201e\u017e\u0105s\u0173 p\u0117dutes\u201c, tamsius ratilus, paburkim\u0105 ir odos stangrumo praradim\u0105 aki\u0173 srityje.<\/p>\n<p data-start=\"1687\" data-end=\"1947\">Formul\u0117 su vitaminu C, citrusini\u0173 vaisi\u0173 kamienin\u0117mis l\u0105stel\u0117mis, hialurono r\u016bg\u0161timi ir stangrinan\u010diais peptidais padeda pastebimai i\u0161lyginti od\u0105, pagerinti jos tank\u012f ir elastingum\u0105, pa\u0161viesinti aki\u0173 srit\u012f ir suteikti \u017evilgsniui gaivesn\u0119, pails\u0117jusi\u0105 i\u0161vaizd\u0105.<\/p>\n<p data-start=\"1949\" data-end=\"2033\">Reguliariai naudojant oda aplink akis atrodo lygesn\u0117, stangresn\u0117 ir labiau \u0161vytinti.<\/p>\n<p data-start=\"2035\" data-end=\"2077\"><strong data-start=\"2035\" data-end=\"2077\">Pagrindini\u0173 sudedam\u0173j\u0173 dali\u0173 poveikis:<\/strong><\/p>\n<p data-start=\"2079\" data-end=\"2403\"><strong data-start=\"2079\" data-end=\"2123\">Vitaminas C (Tetrahexyldecyl Ascorbate):<\/strong> padeda \u0161viesinti od\u0105, suteikia antioksidacin\u0119 apsaug\u0105 ir palaiko stangrum\u0105.<br data-start=\"2199\" data-end=\"2202\" \/><strong data-start=\"2202\" data-end=\"2244\">Citrusini\u0173 vaisi\u0173 kamienin\u0117s l\u0105stel\u0117s:<\/strong> padeda pagerinti odos i\u0161vaizd\u0105 ir apsaugoti j\u0105 nuo fotopa\u017eeidim\u0173.<br data-start=\"2310\" data-end=\"2313\" \/><strong data-start=\"2313\" data-end=\"2335\">Hialurono r\u016bg\u0161tis:<\/strong> intensyviai dr\u0117kina ir suteikia odai lygesn\u0119 bei putlesn\u0119 i\u0161vaizd\u0105.<\/p>\n<p data-start=\"2405\" data-end=\"2501\">Tinka vis\u0173 tip\u0173 odai, ypa\u010d aki\u0173 sri\u010diai su rauk\u0161l\u0117mis, tamsiais ratilais ir nuovargio po\u017eymiais.<\/p>\n<p data-start=\"2503\" data-end=\"2519\"><strong data-start=\"2503\" data-end=\"2513\">T\u016bris:<\/strong> 15 ml<\/p>\n","protected":false},"excerpt":{"rendered":"<p data-start=\"2587\" data-end=\"2614\">Paaki\u0173 kremas su vitaminu C<\/p>\n<h2 data-start=\"2616\" data-end=\"2661\"><strong data-start=\"2616\" data-end=\"2661\">Dermaquest &#8211; C Infusion Eye Cream Savyb\u0117s<\/strong><\/h2>\n<p data-start=\"2663\" data-end=\"2892\">\u2714\ufe0f \u0160viesina aki\u0173 srit\u012f ir ma\u017eina tamsius ratilus<br data-start=\"2711\" data-end=\"2714\" \/>\u2714\ufe0f Gerina odos stangrum\u0105 ir tank\u012f<br data-start=\"2747\" data-end=\"2750\" \/>\u2714\ufe0f I\u0161lygina rauk\u0161les ir \u201e\u017e\u0105s\u0173 p\u0117dutes\u201c<br data-start=\"2788\" data-end=\"2791\" \/>\u2714\ufe0f Ma\u017eina paburkim\u0105 ir nuovargio po\u017eymius<br data-start=\"2832\" data-end=\"2835\" \/>\u2714\ufe0f Suteikia \u017evilgsniui gaivesn\u0119 ir pails\u0117jusi\u0105 i\u0161vaizd\u0105<\/p>\n","protected":false},"featured_media":76262,"template":"","meta":[],"pwb-brand":[1258],"product_brand":[],"product_cat":[734,730],"product_tag":[],"giftcard-category":[],"class_list":{"0":"post-76479","1":"product","2":"type-product","3":"status-publish","4":"has-post-thumbnail","6":"pwb-brand-dermaquest","7":"product_cat-oda-aplink-akis","8":"product_cat-vitaminas-c","10":"first","11":"instock","12":"taxable","13":"shipping-taxable","14":"purchasable","15":"product-type-simple"},"acf":[],"brands":[{"id":1258,"name":"Dermaquest","slug":"dermaquest"}],"_links":{"self":[{"href":"https:\/\/skinstudio.ee\/lt\/wp-json\/wp\/v2\/product\/76479","targetHints":{"allow":["GET"]}}],"collection":[{"href":"https:\/\/skinstudio.ee\/lt\/wp-json\/wp\/v2\/product"}],"about":[{"href":"https:\/\/skinstudio.ee\/lt\/wp-json\/wp\/v2\/types\/product"}],"version-history":[{"count":1,"href":"https:\/\/skinstudio.ee\/lt\/wp-json\/wp\/v2\/product\/76479\/revisions"}],"predecessor-version":[{"id":76480,"href":"https:\/\/skinstudio.ee\/lt\/wp-json\/wp\/v2\/product\/76479\/revisions\/76480"}],"wp:featuredmedia":[{"embeddable":true,"href":"https:\/\/skinstudio.ee\/lt\/wp-json\/wp\/v2\/media\/76262"}],"wp:attachment":[{"href":"https:\/\/skinstudio.ee\/lt\/wp-json\/wp\/v2\/media?parent=76479"}],"wp:term":[{"taxonomy":"pwb-brand","embeddable":true,"href":"https:\/\/skinstudio.ee\/lt\/wp-json\/wp\/v2\/pwb-brand?post=76479"},{"taxonomy":"product_brand","embeddable":true,"href":"https:\/\/skinstudio.ee\/lt\/wp-json\/wp\/v2\/product_brand?post=76479"},{"taxonomy":"product_cat","embeddable":true,"href":"https:\/\/skinstudio.ee\/lt\/wp-json\/wp\/v2\/product_cat?post=76479"},{"taxonomy":"product_tag","embeddable":true,"href":"https:\/\/skinstudio.ee\/lt\/wp-json\/wp\/v2\/product_tag?post=76479"},{"taxonomy":"giftcard-category","embeddable":true,"href":"https:\/\/skinstudio.ee\/lt\/wp-json\/wp\/v2\/giftcard-category?post=76479"}],"curies":[{"name":"wp","href":"https:\/\/api.w.org\/{rel}","templated":true}]}}