{"id":76486,"date":"2025-07-29T12:38:48","date_gmt":"2025-07-29T12:38:48","guid":{"rendered":"https:\/\/skinstudio.ee\/?post_type=product&#038;p=76486"},"modified":"2026-01-28T14:16:00","modified_gmt":"2026-01-28T14:16:00","slug":"phytic-infusion-c-serum","status":"publish","type":"product","link":"https:\/\/skinstudio.ee\/lt\/catalog\/dermaquest\/phytic-infusion-c-serum\/","title":{"rendered":"Phytic Infusion + C Serum"},"content":{"rendered":"<p data-start=\"1637\" data-end=\"1986\"><strong data-start=\"1637\" data-end=\"1681\">Phytic Infusion + C Serum nuo Dermaquest<\/strong> yra antioksidacinis serumas, skirtas odos \u0161viesinimui, apsaugai nuo fot sen\u0117jimo ir odos atspalvio suvienodinimui. Formul\u0117 sujungia 8% stabilizuotos askorbo r\u016bg\u0161ties, 2% fitino r\u016bg\u0161ties ir augalinius antioksidantus, kurie padeda neutralizuoti laisvuosius radikalus ir suma\u017einti neigiam\u0105 aplinkos poveik\u012f.<\/p>\n<p data-start=\"1988\" data-end=\"2201\">Serumas padeda suma\u017einti rauk\u0161li\u0173 ir pigmentacijos matomum\u0105, suteikdamas odai tolygesn\u0119, gaivesn\u0119 ir labiau \u0161vytin\u010di\u0105 i\u0161vaizd\u0105. Reguliariai naudojant oda atrodo lygesn\u0117, labiau pri\u017ei\u016br\u0117ta ir pastebimai skaistesn\u0117.<\/p>\n<p data-start=\"2203\" data-end=\"2245\"><strong data-start=\"2203\" data-end=\"2245\">Pagrindini\u0173 sudedam\u0173j\u0173 dali\u0173 poveikis:<\/strong><\/p>\n<p data-start=\"2247\" data-end=\"2559\"><strong data-start=\"2247\" data-end=\"2284\">Vitaminas C (8% askorbo r\u016bg\u0161tis):<\/strong> padeda \u0161viesinti od\u0105, suvienodinti atspalv\u012f ir suteikia antioksidacin\u0119 apsaug\u0105.<br data-start=\"2364\" data-end=\"2367\" \/><strong data-start=\"2367\" data-end=\"2391\">Fitino r\u016bg\u0161tis (2%):<\/strong> \u0161velniai atnaujina od\u0105 ir padeda ma\u017einti pigmentacijos matomum\u0105.<br data-start=\"2456\" data-end=\"2459\" \/><strong data-start=\"2459\" data-end=\"2488\">Ginkgo biloba ekstraktas:<\/strong> padeda apsaugoti od\u0105 nuo oksidacinio streso ir prie\u0161laikinio sen\u0117jimo.<\/p>\n<p data-start=\"2561\" data-end=\"2661\">Tinka vis\u0173 tip\u0173 odai, ypa\u010d blankiai odai, odai su pigmentacija ir ankstyvais fot sen\u0117jimo po\u017eymiais.<\/p>\n<p data-start=\"2663\" data-end=\"2679\"><strong data-start=\"2663\" data-end=\"2673\">T\u016bris:<\/strong> 30 ml<\/p>\n","protected":false},"excerpt":{"rendered":"<p data-start=\"2797\" data-end=\"2843\">Veido serumas su vitaminu C ir fitino r\u016bg\u0161timi<\/p>\n<h2 data-start=\"2845\" data-end=\"2895\"><strong data-start=\"2845\" data-end=\"2895\">Dermaquest &#8211; Phytic Infusion + C Serum Savyb\u0117s<\/strong><\/h2>\n<p data-start=\"2897\" data-end=\"3109\">\u2714\ufe0f \u0160viesina od\u0105 ir suvienodina jos atspalv\u012f<br data-start=\"2940\" data-end=\"2943\" \/>\u2714\ufe0f Padeda suma\u017einti pigmentacijos matomum\u0105<br data-start=\"2985\" data-end=\"2988\" \/>\u2714\ufe0f Suteikia antioksidacin\u0119 apsaug\u0105<br data-start=\"3022\" data-end=\"3025\" \/>\u2714\ufe0f Padeda kovoti su fot sen\u0117jimo po\u017eymiais<br data-start=\"3067\" data-end=\"3070\" \/>\u2714\ufe0f Suteikia odai skaistumo ir gaivumo<\/p>\n","protected":false},"featured_media":76268,"template":"","meta":[],"pwb-brand":[1258],"product_brand":[],"product_cat":[752,724,730],"product_tag":[],"giftcard-category":[],"class_list":{"0":"post-76486","1":"product","2":"type-product","3":"status-publish","4":"has-post-thumbnail","6":"pwb-brand-dermaquest","7":"product_cat-pigmentacija-lt","8":"product_cat-serumai","9":"product_cat-vitaminas-c","11":"first","12":"instock","13":"taxable","14":"shipping-taxable","15":"purchasable","16":"product-type-simple"},"acf":[],"brands":[{"id":1258,"name":"Dermaquest","slug":"dermaquest"}],"_links":{"self":[{"href":"https:\/\/skinstudio.ee\/lt\/wp-json\/wp\/v2\/product\/76486","targetHints":{"allow":["GET"]}}],"collection":[{"href":"https:\/\/skinstudio.ee\/lt\/wp-json\/wp\/v2\/product"}],"about":[{"href":"https:\/\/skinstudio.ee\/lt\/wp-json\/wp\/v2\/types\/product"}],"version-history":[{"count":1,"href":"https:\/\/skinstudio.ee\/lt\/wp-json\/wp\/v2\/product\/76486\/revisions"}],"predecessor-version":[{"id":76487,"href":"https:\/\/skinstudio.ee\/lt\/wp-json\/wp\/v2\/product\/76486\/revisions\/76487"}],"wp:featuredmedia":[{"embeddable":true,"href":"https:\/\/skinstudio.ee\/lt\/wp-json\/wp\/v2\/media\/76268"}],"wp:attachment":[{"href":"https:\/\/skinstudio.ee\/lt\/wp-json\/wp\/v2\/media?parent=76486"}],"wp:term":[{"taxonomy":"pwb-brand","embeddable":true,"href":"https:\/\/skinstudio.ee\/lt\/wp-json\/wp\/v2\/pwb-brand?post=76486"},{"taxonomy":"product_brand","embeddable":true,"href":"https:\/\/skinstudio.ee\/lt\/wp-json\/wp\/v2\/product_brand?post=76486"},{"taxonomy":"product_cat","embeddable":true,"href":"https:\/\/skinstudio.ee\/lt\/wp-json\/wp\/v2\/product_cat?post=76486"},{"taxonomy":"product_tag","embeddable":true,"href":"https:\/\/skinstudio.ee\/lt\/wp-json\/wp\/v2\/product_tag?post=76486"},{"taxonomy":"giftcard-category","embeddable":true,"href":"https:\/\/skinstudio.ee\/lt\/wp-json\/wp\/v2\/giftcard-category?post=76486"}],"curies":[{"name":"wp","href":"https:\/\/api.w.org\/{rel}","templated":true}]}}