{"id":76493,"date":"2025-07-29T12:36:09","date_gmt":"2025-07-29T12:36:09","guid":{"rendered":"https:\/\/skinstudio.ee\/?post_type=product&#038;p=76493"},"modified":"2026-01-28T14:15:59","modified_gmt":"2026-01-28T14:15:59","slug":"ferulic-infusion-c-serum","status":"publish","type":"product","link":"https:\/\/skinstudio.ee\/lt\/catalog\/dermaquest\/ferulic-infusion-c-serum\/","title":{"rendered":"Ferulic Infusion + C Serum"},"content":{"rendered":"<p data-start=\"1681\" data-end=\"2041\"><strong data-start=\"1681\" data-end=\"1726\">Ferulic Infusion + C Serum nuo Dermaquest<\/strong> yra galingas antioksidacinis serumas, skirtas apsaugoti od\u0105 nuo fotosen\u0117jimo, pagerinti odos atspalv\u012f ir padidinti stangrum\u0105. Formul\u0117 sujungia gryn\u0105, stabil\u0173 vitamin\u0105 C, vitamin\u0105 E, ferulo r\u016bg\u0161t\u012f ir augalinius antioksidantus, kurie padeda neutralizuoti laisvuosius radikalus ir suma\u017einti neigiam\u0105 aplinkos poveik\u012f.<\/p>\n<p data-start=\"2043\" data-end=\"2266\">Serumas padeda suma\u017einti tiek smulkias, tiek gilesnes rauk\u0161les, gerina odos elastingum\u0105, suvienodina odos atspalv\u012f ir padeda ma\u017einti pigmentacij\u0105. Reguliariai naudojant oda atrodo lygesn\u0117, stangresn\u0117 ir pastebimai \u0161vytinti.<\/p>\n<p data-start=\"2268\" data-end=\"2310\"><strong data-start=\"2268\" data-end=\"2310\">Pagrindini\u0173 sudedam\u0173j\u0173 dali\u0173 poveikis:<\/strong><\/p>\n<p data-start=\"2312\" data-end=\"2605\"><strong data-start=\"2312\" data-end=\"2346\">Vitaminas C (askorbo r\u016bg\u0161tis):<\/strong> padeda \u0161viesinti od\u0105, suvienodinti atspalv\u012f ir skatina kolageno gamyb\u0105.<br data-start=\"2418\" data-end=\"2421\" \/><strong data-start=\"2421\" data-end=\"2440\">Ferulo r\u016bg\u0161tis:<\/strong> sustiprina antioksidacin\u0119 apsaug\u0105 ir padeda kovoti su fotosen\u0117jimo po\u017eymiais.<br data-start=\"2518\" data-end=\"2521\" \/><strong data-start=\"2521\" data-end=\"2537\">Vitaminas E:<\/strong> palaiko odos apsaugin\u012f barjer\u0105 ir padeda ma\u017einti oksidacin\u012f stres\u0105.<\/p>\n<p data-start=\"2607\" data-end=\"2704\">Tinka vis\u0173 tip\u0173 odai, ypa\u010d odai su fotosen\u0117jimo po\u017eymiais, pigmentacija ir suma\u017e\u0117jusiu stangrumu.<\/p>\n<p data-start=\"2706\" data-end=\"2722\"><strong data-start=\"2706\" data-end=\"2716\">T\u016bris:<\/strong> 30 ml<\/p>\n","protected":false},"excerpt":{"rendered":"<p data-start=\"2840\" data-end=\"2886\">Veido serumas su vitaminu C ir ferulo r\u016bg\u0161timi<\/p>\n<h2 data-start=\"2888\" data-end=\"2939\"><strong data-start=\"2888\" data-end=\"2939\">Dermaquest &#8211; Ferulic Infusion + C Serum Savyb\u0117s<\/strong><\/h2>\n<p data-start=\"2941\" data-end=\"3167\">\u2714\ufe0f Suteikia galing\u0105 antioksidacin\u0119 apsaug\u0105<br data-start=\"2983\" data-end=\"2986\" \/>\u2714\ufe0f \u0160viesina od\u0105 ir suvienodina jos atspalv\u012f<br data-start=\"3029\" data-end=\"3032\" \/>\u2714\ufe0f Padeda ma\u017einti rauk\u0161les ir fotosen\u0117jimo po\u017eymius<br data-start=\"3083\" data-end=\"3086\" \/>\u2714\ufe0f Gerina odos stangrum\u0105 ir elastingum\u0105<br data-start=\"3125\" data-end=\"3128\" \/>\u2714\ufe0f Suteikia odai skaistumo ir gaivumo<\/p>\n","protected":false},"featured_media":76356,"template":"","meta":[],"pwb-brand":[1258],"product_brand":[],"product_cat":[724,730],"product_tag":[],"giftcard-category":[],"class_list":{"0":"post-76493","1":"product","2":"type-product","3":"status-publish","4":"has-post-thumbnail","6":"pwb-brand-dermaquest","7":"product_cat-serumai","8":"product_cat-vitaminas-c","10":"first","11":"instock","12":"taxable","13":"shipping-taxable","14":"purchasable","15":"product-type-simple"},"acf":[],"brands":[{"id":1258,"name":"Dermaquest","slug":"dermaquest"}],"_links":{"self":[{"href":"https:\/\/skinstudio.ee\/lt\/wp-json\/wp\/v2\/product\/76493","targetHints":{"allow":["GET"]}}],"collection":[{"href":"https:\/\/skinstudio.ee\/lt\/wp-json\/wp\/v2\/product"}],"about":[{"href":"https:\/\/skinstudio.ee\/lt\/wp-json\/wp\/v2\/types\/product"}],"version-history":[{"count":1,"href":"https:\/\/skinstudio.ee\/lt\/wp-json\/wp\/v2\/product\/76493\/revisions"}],"predecessor-version":[{"id":76494,"href":"https:\/\/skinstudio.ee\/lt\/wp-json\/wp\/v2\/product\/76493\/revisions\/76494"}],"wp:featuredmedia":[{"embeddable":true,"href":"https:\/\/skinstudio.ee\/lt\/wp-json\/wp\/v2\/media\/76356"}],"wp:attachment":[{"href":"https:\/\/skinstudio.ee\/lt\/wp-json\/wp\/v2\/media?parent=76493"}],"wp:term":[{"taxonomy":"pwb-brand","embeddable":true,"href":"https:\/\/skinstudio.ee\/lt\/wp-json\/wp\/v2\/pwb-brand?post=76493"},{"taxonomy":"product_brand","embeddable":true,"href":"https:\/\/skinstudio.ee\/lt\/wp-json\/wp\/v2\/product_brand?post=76493"},{"taxonomy":"product_cat","embeddable":true,"href":"https:\/\/skinstudio.ee\/lt\/wp-json\/wp\/v2\/product_cat?post=76493"},{"taxonomy":"product_tag","embeddable":true,"href":"https:\/\/skinstudio.ee\/lt\/wp-json\/wp\/v2\/product_tag?post=76493"},{"taxonomy":"giftcard-category","embeddable":true,"href":"https:\/\/skinstudio.ee\/lt\/wp-json\/wp\/v2\/giftcard-category?post=76493"}],"curies":[{"name":"wp","href":"https:\/\/api.w.org\/{rel}","templated":true}]}}