{"id":76502,"date":"2025-07-29T12:35:35","date_gmt":"2025-07-29T12:35:35","guid":{"rendered":"https:\/\/skinstudio.ee\/?post_type=product&#038;p=76502"},"modified":"2026-01-28T14:15:59","modified_gmt":"2026-01-28T14:15:59","slug":"advanced-b5-with-ferulic-acid","status":"publish","type":"product","link":"https:\/\/skinstudio.ee\/lt\/catalog\/dermaquest\/advanced-b5-with-ferulic-acid\/","title":{"rendered":"Advanced B5 with Ferulic Acid"},"content":{"rendered":"<p data-start=\"2179\" data-end=\"2586\">Advanced B5 with Ferulic Acid nuo Dermaquest \u2013 tai lengvas, klini\u0161kai patvirtintas dr\u0117kinamasis serumas, kuriame derinamas provitaminas B5, ferulo r\u016bg\u0161tis ir skirtingos molekulin\u0117s mas\u0117s hialurono r\u016bg\u0161tis, siekiant suteikti tiek gil\u0173 dr\u0117kinim\u0105, tiek stipri\u0105 antioksidacin\u0119 apsaug\u0105. Formul\u0117 padeda stiprinti odos apsaugin\u012f barjer\u0105, gerina elastingum\u0105 ir gr\u0105\u017eina odai lygesn\u0119, gaivesn\u0119 bei \u0161vytin\u010di\u0105 i\u0161vaizd\u0105.<\/p>\n<p data-start=\"2588\" data-end=\"2800\">Serumas pastebimai gerina odos dr\u0117gm\u0117s lyg\u012f, didina jos elastingum\u0105, ma\u017eina tempimo poj\u016bt\u012f ir padeda apsaugoti od\u0105 nuo aplinkos poveikio. Reguliariai naudojant oda atrodo sveikesn\u0117, putlesn\u0117 ir labiau pri\u017ei\u016br\u0117ta.<\/p>\n<p data-start=\"2802\" data-end=\"2849\"><strong data-start=\"2802\" data-end=\"2849\">Pagrindini\u0173 aktyvi\u0173j\u0173 ingredient\u0173 poveikis:<\/strong><\/p>\n<p data-start=\"2851\" data-end=\"3207\"><strong data-start=\"2851\" data-end=\"2884\">Provitaminas B5 (pantenolis):<\/strong> intensyviai dr\u0117kina, ramina od\u0105 ir padeda atkurti odos barjer\u0105.<br data-start=\"2948\" data-end=\"2951\" \/><strong data-start=\"2951\" data-end=\"2970\">Ferulo r\u016bg\u0161tis:<\/strong> suteikia antioksidacin\u0119 apsaug\u0105 ir padeda apsaugoti od\u0105 nuo \u017ealingo aplinkos poveikio.<br data-start=\"3057\" data-end=\"3060\" \/><strong data-start=\"3060\" data-end=\"3112\">Hialurono r\u016bg\u0161tis (skirting\u0173 molekulini\u0173 masi\u0173):<\/strong> dr\u0117kina tiek odos pavir\u0161i\u0173, tiek gilesnius sluoksnius, gerindama odos glotnum\u0105 ir elastingum\u0105.<\/p>\n<p data-start=\"3209\" data-end=\"3280\">Tinka vis\u0173 tip\u0173 odai, ypa\u010d dehidratuotai, jautriai ir pavargusiai odai.<\/p>\n<p data-start=\"3282\" data-end=\"3302\"><strong data-start=\"3282\" data-end=\"3292\">T\u016bris:<\/strong> <strong data-start=\"3293\" data-end=\"3302\">30 ml<\/strong><\/p>\n","protected":false},"excerpt":{"rendered":"<p data-start=\"3419\" data-end=\"3466\">Veido serumas su vitaminu B5 ir ferulo r\u016bg\u0161timi<\/p>\n<h2 data-start=\"3468\" data-end=\"3522\"><strong data-start=\"3468\" data-end=\"3522\">Dermaquest &#8211; Advanced B5 with Ferulic Acid Savyb\u0117s<\/strong><\/h2>\n<p data-start=\"3524\" data-end=\"3728\">\u2714\ufe0f Intensyviai dr\u0117kina ir \u0161alina dehidratacij\u0105<br data-start=\"3570\" data-end=\"3573\" \/>\u2714\ufe0f Stiprina odos barjer\u0105 ir gerina elastingum\u0105<br data-start=\"3619\" data-end=\"3622\" \/>\u2714\ufe0f Suteikia antioksidacin\u0119 apsaug\u0105<br data-start=\"3656\" data-end=\"3659\" \/>\u2714\ufe0f Padaro od\u0105 lygesn\u0119 ir \u0161vytin\u010di\u0105<br data-start=\"3693\" data-end=\"3696\" \/>\u2714\ufe0f Tinka kasdieniam naudojimui<\/p>\n","protected":false},"featured_media":76275,"template":"","meta":[],"pwb-brand":[1258],"product_brand":[],"product_cat":[724,730],"product_tag":[],"giftcard-category":[],"class_list":{"0":"post-76502","1":"product","2":"type-product","3":"status-publish","4":"has-post-thumbnail","6":"pwb-brand-dermaquest","7":"product_cat-serumai","8":"product_cat-vitaminas-c","10":"first","11":"instock","12":"taxable","13":"shipping-taxable","14":"purchasable","15":"product-type-simple"},"acf":[],"brands":[{"id":1258,"name":"Dermaquest","slug":"dermaquest"}],"_links":{"self":[{"href":"https:\/\/skinstudio.ee\/lt\/wp-json\/wp\/v2\/product\/76502","targetHints":{"allow":["GET"]}}],"collection":[{"href":"https:\/\/skinstudio.ee\/lt\/wp-json\/wp\/v2\/product"}],"about":[{"href":"https:\/\/skinstudio.ee\/lt\/wp-json\/wp\/v2\/types\/product"}],"version-history":[{"count":1,"href":"https:\/\/skinstudio.ee\/lt\/wp-json\/wp\/v2\/product\/76502\/revisions"}],"predecessor-version":[{"id":76503,"href":"https:\/\/skinstudio.ee\/lt\/wp-json\/wp\/v2\/product\/76502\/revisions\/76503"}],"wp:featuredmedia":[{"embeddable":true,"href":"https:\/\/skinstudio.ee\/lt\/wp-json\/wp\/v2\/media\/76275"}],"wp:attachment":[{"href":"https:\/\/skinstudio.ee\/lt\/wp-json\/wp\/v2\/media?parent=76502"}],"wp:term":[{"taxonomy":"pwb-brand","embeddable":true,"href":"https:\/\/skinstudio.ee\/lt\/wp-json\/wp\/v2\/pwb-brand?post=76502"},{"taxonomy":"product_brand","embeddable":true,"href":"https:\/\/skinstudio.ee\/lt\/wp-json\/wp\/v2\/product_brand?post=76502"},{"taxonomy":"product_cat","embeddable":true,"href":"https:\/\/skinstudio.ee\/lt\/wp-json\/wp\/v2\/product_cat?post=76502"},{"taxonomy":"product_tag","embeddable":true,"href":"https:\/\/skinstudio.ee\/lt\/wp-json\/wp\/v2\/product_tag?post=76502"},{"taxonomy":"giftcard-category","embeddable":true,"href":"https:\/\/skinstudio.ee\/lt\/wp-json\/wp\/v2\/giftcard-category?post=76502"}],"curies":[{"name":"wp","href":"https:\/\/api.w.org\/{rel}","templated":true}]}}