{"id":76509,"date":"2025-07-29T12:35:01","date_gmt":"2025-07-29T12:35:01","guid":{"rendered":"https:\/\/skinstudio.ee\/?post_type=product&#038;p=76509"},"modified":"2026-01-28T14:15:59","modified_gmt":"2026-01-28T14:15:59","slug":"advanced-dermaclear-serum","status":"publish","type":"product","link":"https:\/\/skinstudio.ee\/lt\/catalog\/dermaquest\/advanced-dermaclear-serum\/","title":{"rendered":"Advanced DermaClear Serum"},"content":{"rendered":"<p data-start=\"1503\" data-end=\"1836\"><strong data-start=\"1503\" data-end=\"1547\">Advanced DermaClear Serum nuo Dermaquest<\/strong> \u2013 tai itin lengvas serumas \u012f spuogus linkusiai odai, kuris padeda greitai suma\u017einti u\u017edegimus, i\u0161valyti poras ir subalansuoti riebal\u0173 i\u0161siskyrim\u0105. Formul\u0117 veikia keliais lygiais: \u0161velniai eksfolijuoja, ma\u017eina riebum\u0105 ir silpnina i\u0161orini\u0173 veiksni\u0173 poveik\u012f, kurie skatina b\u0117rim\u0173 atsiradim\u0105.<\/p>\n<p data-start=\"1838\" data-end=\"2008\">Reguliariai naudojant oda tampa pastebimai \u0161varesn\u0117, ramesn\u0117 ir lygesn\u0117. Ma\u017e\u0117ja por\u0173 matomumas, o odos tekst\u016bra atrodo glotnesn\u0117 ir labiau pri\u017ei\u016br\u0117ta, be sunkumo poj\u016b\u010dio.<\/p>\n<p data-start=\"2010\" data-end=\"2057\"><strong data-start=\"2010\" data-end=\"2057\">Pagrindini\u0173 aktyvi\u0173j\u0173 ingredient\u0173 poveikis:<\/strong><\/p>\n<p data-start=\"2059\" data-end=\"2338\"><strong data-start=\"2059\" data-end=\"2080\">Azelaino r\u016bg\u0161tis:<\/strong> padeda ma\u017einti u\u017edegimus, suvienodina odos ton\u0105 ir ma\u017eina b\u0117rimus.<br data-start=\"2147\" data-end=\"2150\" \/><strong data-start=\"2150\" data-end=\"2171\">Glikolio r\u016bg\u0161tis:<\/strong> \u0161velniai eksfolijuoja, padeda i\u0161valyti poras ir skatina odos atsinaujinim\u0105.<br data-start=\"2247\" data-end=\"2250\" \/><strong data-start=\"2250\" data-end=\"2267\">Niacinamidas:<\/strong> reguliuoja riebal\u0173 i\u0161siskyrim\u0105, ramina od\u0105 ir gerina jos bendr\u0105 b\u016bkl\u0119.<\/p>\n<p data-start=\"2340\" data-end=\"2406\">Tinka riebiai ir mi\u0161riai odai, taip pat odai, linkusiai \u012f b\u0117rimus.<\/p>\n<p data-start=\"2408\" data-end=\"2428\"><strong data-start=\"2408\" data-end=\"2418\">T\u016bris:<\/strong> <strong data-start=\"2419\" data-end=\"2428\">30 ml<\/strong><\/p>\n","protected":false},"excerpt":{"rendered":"<p data-start=\"2527\" data-end=\"2554\">Pa\u017eangus serumas nuo b\u0117rim\u0173<\/p>\n<h2 data-start=\"2556\" data-end=\"2606\"><strong data-start=\"2556\" data-end=\"2606\">Dermaquest &#8211; Advanced DermaClear Serum Savyb\u0117s<\/strong><\/h2>\n<p data-start=\"2608\" data-end=\"2796\">\u2714\ufe0f Ma\u017eina u\u017edegimus ir b\u0117rim\u0173 kiek\u012f<br data-start=\"2643\" data-end=\"2646\" \/>\u2714\ufe0f I\u0161valo poras ir ma\u017eina j\u0173 matomum\u0105<br data-start=\"2683\" data-end=\"2686\" \/>\u2714\ufe0f Subalansuoja riebal\u0173 i\u0161siskyrim\u0105<br data-start=\"2721\" data-end=\"2724\" \/>\u2714\ufe0f Gerina odos tekst\u016br\u0105 ir ton\u0105<br data-start=\"2755\" data-end=\"2758\" \/>\u2714\ufe0f Lengva formul\u0117 be sunkumo poj\u016b\u010dio<\/p>\n","protected":false},"featured_media":76290,"template":"","meta":[],"pwb-brand":[1258],"product_brand":[],"product_cat":[742,744,724,748],"product_tag":[],"giftcard-category":[],"class_list":{"0":"post-76509","1":"product","2":"type-product","3":"status-publish","4":"has-post-thumbnail","6":"pwb-brand-dermaquest","7":"product_cat-berimai","8":"product_cat-issipletusios-poros","9":"product_cat-serumai","10":"product_cat-taukainai-adai-lt","12":"first","13":"instock","14":"taxable","15":"shipping-taxable","16":"purchasable","17":"product-type-simple"},"acf":[],"brands":[{"id":1258,"name":"Dermaquest","slug":"dermaquest"}],"_links":{"self":[{"href":"https:\/\/skinstudio.ee\/lt\/wp-json\/wp\/v2\/product\/76509","targetHints":{"allow":["GET"]}}],"collection":[{"href":"https:\/\/skinstudio.ee\/lt\/wp-json\/wp\/v2\/product"}],"about":[{"href":"https:\/\/skinstudio.ee\/lt\/wp-json\/wp\/v2\/types\/product"}],"version-history":[{"count":1,"href":"https:\/\/skinstudio.ee\/lt\/wp-json\/wp\/v2\/product\/76509\/revisions"}],"predecessor-version":[{"id":76510,"href":"https:\/\/skinstudio.ee\/lt\/wp-json\/wp\/v2\/product\/76509\/revisions\/76510"}],"wp:featuredmedia":[{"embeddable":true,"href":"https:\/\/skinstudio.ee\/lt\/wp-json\/wp\/v2\/media\/76290"}],"wp:attachment":[{"href":"https:\/\/skinstudio.ee\/lt\/wp-json\/wp\/v2\/media?parent=76509"}],"wp:term":[{"taxonomy":"pwb-brand","embeddable":true,"href":"https:\/\/skinstudio.ee\/lt\/wp-json\/wp\/v2\/pwb-brand?post=76509"},{"taxonomy":"product_brand","embeddable":true,"href":"https:\/\/skinstudio.ee\/lt\/wp-json\/wp\/v2\/product_brand?post=76509"},{"taxonomy":"product_cat","embeddable":true,"href":"https:\/\/skinstudio.ee\/lt\/wp-json\/wp\/v2\/product_cat?post=76509"},{"taxonomy":"product_tag","embeddable":true,"href":"https:\/\/skinstudio.ee\/lt\/wp-json\/wp\/v2\/product_tag?post=76509"},{"taxonomy":"giftcard-category","embeddable":true,"href":"https:\/\/skinstudio.ee\/lt\/wp-json\/wp\/v2\/giftcard-category?post=76509"}],"curies":[{"name":"wp","href":"https:\/\/api.w.org\/{rel}","templated":true}]}}