{"id":76516,"date":"2025-07-29T12:34:35","date_gmt":"2025-07-29T12:34:35","guid":{"rendered":"https:\/\/skinstudio.ee\/?post_type=product&#038;p=76516"},"modified":"2026-01-28T14:15:59","modified_gmt":"2026-01-28T14:15:59","slug":"dermaclear-mask","status":"publish","type":"product","link":"https:\/\/skinstudio.ee\/lt\/catalog\/dermaquest\/dermaclear-mask\/","title":{"rendered":"DermaClear Mask"},"content":{"rendered":"<div class=\"product-info__description\">\n<div class=\"prose\">\n<p data-start=\"1582\" data-end=\"1870\"><strong data-start=\"1582\" data-end=\"1616\">DermaClear Mask nuo Dermaquest<\/strong> \u2013 tai valomoji kauk\u0117 \u012f spuogus linkusiai odai, padedanti ma\u017einti u\u017edegimus, i\u0161valyti poras ir pagerinti bendr\u0105 odos b\u016bkl\u0119. Formul\u0117 sujungia valant\u012f, riebal\u0173 i\u0161siskyrim\u0105 reguliuojant\u012f ir raminant\u012f poveik\u012f, tod\u0117l oda atrodo \u0161varesn\u0117, ramesn\u0117 ir tolygesn\u0117.<\/p>\n<p data-start=\"1872\" data-end=\"2028\">Reguliariai naudojant oda tampa ma\u017eiau riebi, suma\u017e\u0117ja paraudimas ir b\u0117rim\u0173 kiekis, o odos tekst\u016bra atrodo lygesn\u0117 ir labiau pri\u017ei\u016br\u0117ta, be sausumo poj\u016b\u010dio.<\/p>\n<p data-start=\"2030\" data-end=\"2077\"><strong data-start=\"2030\" data-end=\"2077\">Pagrindini\u0173 aktyvi\u0173j\u0173 ingredient\u0173 poveikis:<\/strong><\/p>\n<p data-start=\"2079\" data-end=\"2354\"><strong data-start=\"2079\" data-end=\"2100\">Salicilo r\u016bg\u0161tis:<\/strong> padeda i\u0161valyti poras, ma\u017einti u\u017edegimus ir u\u017ekirsti keli\u0105 naujiems b\u0117rimams.<br data-start=\"2178\" data-end=\"2181\" \/><strong data-start=\"2181\" data-end=\"2199\">Kaolino molis:<\/strong> sugeria riebal\u0173 pertekli\u0173, giliai valo od\u0105 ir ma\u017eina blizges\u012f.<br data-start=\"2262\" data-end=\"2265\" \/><strong data-start=\"2265\" data-end=\"2299\">Augalin\u0117s kamienin\u0117s l\u0105stel\u0117s:<\/strong> palaiko odos atsinaujinim\u0105 ir gerina jos bendr\u0105 b\u016bkl\u0119.<\/p>\n<p data-start=\"2356\" data-end=\"2422\">Tinka riebiai ir mi\u0161riai odai, taip pat odai, linkusiai \u012f b\u0117rimus.<\/p>\n<p data-start=\"2424\" data-end=\"2444\"><strong data-start=\"2424\" data-end=\"2434\">T\u016bris:<\/strong> <strong data-start=\"2435\" data-end=\"2444\">60 ml<\/strong><\/p>\n<\/div>\n<\/div>\n","protected":false},"excerpt":{"rendered":"<p data-start=\"2607\" data-end=\"2646\">Valomoji kauk\u0117 \u012f spuogus linkusiai odai<\/p>\n<h2 data-start=\"2648\" data-end=\"2688\"><strong data-start=\"2648\" data-end=\"2688\">Dermaquest &#8211; DermaClear Mask Savyb\u0117s<\/strong><\/h2>\n<p data-start=\"2690\" data-end=\"2876\">\u2714\ufe0f I\u0161valo poras ir ma\u017eina riebum\u0105<br data-start=\"2723\" data-end=\"2726\" \/>\u2714\ufe0f Padeda suma\u017einti b\u0117rimus ir paraudim\u0105<br data-start=\"2766\" data-end=\"2769\" \/>\u2714\ufe0f Ramina od\u0105 ir gerina jos tekst\u016br\u0105<br data-start=\"2805\" data-end=\"2808\" \/>\u2714\ufe0f Padaro od\u0105 matin\u0119 ir \u0161varesn\u0119<br data-start=\"2840\" data-end=\"2843\" \/>\u2714\ufe0f Tinka reguliariam naudojimui<\/p>\n","protected":false},"featured_media":76296,"template":"","meta":[],"pwb-brand":[1258],"product_brand":[],"product_cat":[742,744,726,748],"product_tag":[],"giftcard-category":[],"class_list":{"0":"post-76516","1":"product","2":"type-product","3":"status-publish","4":"has-post-thumbnail","6":"pwb-brand-dermaquest","7":"product_cat-berimai","8":"product_cat-issipletusios-poros","9":"product_cat-maskas-lt","10":"product_cat-taukainai-adai-lt","12":"first","13":"instock","14":"taxable","15":"shipping-taxable","16":"purchasable","17":"product-type-simple"},"acf":[],"brands":[{"id":1258,"name":"Dermaquest","slug":"dermaquest"}],"_links":{"self":[{"href":"https:\/\/skinstudio.ee\/lt\/wp-json\/wp\/v2\/product\/76516","targetHints":{"allow":["GET"]}}],"collection":[{"href":"https:\/\/skinstudio.ee\/lt\/wp-json\/wp\/v2\/product"}],"about":[{"href":"https:\/\/skinstudio.ee\/lt\/wp-json\/wp\/v2\/types\/product"}],"version-history":[{"count":1,"href":"https:\/\/skinstudio.ee\/lt\/wp-json\/wp\/v2\/product\/76516\/revisions"}],"predecessor-version":[{"id":76517,"href":"https:\/\/skinstudio.ee\/lt\/wp-json\/wp\/v2\/product\/76516\/revisions\/76517"}],"wp:featuredmedia":[{"embeddable":true,"href":"https:\/\/skinstudio.ee\/lt\/wp-json\/wp\/v2\/media\/76296"}],"wp:attachment":[{"href":"https:\/\/skinstudio.ee\/lt\/wp-json\/wp\/v2\/media?parent=76516"}],"wp:term":[{"taxonomy":"pwb-brand","embeddable":true,"href":"https:\/\/skinstudio.ee\/lt\/wp-json\/wp\/v2\/pwb-brand?post=76516"},{"taxonomy":"product_brand","embeddable":true,"href":"https:\/\/skinstudio.ee\/lt\/wp-json\/wp\/v2\/product_brand?post=76516"},{"taxonomy":"product_cat","embeddable":true,"href":"https:\/\/skinstudio.ee\/lt\/wp-json\/wp\/v2\/product_cat?post=76516"},{"taxonomy":"product_tag","embeddable":true,"href":"https:\/\/skinstudio.ee\/lt\/wp-json\/wp\/v2\/product_tag?post=76516"},{"taxonomy":"giftcard-category","embeddable":true,"href":"https:\/\/skinstudio.ee\/lt\/wp-json\/wp\/v2\/giftcard-category?post=76516"}],"curies":[{"name":"wp","href":"https:\/\/api.w.org\/{rel}","templated":true}]}}