{"id":76523,"date":"2025-07-29T12:33:39","date_gmt":"2025-07-29T12:33:39","guid":{"rendered":"https:\/\/skinstudio.ee\/?post_type=product&#038;p=76523"},"modified":"2026-01-28T14:15:59","modified_gmt":"2026-01-28T14:15:59","slug":"b5-moisture-matte","status":"publish","type":"product","link":"https:\/\/skinstudio.ee\/lt\/catalog\/dermaquest\/b5-moisture-matte\/","title":{"rendered":"B5 Moisture Matte"},"content":{"rendered":"<p data-start=\"1468\" data-end=\"1770\"><strong data-start=\"1468\" data-end=\"1504\">B5 Moisture Matte nuo Dermaquest<\/strong> \u2013 tai lengvas dr\u0117kinamasis serumas mi\u0161riai ir riebiai odai, suteikiantis komforti\u0161k\u0105 dr\u0117kinim\u0105 be blizgesio ir sunkumo poj\u016b\u010dio. Formul\u0117 padeda ma\u017einti paraudim\u0105, suma\u017einti por\u0173 matomum\u0105 ir subalansuoti riebal\u0173 i\u0161siskyrim\u0105, i\u0161laikant od\u0105 gaivi\u0105 ir matin\u0119 vis\u0105 dien\u0105.<\/p>\n<p data-start=\"1772\" data-end=\"1949\">Reguliariai naudojant oda tampa labiau subalansuota, dienos metu ma\u017eiau riebi ir lygesn\u0117 lie\u010diant. Serumas padeda palaikyti optimal\u0173 dr\u0117gm\u0117s lyg\u012f ir gerina bendr\u0105 odos i\u0161vaizd\u0105.<\/p>\n<p data-start=\"1951\" data-end=\"1998\"><strong data-start=\"1951\" data-end=\"1998\">Pagrindini\u0173 aktyvi\u0173j\u0173 ingredient\u0173 poveikis:<\/strong><\/p>\n<p data-start=\"2000\" data-end=\"2358\"><strong data-start=\"2000\" data-end=\"2033\">Provitaminas B5 (pantenolis):<\/strong> intensyviai dr\u0117kina, ramina od\u0105 ir palaiko apsaugin\u012f barjer\u0105.<br data-start=\"2095\" data-end=\"2098\" \/><strong data-start=\"2098\" data-end=\"2120\">Hialurono r\u016bg\u0161tis:<\/strong> padeda i\u0161laikyti dr\u0117gm\u0119 ir gerina odos glotnum\u0105 bei elastingum\u0105.<br data-start=\"2249\" data-end=\"2252\" \/><strong data-start=\"2252\" data-end=\"2282\">Alyv\u0173 kamienin\u0117s l\u0105stel\u0117s:<\/strong> padeda pagerinti por\u0173 i\u0161vaizd\u0105 ir suteikia \u0161varesn\u012f, tolygesn\u012f odos vaizd\u0105.<\/p>\n<p data-start=\"2360\" data-end=\"2451\">Tinka mi\u0161riai ir riebiai odai, linkusiai blizg\u0117ti, su i\u0161sipl\u0117tusiomis poromis ir paraudimu.<\/p>\n<p data-start=\"2453\" data-end=\"2473\"><strong data-start=\"2453\" data-end=\"2463\">T\u016bris:<\/strong> <strong data-start=\"2464\" data-end=\"2473\">30 ml<\/strong><\/p>\n","protected":false},"excerpt":{"rendered":"<p data-start=\"2560\" data-end=\"2581\">Matizuojantis serumas<\/p>\n<h2 data-start=\"2583\" data-end=\"2625\"><strong data-start=\"2583\" data-end=\"2625\">Dermaquest &#8211; B5 Moisture Matte Savyb\u0117s<\/strong><\/h2>\n<p data-start=\"2627\" data-end=\"2801\">\u2714\ufe0f Dr\u0117kina be sunkumo poj\u016b\u010dio<br data-start=\"2656\" data-end=\"2659\" \/>\u2714\ufe0f Ma\u017eina blizges\u012f ir matizuoja od\u0105<br data-start=\"2694\" data-end=\"2697\" \/>\u2714\ufe0f Padeda suma\u017einti por\u0173 matomum\u0105<br data-start=\"2730\" data-end=\"2733\" \/>\u2714\ufe0f Ramina od\u0105 ir ma\u017eina paraudim\u0105<br data-start=\"2766\" data-end=\"2769\" \/>\u2714\ufe0f Tinka kasdieniam naudojimui<\/p>\n","protected":false},"featured_media":76302,"template":"","meta":[],"pwb-brand":[1258],"product_brand":[],"product_cat":[742,744,724,748],"product_tag":[],"giftcard-category":[],"class_list":{"0":"post-76523","1":"product","2":"type-product","3":"status-publish","4":"has-post-thumbnail","6":"pwb-brand-dermaquest","7":"product_cat-berimai","8":"product_cat-issipletusios-poros","9":"product_cat-serumai","10":"product_cat-taukainai-adai-lt","12":"first","13":"instock","14":"taxable","15":"shipping-taxable","16":"purchasable","17":"product-type-simple"},"acf":[],"brands":[{"id":1258,"name":"Dermaquest","slug":"dermaquest"}],"_links":{"self":[{"href":"https:\/\/skinstudio.ee\/lt\/wp-json\/wp\/v2\/product\/76523","targetHints":{"allow":["GET"]}}],"collection":[{"href":"https:\/\/skinstudio.ee\/lt\/wp-json\/wp\/v2\/product"}],"about":[{"href":"https:\/\/skinstudio.ee\/lt\/wp-json\/wp\/v2\/types\/product"}],"version-history":[{"count":1,"href":"https:\/\/skinstudio.ee\/lt\/wp-json\/wp\/v2\/product\/76523\/revisions"}],"predecessor-version":[{"id":76524,"href":"https:\/\/skinstudio.ee\/lt\/wp-json\/wp\/v2\/product\/76523\/revisions\/76524"}],"wp:featuredmedia":[{"embeddable":true,"href":"https:\/\/skinstudio.ee\/lt\/wp-json\/wp\/v2\/media\/76302"}],"wp:attachment":[{"href":"https:\/\/skinstudio.ee\/lt\/wp-json\/wp\/v2\/media?parent=76523"}],"wp:term":[{"taxonomy":"pwb-brand","embeddable":true,"href":"https:\/\/skinstudio.ee\/lt\/wp-json\/wp\/v2\/pwb-brand?post=76523"},{"taxonomy":"product_brand","embeddable":true,"href":"https:\/\/skinstudio.ee\/lt\/wp-json\/wp\/v2\/product_brand?post=76523"},{"taxonomy":"product_cat","embeddable":true,"href":"https:\/\/skinstudio.ee\/lt\/wp-json\/wp\/v2\/product_cat?post=76523"},{"taxonomy":"product_tag","embeddable":true,"href":"https:\/\/skinstudio.ee\/lt\/wp-json\/wp\/v2\/product_tag?post=76523"},{"taxonomy":"giftcard-category","embeddable":true,"href":"https:\/\/skinstudio.ee\/lt\/wp-json\/wp\/v2\/giftcard-category?post=76523"}],"curies":[{"name":"wp","href":"https:\/\/api.w.org\/{rel}","templated":true}]}}