{"id":76530,"date":"2025-07-29T12:33:07","date_gmt":"2025-07-29T12:33:07","guid":{"rendered":"https:\/\/skinstudio.ee\/?post_type=product&#038;p=76530"},"modified":"2026-01-28T14:16:00","modified_gmt":"2026-01-28T14:16:00","slug":"universal-clarifying-pads","status":"publish","type":"product","link":"https:\/\/skinstudio.ee\/lt\/catalog\/dermaquest\/universal-clarifying-pads\/","title":{"rendered":"Universal Clarifying Pads"},"content":{"rendered":"<p data-start=\"1703\" data-end=\"2039\"><strong data-start=\"1703\" data-end=\"1747\">Universal Clarifying Pads nuo Dermaquest<\/strong> \u2013 tai stipraus poveikio r\u016bg\u0161tiniai valomieji diskeliai, padedantys ma\u017einti b\u0117rimus ir pigmentacijos po\u017eymius bei gerinti bendr\u0105 odos ton\u0105 ir tekst\u016br\u0105. Formul\u0117 sujungia AHA ir BHA r\u016bg\u0161tis su \u0161viesinan\u010diomis med\u017eiagomis, u\u017etikrindama \u0161veln\u0173, bet veiksming\u0105 odos atnaujinim\u0105 be sunkumo poj\u016b\u010dio.<\/p>\n<p data-start=\"2041\" data-end=\"2178\">Reguliariai naudojant oda tampa lygesn\u0117, \u0161varesn\u0117 ir skaistesn\u0117, suma\u017e\u0117ja riebus blizgesys, o veido tonas atrodo tolygesnis ir gaivesnis.<\/p>\n<p data-start=\"2180\" data-end=\"2227\"><strong data-start=\"2180\" data-end=\"2227\">Pagrindini\u0173 aktyvi\u0173j\u0173 ingredient\u0173 poveikis:<\/strong><\/p>\n<p data-start=\"2229\" data-end=\"2490\"><strong data-start=\"2229\" data-end=\"2250\">Salicilo r\u016bg\u0161tis:<\/strong> padeda i\u0161valyti poras, ma\u017einti u\u017edegimus ir u\u017ekirsti keli\u0105 naujiems b\u0117rimams.<br data-start=\"2328\" data-end=\"2331\" \/><strong data-start=\"2331\" data-end=\"2353\">Migdolin\u0117 r\u016bg\u0161tis:<\/strong> \u0161velniai eksfolijuoja, glotnina tekst\u016br\u0105 ir gerina odos ton\u0105.<br data-start=\"2415\" data-end=\"2418\" \/><strong data-start=\"2418\" data-end=\"2437\">Fitino r\u016bg\u0161tis:<\/strong> padeda \u0161viesinti od\u0105 ir saugo nuo aplinkos poveikio.<\/p>\n<p data-start=\"2492\" data-end=\"2580\">Tinka riebiai, mi\u0161riai ir probleminei odai, taip pat odai su netolygiu tonu ir tekst\u016bra.<\/p>\n<p data-start=\"2582\" data-end=\"2608\"><strong data-start=\"2582\" data-end=\"2592\">T\u016bris:<\/strong> <strong data-start=\"2593\" data-end=\"2608\">50 diskeli\u0173<\/strong><\/p>\n","protected":false},"excerpt":{"rendered":"<p data-start=\"2821\" data-end=\"2851\">R\u016bg\u0161tiniai valomieji diskeliai<\/p>\n<h2 data-start=\"2853\" data-end=\"2903\"><strong data-start=\"2853\" data-end=\"2903\">Dermaquest &#8211; Universal Clarifying Pads Savyb\u0117s<\/strong><\/h2>\n<p data-start=\"2905\" data-end=\"3091\">\u2714\ufe0f I\u0161valo poras ir padeda ma\u017einti b\u0117rimus<br data-start=\"2946\" data-end=\"2949\" \/>\u2714\ufe0f \u0160velniai eksfolijuoja ir atnaujina od\u0105<br data-start=\"2990\" data-end=\"2993\" \/>\u2714\ufe0f Gerina odos ton\u0105 ir tekst\u016br\u0105<br data-start=\"3024\" data-end=\"3027\" \/>\u2714\ufe0f Ma\u017eina rieb\u0173 blizges\u012f<br data-start=\"3051\" data-end=\"3054\" \/>\u2714\ufe0f Padaro od\u0105 lygesn\u0119 ir skaistesn\u0119<\/p>\n","protected":false},"featured_media":76308,"template":"","meta":[],"pwb-brand":[1258],"product_brand":[],"product_cat":[742,744,752,748,722],"product_tag":[],"giftcard-category":[],"class_list":{"0":"post-76530","1":"product","2":"type-product","3":"status-publish","4":"has-post-thumbnail","6":"pwb-brand-dermaquest","7":"product_cat-berimai","8":"product_cat-issipletusios-poros","9":"product_cat-pigmentacija-lt","10":"product_cat-taukainai-adai-lt","11":"product_cat-toneriai","13":"first","14":"instock","15":"taxable","16":"shipping-taxable","17":"purchasable","18":"product-type-simple"},"acf":[],"brands":[{"id":1258,"name":"Dermaquest","slug":"dermaquest"}],"_links":{"self":[{"href":"https:\/\/skinstudio.ee\/lt\/wp-json\/wp\/v2\/product\/76530","targetHints":{"allow":["GET"]}}],"collection":[{"href":"https:\/\/skinstudio.ee\/lt\/wp-json\/wp\/v2\/product"}],"about":[{"href":"https:\/\/skinstudio.ee\/lt\/wp-json\/wp\/v2\/types\/product"}],"version-history":[{"count":1,"href":"https:\/\/skinstudio.ee\/lt\/wp-json\/wp\/v2\/product\/76530\/revisions"}],"predecessor-version":[{"id":76531,"href":"https:\/\/skinstudio.ee\/lt\/wp-json\/wp\/v2\/product\/76530\/revisions\/76531"}],"wp:featuredmedia":[{"embeddable":true,"href":"https:\/\/skinstudio.ee\/lt\/wp-json\/wp\/v2\/media\/76308"}],"wp:attachment":[{"href":"https:\/\/skinstudio.ee\/lt\/wp-json\/wp\/v2\/media?parent=76530"}],"wp:term":[{"taxonomy":"pwb-brand","embeddable":true,"href":"https:\/\/skinstudio.ee\/lt\/wp-json\/wp\/v2\/pwb-brand?post=76530"},{"taxonomy":"product_brand","embeddable":true,"href":"https:\/\/skinstudio.ee\/lt\/wp-json\/wp\/v2\/product_brand?post=76530"},{"taxonomy":"product_cat","embeddable":true,"href":"https:\/\/skinstudio.ee\/lt\/wp-json\/wp\/v2\/product_cat?post=76530"},{"taxonomy":"product_tag","embeddable":true,"href":"https:\/\/skinstudio.ee\/lt\/wp-json\/wp\/v2\/product_tag?post=76530"},{"taxonomy":"giftcard-category","embeddable":true,"href":"https:\/\/skinstudio.ee\/lt\/wp-json\/wp\/v2\/giftcard-category?post=76530"}],"curies":[{"name":"wp","href":"https:\/\/api.w.org\/{rel}","templated":true}]}}