{"id":76537,"date":"2025-07-29T12:31:45","date_gmt":"2025-07-29T12:31:45","guid":{"rendered":"https:\/\/skinstudio.ee\/?post_type=product&#038;p=76537"},"modified":"2026-01-28T14:15:59","modified_gmt":"2026-01-28T14:15:59","slug":"glyco-gel-cleanser","status":"publish","type":"product","link":"https:\/\/skinstudio.ee\/lt\/catalog\/dermaquest\/glyco-gel-cleanser\/","title":{"rendered":"Glyco Gel Cleanser"},"content":{"rendered":"<p data-start=\"1506\" data-end=\"1784\"><strong data-start=\"1506\" data-end=\"1543\">Glyco Gel Cleanser nuo Dermaquest<\/strong> \u2013 tai valomasis gelis, padedantis pagerinti odos ton\u0105 ir tekst\u016br\u0105 bei u\u017etikrinantis gil\u0173, bet \u0161veln\u0173 valym\u0105. Formul\u0117 su glikolio r\u016bg\u0161timi \u0161velniai atnaujina od\u0105, pa\u0161alina ne\u0161varumus ir riebal\u0173 pertekli\u0173, palikdama od\u0105 lygesn\u0119 ir skaistesn\u0119.<\/p>\n<p data-start=\"1786\" data-end=\"1927\">Reguliariai naudojant oda atrodo \u0161varesn\u0117, gaivesn\u0117 ir tolygesn\u0117, poros tampa ma\u017eiau matomos, o odos tekst\u016bra \u2013 lygesn\u0117 ir labiau pri\u017ei\u016br\u0117ta.<\/p>\n<p data-start=\"1929\" data-end=\"1976\"><strong data-start=\"1929\" data-end=\"1976\">Pagrindini\u0173 aktyvi\u0173j\u0173 ingredient\u0173 poveikis:<\/strong><\/p>\n<p data-start=\"1978\" data-end=\"2219\"><strong data-start=\"1978\" data-end=\"1999\">Glikolio r\u016bg\u0161tis:<\/strong> \u0161velniai eksfolijuoja, gerina odos tekst\u016br\u0105 ir suvienodina ton\u0105.<br data-start=\"2064\" data-end=\"2067\" \/><strong data-start=\"2067\" data-end=\"2085\">Pieno r\u016bg\u0161tis:<\/strong> palaiko odos atsinaujinim\u0105 ir padeda i\u0161laikyti glotnum\u0105.<br data-start=\"2142\" data-end=\"2145\" \/><strong data-start=\"2145\" data-end=\"2168\">Alavijo ekstraktas:<\/strong> ramina od\u0105 ir padeda i\u0161laikyti komfort\u0105 po valymo.<\/p>\n<p data-start=\"2221\" data-end=\"2324\">Tinka normaliai, mi\u0161riai ir riebiai odai, taip pat odai su netolygiu reljefu ir papilk\u0117jusiu atspalviu.<\/p>\n<p data-start=\"2326\" data-end=\"2347\"><strong data-start=\"2326\" data-end=\"2336\">T\u016bris:<\/strong> <strong data-start=\"2337\" data-end=\"2347\">178 ml<\/strong><\/p>\n","protected":false},"excerpt":{"rendered":"<p data-start=\"2520\" data-end=\"2541\">Valomasis veido gelis<\/p>\n<h2 data-start=\"2543\" data-end=\"2586\"><strong data-start=\"2543\" data-end=\"2586\">Dermaquest &#8211; Glyco Gel Cleanser Savyb\u0117s<\/strong><\/h2>\n<p data-start=\"2588\" data-end=\"2765\">\u2714\ufe0f Giliai valo od\u0105 ir poras<br data-start=\"2615\" data-end=\"2618\" \/>\u2714\ufe0f \u0160velniai eksfolijuoja ir atnaujina od\u0105<br data-start=\"2659\" data-end=\"2662\" \/>\u2714\ufe0f Gerina odos tekst\u016br\u0105 ir ton\u0105<br data-start=\"2693\" data-end=\"2696\" \/>\u2714\ufe0f Palieka od\u0105 lygesn\u0119 ir gaivesn\u0119<br data-start=\"2730\" data-end=\"2733\" \/>\u2714\ufe0f Tinka kasdieniam naudojimui<\/p>\n","protected":false},"featured_media":76314,"template":"","meta":[],"pwb-brand":[1258],"product_brand":[],"product_cat":[752,718],"product_tag":[],"giftcard-category":[],"class_list":{"0":"post-76537","1":"product","2":"type-product","3":"status-publish","4":"has-post-thumbnail","6":"pwb-brand-dermaquest","7":"product_cat-pigmentacija-lt","8":"product_cat-valymas","10":"first","11":"instock","12":"taxable","13":"shipping-taxable","14":"purchasable","15":"product-type-simple"},"acf":[],"brands":[{"id":1258,"name":"Dermaquest","slug":"dermaquest"}],"_links":{"self":[{"href":"https:\/\/skinstudio.ee\/lt\/wp-json\/wp\/v2\/product\/76537","targetHints":{"allow":["GET"]}}],"collection":[{"href":"https:\/\/skinstudio.ee\/lt\/wp-json\/wp\/v2\/product"}],"about":[{"href":"https:\/\/skinstudio.ee\/lt\/wp-json\/wp\/v2\/types\/product"}],"version-history":[{"count":1,"href":"https:\/\/skinstudio.ee\/lt\/wp-json\/wp\/v2\/product\/76537\/revisions"}],"predecessor-version":[{"id":76538,"href":"https:\/\/skinstudio.ee\/lt\/wp-json\/wp\/v2\/product\/76537\/revisions\/76538"}],"wp:featuredmedia":[{"embeddable":true,"href":"https:\/\/skinstudio.ee\/lt\/wp-json\/wp\/v2\/media\/76314"}],"wp:attachment":[{"href":"https:\/\/skinstudio.ee\/lt\/wp-json\/wp\/v2\/media?parent=76537"}],"wp:term":[{"taxonomy":"pwb-brand","embeddable":true,"href":"https:\/\/skinstudio.ee\/lt\/wp-json\/wp\/v2\/pwb-brand?post=76537"},{"taxonomy":"product_brand","embeddable":true,"href":"https:\/\/skinstudio.ee\/lt\/wp-json\/wp\/v2\/product_brand?post=76537"},{"taxonomy":"product_cat","embeddable":true,"href":"https:\/\/skinstudio.ee\/lt\/wp-json\/wp\/v2\/product_cat?post=76537"},{"taxonomy":"product_tag","embeddable":true,"href":"https:\/\/skinstudio.ee\/lt\/wp-json\/wp\/v2\/product_tag?post=76537"},{"taxonomy":"giftcard-category","embeddable":true,"href":"https:\/\/skinstudio.ee\/lt\/wp-json\/wp\/v2\/giftcard-category?post=76537"}],"curies":[{"name":"wp","href":"https:\/\/api.w.org\/{rel}","templated":true}]}}