{"id":76544,"date":"2025-07-29T12:31:17","date_gmt":"2025-07-29T12:31:17","guid":{"rendered":"https:\/\/skinstudio.ee\/?post_type=product&#038;p=76544"},"modified":"2026-01-28T14:15:59","modified_gmt":"2026-01-28T14:15:59","slug":"dermaclear-cleanser","status":"publish","type":"product","link":"https:\/\/skinstudio.ee\/lt\/catalog\/dermaquest\/dermaclear-cleanser\/","title":{"rendered":"DermaClear Cleanser"},"content":{"rendered":"<p data-start=\"1374\" data-end=\"1623\"><strong data-start=\"1374\" data-end=\"1412\">DermaClear Cleanser nuo Dermaquest<\/strong> \u2013 tai fermentinis prausimosi gelis probleminei odai, kuris veiksmingai pa\u0161alina ne\u0161varumus ir riebal\u0173 pertekli\u0173 bei padeda ma\u017einti b\u0117rimus. Formul\u0117 \u0161velniai valo ir ramina od\u0105, palaiko jos balans\u0105 ir nesausina.<\/p>\n<p data-start=\"1625\" data-end=\"1768\">Reguliariai naudojant oda tampa \u0161varesn\u0117, gaivesn\u0117 ir labiau matin\u0117, suma\u017e\u0117ja paraudimas, o odos tonas ir tekst\u016bra atrodo lygesni ir glotnesni.<\/p>\n<p data-start=\"1770\" data-end=\"1817\"><strong data-start=\"1770\" data-end=\"1817\">Pagrindini\u0173 aktyvi\u0173j\u0173 ingredient\u0173 poveikis:<\/strong><\/p>\n<p data-start=\"1819\" data-end=\"2066\"><strong data-start=\"1819\" data-end=\"1839\">Migdol\u0173 r\u016bg\u0161tis:<\/strong> \u0161velniai \u0161vei\u010dia od\u0105, padeda i\u0161valyti poras ir pagerina odos tekst\u016br\u0105.<br data-start=\"1910\" data-end=\"1913\" \/><strong data-start=\"1913\" data-end=\"1945\">Ananas\u0173 ir papaj\u0173 fermentai:<\/strong> skatina \u0161veln\u0173 odos atsinaujinim\u0105 ir suteikia glotnumo.<br data-start=\"2001\" data-end=\"2004\" \/><strong data-start=\"2004\" data-end=\"2028\">Arbatmed\u017eio aliejus:<\/strong> ramina od\u0105 ir padeda ma\u017einti b\u0117rimus.<\/p>\n<p data-start=\"2068\" data-end=\"2119\">Tinka riebiai, mi\u0161riai ir \u012f b\u0117rimus linkusiai odai.<\/p>\n<p data-start=\"2121\" data-end=\"2142\"><strong data-start=\"2121\" data-end=\"2131\">T\u016bris:<\/strong> <strong data-start=\"2132\" data-end=\"2142\">178 ml<\/strong><\/p>\n","protected":false},"excerpt":{"rendered":"<p data-start=\"2286\" data-end=\"2330\">Fermentinis valomasis gelis probleminei odai<\/p>\n<h2 data-start=\"2332\" data-end=\"2376\"><strong data-start=\"2332\" data-end=\"2376\">Dermaquest &#8211; DermaClear Cleanser Savyb\u0117s<\/strong><\/h2>\n<p data-start=\"2378\" data-end=\"2585\">\u2714\ufe0f I\u0161valo poras ir pa\u0161alina riebal\u0173 pertekli\u0173<br data-start=\"2423\" data-end=\"2426\" \/>\u2714\ufe0f Padeda ma\u017einti b\u0117rimus ir paraudim\u0105<br data-start=\"2464\" data-end=\"2467\" \/>\u2714\ufe0f \u0160velniai atnaujina od\u0105 ir gerina tekst\u016br\u0105<br data-start=\"2511\" data-end=\"2514\" \/>\u2714\ufe0f Gaivina ir suteikia matin\u012f efekt\u0105<br data-start=\"2550\" data-end=\"2553\" \/>\u2714\ufe0f Tinka kasdieniam naudojimui<\/p>\n","protected":false},"featured_media":76350,"template":"","meta":[],"pwb-brand":[1258],"product_brand":[],"product_cat":[748,718],"product_tag":[],"giftcard-category":[],"class_list":{"0":"post-76544","1":"product","2":"type-product","3":"status-publish","4":"has-post-thumbnail","6":"pwb-brand-dermaquest","7":"product_cat-taukainai-adai-lt","8":"product_cat-valymas","10":"first","11":"instock","12":"taxable","13":"shipping-taxable","14":"purchasable","15":"product-type-simple"},"acf":[],"brands":[{"id":1258,"name":"Dermaquest","slug":"dermaquest"}],"_links":{"self":[{"href":"https:\/\/skinstudio.ee\/lt\/wp-json\/wp\/v2\/product\/76544","targetHints":{"allow":["GET"]}}],"collection":[{"href":"https:\/\/skinstudio.ee\/lt\/wp-json\/wp\/v2\/product"}],"about":[{"href":"https:\/\/skinstudio.ee\/lt\/wp-json\/wp\/v2\/types\/product"}],"version-history":[{"count":1,"href":"https:\/\/skinstudio.ee\/lt\/wp-json\/wp\/v2\/product\/76544\/revisions"}],"predecessor-version":[{"id":76545,"href":"https:\/\/skinstudio.ee\/lt\/wp-json\/wp\/v2\/product\/76544\/revisions\/76545"}],"wp:featuredmedia":[{"embeddable":true,"href":"https:\/\/skinstudio.ee\/lt\/wp-json\/wp\/v2\/media\/76350"}],"wp:attachment":[{"href":"https:\/\/skinstudio.ee\/lt\/wp-json\/wp\/v2\/media?parent=76544"}],"wp:term":[{"taxonomy":"pwb-brand","embeddable":true,"href":"https:\/\/skinstudio.ee\/lt\/wp-json\/wp\/v2\/pwb-brand?post=76544"},{"taxonomy":"product_brand","embeddable":true,"href":"https:\/\/skinstudio.ee\/lt\/wp-json\/wp\/v2\/product_brand?post=76544"},{"taxonomy":"product_cat","embeddable":true,"href":"https:\/\/skinstudio.ee\/lt\/wp-json\/wp\/v2\/product_cat?post=76544"},{"taxonomy":"product_tag","embeddable":true,"href":"https:\/\/skinstudio.ee\/lt\/wp-json\/wp\/v2\/product_tag?post=76544"},{"taxonomy":"giftcard-category","embeddable":true,"href":"https:\/\/skinstudio.ee\/lt\/wp-json\/wp\/v2\/giftcard-category?post=76544"}],"curies":[{"name":"wp","href":"https:\/\/api.w.org\/{rel}","templated":true}]}}