{"id":76552,"date":"2025-07-29T12:30:27","date_gmt":"2025-07-29T12:30:27","guid":{"rendered":"https:\/\/skinstudio.ee\/?post_type=product&#038;p=76552"},"modified":"2026-01-28T14:15:59","modified_gmt":"2026-01-28T14:15:59","slug":"niacinamide-serum","status":"publish","type":"product","link":"https:\/\/skinstudio.ee\/lt\/catalog\/dermaquest\/niacinamide-serum\/","title":{"rendered":"Niacinamide Serum"},"content":{"rendered":"<p data-start=\"1724\" data-end=\"2055\"><strong data-start=\"1724\" data-end=\"1760\">Niacinamide Serum nuo DermaQuest<\/strong> \u2013 tai galingas serumas, kuriame derinamas niacinamidas, hialurono r\u016bg\u0161tis, vitaminas C ir peptidai, siekiant pagerinti odos skaistum\u0105, sustiprinti odos barjer\u0105 ir u\u017etikrinti intensyv\u0173 dr\u0117kinim\u0105. Formul\u0117 suteikia antioksidacin\u0119 apsaug\u0105 ir padeda odai atrodyti lygesnei, tolygesnei ir sveikesnei.<\/p>\n<p data-start=\"2057\" data-end=\"2334\">Niacinamidas padeda stiprinti odos barjer\u0105 ir ma\u017einti jautrum\u0105, vitaminas C padeda apsaugoti od\u0105 nuo aplinkos poveikio, o hialurono r\u016bg\u0161tis palaiko optimal\u0173 dr\u0117gm\u0117s lyg\u012f odoje. Reguliariai naudojant oda tampa lygesn\u0117, suma\u017e\u0117ja paraudimas ir atkuriamas pri\u017ei\u016br\u0117tos odos vaizdas.<\/p>\n<p data-start=\"2336\" data-end=\"2380\"><strong data-start=\"2336\" data-end=\"2380\">Pagrindini\u0173 veikli\u0173j\u0173 med\u017eiag\u0173 poveikis:<\/strong><\/p>\n<p data-start=\"2382\" data-end=\"2632\"><strong data-start=\"2382\" data-end=\"2399\">Niacinamidas:<\/strong> padeda stiprinti odos barjer\u0105, suvienodina odos ton\u0105 ir ma\u017eina paraudim\u0105.<br data-start=\"2473\" data-end=\"2476\" \/><strong data-start=\"2476\" data-end=\"2498\">Hialurono r\u016bg\u0161tis:<\/strong> intensyviai dr\u0117kina ir padeda i\u0161laikyti dr\u0117gm\u0119 odoje.<br data-start=\"2552\" data-end=\"2555\" \/><strong data-start=\"2555\" data-end=\"2583\">Vitaminas C ir peptidai:<\/strong> gerina odos skaistum\u0105 ir palaiko odos stangrum\u0105.<\/p>\n<p data-start=\"2634\" data-end=\"2730\">Tinka vis\u0173 tip\u0173 odai, ypa\u010d odai su paraudimu, papilk\u0117jusiu atspalviu ar nusilpusiu odos barjeru.<\/p>\n<p data-start=\"2732\" data-end=\"2752\"><strong data-start=\"2732\" data-end=\"2742\">T\u016bris:<\/strong> <strong data-start=\"2743\" data-end=\"2752\">30 ml<\/strong><\/p>\n","protected":false},"excerpt":{"rendered":"<p data-start=\"2928\" data-end=\"2978\">Veido serumas su niacinamidu ir hialurono r\u016bg\u0161timi<\/p>\n<h2 data-start=\"2980\" data-end=\"3022\"><strong data-start=\"2980\" data-end=\"3022\">DermaQuest &#8211; Niacinamide Serum Savyb\u0117s<\/strong><\/h2>\n<p data-start=\"3024\" data-end=\"3222\">\u2714\ufe0f Ma\u017eina paraudim\u0105 ir odos jautrum\u0105<br data-start=\"3060\" data-end=\"3063\" \/>\u2714\ufe0f Stiprina odos apsaugin\u012f barjer\u0105<br data-start=\"3097\" data-end=\"3100\" \/>\u2714\ufe0f Intensyviai dr\u0117kina ir ma\u017eina sausum\u0105<br data-start=\"3140\" data-end=\"3143\" \/>\u2714\ufe0f Gerina odos ton\u0105 ir skaistum\u0105<br data-start=\"3175\" data-end=\"3178\" \/>\u2714\ufe0f Padaro od\u0105 lygesn\u0119 ir labiau pri\u017ei\u016br\u0117t\u0105<\/p>\n","protected":false},"featured_media":76320,"template":"","meta":[],"pwb-brand":[1258],"product_brand":[],"product_cat":[742,744,752,724,748],"product_tag":[],"giftcard-category":[],"class_list":{"0":"post-76552","1":"product","2":"type-product","3":"status-publish","4":"has-post-thumbnail","6":"pwb-brand-dermaquest","7":"product_cat-berimai","8":"product_cat-issipletusios-poros","9":"product_cat-pigmentacija-lt","10":"product_cat-serumai","11":"product_cat-taukainai-adai-lt","13":"first","14":"instock","15":"taxable","16":"shipping-taxable","17":"purchasable","18":"product-type-simple"},"acf":[],"brands":[{"id":1258,"name":"Dermaquest","slug":"dermaquest"}],"_links":{"self":[{"href":"https:\/\/skinstudio.ee\/lt\/wp-json\/wp\/v2\/product\/76552","targetHints":{"allow":["GET"]}}],"collection":[{"href":"https:\/\/skinstudio.ee\/lt\/wp-json\/wp\/v2\/product"}],"about":[{"href":"https:\/\/skinstudio.ee\/lt\/wp-json\/wp\/v2\/types\/product"}],"version-history":[{"count":1,"href":"https:\/\/skinstudio.ee\/lt\/wp-json\/wp\/v2\/product\/76552\/revisions"}],"predecessor-version":[{"id":76553,"href":"https:\/\/skinstudio.ee\/lt\/wp-json\/wp\/v2\/product\/76552\/revisions\/76553"}],"wp:featuredmedia":[{"embeddable":true,"href":"https:\/\/skinstudio.ee\/lt\/wp-json\/wp\/v2\/media\/76320"}],"wp:attachment":[{"href":"https:\/\/skinstudio.ee\/lt\/wp-json\/wp\/v2\/media?parent=76552"}],"wp:term":[{"taxonomy":"pwb-brand","embeddable":true,"href":"https:\/\/skinstudio.ee\/lt\/wp-json\/wp\/v2\/pwb-brand?post=76552"},{"taxonomy":"product_brand","embeddable":true,"href":"https:\/\/skinstudio.ee\/lt\/wp-json\/wp\/v2\/product_brand?post=76552"},{"taxonomy":"product_cat","embeddable":true,"href":"https:\/\/skinstudio.ee\/lt\/wp-json\/wp\/v2\/product_cat?post=76552"},{"taxonomy":"product_tag","embeddable":true,"href":"https:\/\/skinstudio.ee\/lt\/wp-json\/wp\/v2\/product_tag?post=76552"},{"taxonomy":"giftcard-category","embeddable":true,"href":"https:\/\/skinstudio.ee\/lt\/wp-json\/wp\/v2\/giftcard-category?post=76552"}],"curies":[{"name":"wp","href":"https:\/\/api.w.org\/{rel}","templated":true}]}}