{"id":76559,"date":"2025-07-29T12:29:48","date_gmt":"2025-07-29T12:29:48","guid":{"rendered":"https:\/\/skinstudio.ee\/?post_type=product&#038;p=76559"},"modified":"2026-01-28T14:15:59","modified_gmt":"2026-01-28T14:15:59","slug":"algae-polishing-scrub","status":"publish","type":"product","link":"https:\/\/skinstudio.ee\/lt\/catalog\/dermaquest\/algae-polishing-scrub\/","title":{"rendered":"Algae Polishing Scrub"},"content":{"rendered":"<p data-start=\"1660\" data-end=\"2016\"><strong data-start=\"1660\" data-end=\"1700\">Algae Polishing Scrub nuo DermaQuest<\/strong> \u2013 tai poliruojantis gelinis \u0161veitiklis su dumbli\u0173 ekstraktais ir jojobos granul\u0117mis, skirtas veiksmingai odos valymui, glotninimui ir atnaujinimui. Formul\u0117 \u0161velniai, bet kruop\u0161\u010diai pa\u0161alina negyvas odos l\u0105steles, ne\u0161varumus ir riebal\u0173 pertekli\u0173, padeda pagerinti odos tekst\u016br\u0105 ir paruo\u0161ti od\u0105 tolimesnei prie\u017ei\u016brai.<\/p>\n<p data-start=\"2018\" data-end=\"2197\">\u0160veitiklis giliai valo od\u0105, gerina jos reljef\u0105, padaro pavir\u0161i\u0173 lygesn\u012f ir padidina v\u0117liau naudojam\u0173 priemoni\u0173 efektyvum\u0105. Po naudojimo oda tampa \u0161velni, lygi ir maloniai \u0161ilkin\u0117.<\/p>\n<p data-start=\"2199\" data-end=\"2243\"><strong data-start=\"2199\" data-end=\"2243\">Pagrindini\u0173 veikli\u0173j\u0173 med\u017eiag\u0173 poveikis:<\/strong><\/p>\n<p data-start=\"2245\" data-end=\"2490\"><strong data-start=\"2245\" data-end=\"2268\">Dumbli\u0173 ekstraktai:<\/strong> padeda pagerinti odos tonus\u0105 ir suteikia gaivesn\u0119 i\u0161vaizd\u0105.<br data-start=\"2328\" data-end=\"2331\" \/><strong data-start=\"2331\" data-end=\"2352\">Jojobos granul\u0117s:<\/strong> \u0161velniai poliruoja od\u0105, nesukeldamos dirginimo.<br data-start=\"2400\" data-end=\"2403\" \/><strong data-start=\"2403\" data-end=\"2437\">Alavijas ir augal\u0173 ekstraktai:<\/strong> ramina od\u0105 ir padeda palaikyti komfort\u0105 po \u0161veitimo.<\/p>\n<p data-start=\"2492\" data-end=\"2535\">Tinka vis\u0173 tip\u0173 odai, taip pat ir jautriai.<\/p>\n<p data-start=\"2537\" data-end=\"2558\"><strong data-start=\"2537\" data-end=\"2547\">T\u016bris:<\/strong> <strong data-start=\"2548\" data-end=\"2558\">118 ml<\/strong><\/p>\n","protected":false},"excerpt":{"rendered":"<p data-start=\"2854\" data-end=\"2923\">Valomasis ir poliruojantis gelinis \u0161veitiklis veidui, l\u016bpoms ir k\u016bnui<\/p>\n<h2 data-start=\"2925\" data-end=\"2971\"><strong data-start=\"2925\" data-end=\"2971\">DermaQuest &#8211; Algae Polishing Scrub Savyb\u0117s<\/strong><\/h2>\n<p data-start=\"2973\" data-end=\"3163\">\u2714\ufe0f \u0160velniai pa\u0161alina negyvas odos l\u0105steles<br data-start=\"3015\" data-end=\"3018\" \/>\u2714\ufe0f Lygina ir gerina odos tekst\u016br\u0105<br data-start=\"3051\" data-end=\"3054\" \/>\u2714\ufe0f Padaro od\u0105 \u0161velni\u0105 ir glotni\u0105<br data-start=\"3086\" data-end=\"3089\" \/>\u2714\ufe0f Paruo\u0161ia od\u0105 tolimesnei prie\u017ei\u016brai<br data-start=\"3126\" data-end=\"3129\" \/>\u2714\ufe0f Pagerina bendr\u0105 odos i\u0161vaizd\u0105<\/p>\n","protected":false},"featured_media":76331,"template":"","meta":[],"pwb-brand":[1258],"product_brand":[],"product_cat":[720],"product_tag":[],"giftcard-category":[],"class_list":{"0":"post-76559","1":"product","2":"type-product","3":"status-publish","4":"has-post-thumbnail","6":"pwb-brand-dermaquest","7":"product_cat-sveitikliai-ir-pilingai","9":"first","10":"instock","11":"taxable","12":"shipping-taxable","13":"purchasable","14":"product-type-simple"},"acf":[],"brands":[{"id":1258,"name":"Dermaquest","slug":"dermaquest"}],"_links":{"self":[{"href":"https:\/\/skinstudio.ee\/lt\/wp-json\/wp\/v2\/product\/76559","targetHints":{"allow":["GET"]}}],"collection":[{"href":"https:\/\/skinstudio.ee\/lt\/wp-json\/wp\/v2\/product"}],"about":[{"href":"https:\/\/skinstudio.ee\/lt\/wp-json\/wp\/v2\/types\/product"}],"version-history":[{"count":1,"href":"https:\/\/skinstudio.ee\/lt\/wp-json\/wp\/v2\/product\/76559\/revisions"}],"predecessor-version":[{"id":76560,"href":"https:\/\/skinstudio.ee\/lt\/wp-json\/wp\/v2\/product\/76559\/revisions\/76560"}],"wp:featuredmedia":[{"embeddable":true,"href":"https:\/\/skinstudio.ee\/lt\/wp-json\/wp\/v2\/media\/76331"}],"wp:attachment":[{"href":"https:\/\/skinstudio.ee\/lt\/wp-json\/wp\/v2\/media?parent=76559"}],"wp:term":[{"taxonomy":"pwb-brand","embeddable":true,"href":"https:\/\/skinstudio.ee\/lt\/wp-json\/wp\/v2\/pwb-brand?post=76559"},{"taxonomy":"product_brand","embeddable":true,"href":"https:\/\/skinstudio.ee\/lt\/wp-json\/wp\/v2\/product_brand?post=76559"},{"taxonomy":"product_cat","embeddable":true,"href":"https:\/\/skinstudio.ee\/lt\/wp-json\/wp\/v2\/product_cat?post=76559"},{"taxonomy":"product_tag","embeddable":true,"href":"https:\/\/skinstudio.ee\/lt\/wp-json\/wp\/v2\/product_tag?post=76559"},{"taxonomy":"giftcard-category","embeddable":true,"href":"https:\/\/skinstudio.ee\/lt\/wp-json\/wp\/v2\/giftcard-category?post=76559"}],"curies":[{"name":"wp","href":"https:\/\/api.w.org\/{rel}","templated":true}]}}