{"id":76567,"date":"2025-07-29T12:29:25","date_gmt":"2025-07-29T12:29:25","guid":{"rendered":"https:\/\/skinstudio.ee\/?post_type=product&#038;p=76567"},"modified":"2026-01-28T14:16:00","modified_gmt":"2026-01-28T14:16:00","slug":"universal-cleansing-oil","status":"publish","type":"product","link":"https:\/\/skinstudio.ee\/lt\/catalog\/dermaquest\/universal-cleansing-oil\/","title":{"rendered":"Universal Cleansing Oil"},"content":{"rendered":"<p data-start=\"1613\" data-end=\"1908\"><strong data-start=\"1613\" data-end=\"1655\">Universal Cleansing Oil nuo DermaQuest<\/strong> \u2013 tai universali valomoji alyva su simondsij\u0173, migdol\u0173 ir kit\u0173 nat\u016brali\u0173 aliej\u0173 mi\u0161iniu, kuri u\u017etikrina \u0161veln\u0173, raminant\u012f ir maitinant\u012f odos valym\u0105. Formul\u0117 veiksmingai tirpdo makia\u017e\u0105, SPF ir ne\u0161varumus, nepa\u017eeisdama nat\u016bralaus odos apsauginio barjero.<\/p>\n<p data-start=\"1910\" data-end=\"2088\">Alyva tinka vis\u0173 tip\u0173 odai ir jos nei\u0161sausina. Susilietusi su vandeniu ji virsta pienine emulsija ir lengvai nusiplauna, palikdama od\u0105 \u0161vari\u0105, \u0161velni\u0105, subalansuot\u0105 ir \u0161vytin\u010di\u0105.<\/p>\n<p data-start=\"2090\" data-end=\"2134\"><strong data-start=\"2090\" data-end=\"2134\">Pagrindini\u0173 veikli\u0173j\u0173 med\u017eiag\u0173 poveikis:<\/strong><\/p>\n<p data-start=\"2136\" data-end=\"2392\"><strong data-start=\"2136\" data-end=\"2170\">Simondsij\u0173 ir migdol\u0173 aliejai:<\/strong> maitina ir mink\u0161tina od\u0105, palaikydami komfort\u0105.<br data-start=\"2218\" data-end=\"2221\" \/><strong data-start=\"2221\" data-end=\"2253\">Augalini\u0173 aliej\u0173 kompleksas:<\/strong> padeda tirpdyti makia\u017e\u0105 ir ne\u0161varumus be dirginimo.<br data-start=\"2305\" data-end=\"2308\" \/><strong data-start=\"2308\" data-end=\"2343\">Vitaminas E ir kofermentas Q10:<\/strong> palaiko od\u0105 ir padeda i\u0161saugoti sveik\u0105 i\u0161vaizd\u0105.<\/p>\n<p data-start=\"2394\" data-end=\"2437\">Tinka vis\u0173 tip\u0173 odai, taip pat ir jautriai.<\/p>\n<p data-start=\"2439\" data-end=\"2460\"><strong data-start=\"2439\" data-end=\"2449\">T\u016bris:<\/strong> <strong data-start=\"2450\" data-end=\"2460\">178 ml<\/strong><\/p>\n","protected":false},"excerpt":{"rendered":"<p data-start=\"2724\" data-end=\"2756\">Universali valomoji alyva veidui<\/p>\n<h2 data-start=\"2758\" data-end=\"2806\"><strong data-start=\"2758\" data-end=\"2806\">DermaQuest &#8211; Universal Cleansing Oil Savyb\u0117s<\/strong><\/h2>\n<p data-start=\"2808\" data-end=\"3030\">\u2714\ufe0f Veiksmingai tirpdo makia\u017e\u0105, SPF ir ne\u0161varumus<br data-start=\"2856\" data-end=\"2859\" \/>\u2714\ufe0f Tinka veidui, akims ir l\u016bpoms<br data-start=\"2891\" data-end=\"2894\" \/>\u2714\ufe0f Lengvai nusiplauna ir nepalieka riebaus sluoksnio<br data-start=\"2946\" data-end=\"2949\" \/>\u2714\ufe0f Padeda i\u0161saugoti odos lipid\u0173 barjer\u0105<br data-start=\"2988\" data-end=\"2991\" \/>\u2714\ufe0f Palieka od\u0105 \u0161velni\u0105 ir komforti\u0161k\u0105<\/p>\n","protected":false},"featured_media":76338,"template":"","meta":[],"pwb-brand":[1258],"product_brand":[],"product_cat":[740,718],"product_tag":[],"giftcard-category":[],"class_list":{"0":"post-76567","1":"product","2":"type-product","3":"status-publish","4":"has-post-thumbnail","6":"pwb-brand-dermaquest","7":"product_cat-sausai-odai","8":"product_cat-valymas","10":"first","11":"instock","12":"taxable","13":"shipping-taxable","14":"purchasable","15":"product-type-simple"},"acf":[],"brands":[{"id":1258,"name":"Dermaquest","slug":"dermaquest"}],"_links":{"self":[{"href":"https:\/\/skinstudio.ee\/lt\/wp-json\/wp\/v2\/product\/76567","targetHints":{"allow":["GET"]}}],"collection":[{"href":"https:\/\/skinstudio.ee\/lt\/wp-json\/wp\/v2\/product"}],"about":[{"href":"https:\/\/skinstudio.ee\/lt\/wp-json\/wp\/v2\/types\/product"}],"version-history":[{"count":1,"href":"https:\/\/skinstudio.ee\/lt\/wp-json\/wp\/v2\/product\/76567\/revisions"}],"predecessor-version":[{"id":76568,"href":"https:\/\/skinstudio.ee\/lt\/wp-json\/wp\/v2\/product\/76567\/revisions\/76568"}],"wp:featuredmedia":[{"embeddable":true,"href":"https:\/\/skinstudio.ee\/lt\/wp-json\/wp\/v2\/media\/76338"}],"wp:attachment":[{"href":"https:\/\/skinstudio.ee\/lt\/wp-json\/wp\/v2\/media?parent=76567"}],"wp:term":[{"taxonomy":"pwb-brand","embeddable":true,"href":"https:\/\/skinstudio.ee\/lt\/wp-json\/wp\/v2\/pwb-brand?post=76567"},{"taxonomy":"product_brand","embeddable":true,"href":"https:\/\/skinstudio.ee\/lt\/wp-json\/wp\/v2\/product_brand?post=76567"},{"taxonomy":"product_cat","embeddable":true,"href":"https:\/\/skinstudio.ee\/lt\/wp-json\/wp\/v2\/product_cat?post=76567"},{"taxonomy":"product_tag","embeddable":true,"href":"https:\/\/skinstudio.ee\/lt\/wp-json\/wp\/v2\/product_tag?post=76567"},{"taxonomy":"giftcard-category","embeddable":true,"href":"https:\/\/skinstudio.ee\/lt\/wp-json\/wp\/v2\/giftcard-category?post=76567"}],"curies":[{"name":"wp","href":"https:\/\/api.w.org\/{rel}","templated":true}]}}