{"id":76574,"date":"2025-07-29T12:28:48","date_gmt":"2025-07-29T12:28:48","guid":{"rendered":"https:\/\/skinstudio.ee\/?post_type=product&#038;p=76574"},"modified":"2026-01-28T14:15:59","modified_gmt":"2026-01-28T14:15:59","slug":"essential-daily-cleanser","status":"publish","type":"product","link":"https:\/\/skinstudio.ee\/lt\/catalog\/dermaquest\/essential-daily-cleanser\/","title":{"rendered":"Essential Daily Cleanser"},"content":{"rendered":"<p data-start=\"1643\" data-end=\"1908\"><strong data-start=\"1643\" data-end=\"1686\">Essential Daily Cleanser nuo DermaQuest<\/strong> \u2013 tai \u0161velnus kasdienis prausiklis, skirtas veiksmingai odos valymui ir atgaivinimui. Formul\u0117 su augal\u0173 ekstraktais padeda nuvalyti od\u0105, palaikyti optimal\u0173 dr\u0117gm\u0117s lyg\u012f ir palikti od\u0105 gaivi\u0105 bei komforti\u0161k\u0105 po prausimosi.<\/p>\n<p data-start=\"1910\" data-end=\"2099\">Priemon\u0117 \u0161velniai pa\u0161alina ne\u0161varumus ir riebal\u0173 pertekli\u0173, atgaivina od\u0105 ir padeda i\u0161laikyti sveik\u0105, subalansuot\u0105 i\u0161vaizd\u0105. Reguliariai naudojant oda atrodo \u0161varesn\u0117, lygesn\u0117 ir tolygesn\u0117.<\/p>\n<p data-start=\"2101\" data-end=\"2145\"><strong data-start=\"2101\" data-end=\"2145\">Pagrindini\u0173 veikli\u0173j\u0173 med\u017eiag\u0173 poveikis:<\/strong><\/p>\n<p data-start=\"2147\" data-end=\"2429\"><strong data-start=\"2147\" data-end=\"2180\">Ananas\u0173 ir papaj\u0173 ekstraktai:<\/strong> padeda \u0161velniai glotninti odos pavir\u0161i\u0173 ir gerinti jos tekst\u016br\u0105.<br data-start=\"2245\" data-end=\"2248\" \/><strong data-start=\"2248\" data-end=\"2296\">Vynuogi\u0173 kauliuk\u0173 ekstraktas ir vitaminas E:<\/strong> suteikia antioksidacin\u0119 apsaug\u0105 ir padeda i\u0161laikyti gaivi\u0105 i\u0161vaizd\u0105.<br data-start=\"2365\" data-end=\"2368\" \/><strong data-start=\"2368\" data-end=\"2381\">Alavijas:<\/strong> dr\u0117kina ir ramina od\u0105, padeda i\u0161vengti sausumo.<\/p>\n<p data-start=\"2431\" data-end=\"2474\">Tinka vis\u0173 tip\u0173 odai, taip pat ir jautriai.<\/p>\n<p data-start=\"2476\" data-end=\"2497\"><strong data-start=\"2476\" data-end=\"2486\">T\u016bris:<\/strong> <strong data-start=\"2487\" data-end=\"2497\">178 ml<\/strong><\/p>\n","protected":false},"excerpt":{"rendered":"<p data-start=\"2687\" data-end=\"2719\">Kasdienis valomasis gelis veidui<\/p>\n<h2 data-start=\"2721\" data-end=\"2770\"><strong data-start=\"2721\" data-end=\"2770\">DermaQuest &#8211; Essential Daily Cleanser Savyb\u0117s<\/strong><\/h2>\n<p data-start=\"2772\" data-end=\"2991\">\u2714\ufe0f \u0160velniai valo od\u0105 nuo ne\u0161varum\u0173 ir riebal\u0173 pertekliaus<br data-start=\"2829\" data-end=\"2832\" \/>\u2714\ufe0f Palieka od\u0105 gaivi\u0105 ir komforti\u0161k\u0105<br data-start=\"2868\" data-end=\"2871\" \/>\u2714\ufe0f Padeda pagerinti odos glotnum\u0105 ir i\u0161vaizd\u0105<br data-start=\"2916\" data-end=\"2919\" \/>\u2714\ufe0f Tinka kasdieniam naudojimui<br data-start=\"2949\" data-end=\"2952\" \/>\u2714\ufe0f Paruo\u0161ia od\u0105 tolimesnei prie\u017ei\u016brai<\/p>\n","protected":false},"featured_media":76344,"template":"","meta":[],"pwb-brand":[1258],"product_brand":[],"product_cat":[718],"product_tag":[],"giftcard-category":[],"class_list":{"0":"post-76574","1":"product","2":"type-product","3":"status-publish","4":"has-post-thumbnail","6":"pwb-brand-dermaquest","7":"product_cat-valymas","9":"first","10":"instock","11":"taxable","12":"shipping-taxable","13":"purchasable","14":"product-type-simple"},"acf":[],"brands":[{"id":1258,"name":"Dermaquest","slug":"dermaquest"}],"_links":{"self":[{"href":"https:\/\/skinstudio.ee\/lt\/wp-json\/wp\/v2\/product\/76574","targetHints":{"allow":["GET"]}}],"collection":[{"href":"https:\/\/skinstudio.ee\/lt\/wp-json\/wp\/v2\/product"}],"about":[{"href":"https:\/\/skinstudio.ee\/lt\/wp-json\/wp\/v2\/types\/product"}],"version-history":[{"count":1,"href":"https:\/\/skinstudio.ee\/lt\/wp-json\/wp\/v2\/product\/76574\/revisions"}],"predecessor-version":[{"id":76575,"href":"https:\/\/skinstudio.ee\/lt\/wp-json\/wp\/v2\/product\/76574\/revisions\/76575"}],"wp:featuredmedia":[{"embeddable":true,"href":"https:\/\/skinstudio.ee\/lt\/wp-json\/wp\/v2\/media\/76344"}],"wp:attachment":[{"href":"https:\/\/skinstudio.ee\/lt\/wp-json\/wp\/v2\/media?parent=76574"}],"wp:term":[{"taxonomy":"pwb-brand","embeddable":true,"href":"https:\/\/skinstudio.ee\/lt\/wp-json\/wp\/v2\/pwb-brand?post=76574"},{"taxonomy":"product_brand","embeddable":true,"href":"https:\/\/skinstudio.ee\/lt\/wp-json\/wp\/v2\/product_brand?post=76574"},{"taxonomy":"product_cat","embeddable":true,"href":"https:\/\/skinstudio.ee\/lt\/wp-json\/wp\/v2\/product_cat?post=76574"},{"taxonomy":"product_tag","embeddable":true,"href":"https:\/\/skinstudio.ee\/lt\/wp-json\/wp\/v2\/product_tag?post=76574"},{"taxonomy":"giftcard-category","embeddable":true,"href":"https:\/\/skinstudio.ee\/lt\/wp-json\/wp\/v2\/giftcard-category?post=76574"}],"curies":[{"name":"wp","href":"https:\/\/api.w.org\/{rel}","templated":true}]}}