{"id":76924,"date":"2025-08-07T09:50:02","date_gmt":"2025-08-07T09:50:02","guid":{"rendered":"https:\/\/skinstudio.ee\/?post_type=product&#038;p=76924"},"modified":"2026-04-09T07:26:36","modified_gmt":"2026-04-09T07:26:36","slug":"vitalized-greens-protein","status":"publish","type":"product","link":"https:\/\/skinstudio.ee\/lt\/catalog\/vitalized-lt\/vitalized-greens-protein\/","title":{"rendered":"Greens &#038; Protein"},"content":{"rendered":"<p data-start=\"3868\" data-end=\"3965\"><strong data-start=\"3868\" data-end=\"3902\">Greens &amp; Protein nuo Vitalized<\/strong> &#8211; maisto papildas su augaliniais supermaistais ir baltymais.<\/p>\n<p data-start=\"3967\" data-end=\"4088\">Sud\u0117tyje yra mie\u017ei\u0173 \u017eol\u0117s, \u0161pinat\u0173, brokoli\u0173, kop\u016bst\u0173, spirulinos ir chlorel\u0117s milteliai, taip pat acerolos ekstraktas.<\/p>\n<p data-start=\"4090\" data-end=\"4164\">Sud\u0117tis papildyta augaliniais baltymais i\u0161 pupeli\u0173, ry\u017ei\u0173 ir avin\u017eirni\u0173.<\/p>\n<p data-start=\"4166\" data-end=\"4226\">Produktas pateikiamas paket\u0117li\u0173 forma patogiam vartojimui.<\/p>\n<p data-start=\"4228\" data-end=\"4252\"><strong data-start=\"4228\" data-end=\"4250\">Pagaminta Europoje<\/strong><\/p>\n<p data-start=\"4254\" data-end=\"4397\"><strong data-start=\"4254\" data-end=\"4273\">Geriausias iki:<\/strong> \u017ei\u016br\u0117ti ant pakuot\u0117s<br data-start=\"4294\" data-end=\"4297\" \/><strong data-start=\"4297\" data-end=\"4317\">Laikymo s\u0105lygos:<\/strong> laikyti sandariai u\u017edaryt\u0105 v\u0117sioje, sausoje vietoje<br data-start=\"4369\" data-end=\"4372\" \/><strong data-start=\"4372\" data-end=\"4382\">T\u016bris:<\/strong> 30 paket\u0117li\u0173<\/p>\n","protected":false},"excerpt":{"rendered":"<p data-start=\"4869\" data-end=\"4928\">Maisto papildas su augaliniais supermaistais ir baltymais<\/p>\n<h2 data-start=\"4930\" data-end=\"4970\"><strong data-start=\"4930\" data-end=\"4970\">Vitalized &#8211; Greens &amp; Protein Savyb\u0117s<\/strong><\/h2>\n<p data-start=\"4972\" data-end=\"5154\">\u2714\ufe0f Sud\u0117tyje yra augalini\u0173 supermaist\u0173 mi\u0161inys<br data-start=\"5017\" data-end=\"5020\" \/>\u2714\ufe0f Augalini\u0173 baltym\u0173 \u0161altinis<br data-start=\"5049\" data-end=\"5052\" \/>\u2714\ufe0f Sud\u0117tyje yra \u017ealieji milteliai ir ekstraktai<br data-start=\"5099\" data-end=\"5102\" \/>\u2714\ufe0f Paket\u0117li\u0173 forma patogiam vartojimui<br data-start=\"5140\" data-end=\"5143\" \/>\u2714\ufe0f Be GMO<\/p>\n","protected":false},"featured_media":40190,"template":"","meta":[],"pwb-brand":[1354],"product_brand":[],"product_cat":[769],"product_tag":[],"giftcard-category":[],"class_list":{"0":"post-76924","1":"product","2":"type-product","3":"status-publish","4":"has-post-thumbnail","6":"pwb-brand-vitalized-lt","7":"product_cat-vitaminai","9":"first","10":"instock","11":"taxable","12":"shipping-taxable","13":"purchasable","14":"product-type-simple"},"acf":[],"brands":[{"id":1354,"name":"Vitalized","slug":"vitalized-lt"}],"_links":{"self":[{"href":"https:\/\/skinstudio.ee\/lt\/wp-json\/wp\/v2\/product\/76924","targetHints":{"allow":["GET"]}}],"collection":[{"href":"https:\/\/skinstudio.ee\/lt\/wp-json\/wp\/v2\/product"}],"about":[{"href":"https:\/\/skinstudio.ee\/lt\/wp-json\/wp\/v2\/types\/product"}],"version-history":[{"count":3,"href":"https:\/\/skinstudio.ee\/lt\/wp-json\/wp\/v2\/product\/76924\/revisions"}],"predecessor-version":[{"id":90012,"href":"https:\/\/skinstudio.ee\/lt\/wp-json\/wp\/v2\/product\/76924\/revisions\/90012"}],"wp:featuredmedia":[{"embeddable":true,"href":"https:\/\/skinstudio.ee\/lt\/wp-json\/wp\/v2\/media\/40190"}],"wp:attachment":[{"href":"https:\/\/skinstudio.ee\/lt\/wp-json\/wp\/v2\/media?parent=76924"}],"wp:term":[{"taxonomy":"pwb-brand","embeddable":true,"href":"https:\/\/skinstudio.ee\/lt\/wp-json\/wp\/v2\/pwb-brand?post=76924"},{"taxonomy":"product_brand","embeddable":true,"href":"https:\/\/skinstudio.ee\/lt\/wp-json\/wp\/v2\/product_brand?post=76924"},{"taxonomy":"product_cat","embeddable":true,"href":"https:\/\/skinstudio.ee\/lt\/wp-json\/wp\/v2\/product_cat?post=76924"},{"taxonomy":"product_tag","embeddable":true,"href":"https:\/\/skinstudio.ee\/lt\/wp-json\/wp\/v2\/product_tag?post=76924"},{"taxonomy":"giftcard-category","embeddable":true,"href":"https:\/\/skinstudio.ee\/lt\/wp-json\/wp\/v2\/giftcard-category?post=76924"}],"curies":[{"name":"wp","href":"https:\/\/api.w.org\/{rel}","templated":true}]}}