{"id":76928,"date":"2025-08-07T09:49:56","date_gmt":"2025-08-07T09:49:56","guid":{"rendered":"https:\/\/skinstudio.ee\/?post_type=product&#038;p=76928"},"modified":"2026-04-09T07:40:22","modified_gmt":"2026-04-09T07:40:22","slug":"vitalized-spermidine-resveratrol","status":"publish","type":"product","link":"https:\/\/skinstudio.ee\/lt\/catalog\/vitalized-lt\/vitalized-spermidine-resveratrol\/","title":{"rendered":"Spermidine &#038; Resveratrol"},"content":{"rendered":"<p data-start=\"3816\" data-end=\"3910\"><strong data-start=\"3816\" data-end=\"3858\">Spermidine &amp; Resveratrol nuo Vitalized<\/strong> &#8211; maisto papildas su spermidinu ir resveratroliu.<\/p>\n<p data-start=\"3912\" data-end=\"3989\">Sud\u0117tyje yra spermidinas i\u0161 soj\u0173 s\u0117kl\u0173 ekstrakto ir resveratrolis Veri-te\u2122.<\/p>\n<p data-start=\"3991\" data-end=\"4056\">Kiekviena kapsul\u0117 turi 3 mg spermidino ir 150 mg resveratrolio.<\/p>\n<p data-start=\"4058\" data-end=\"4128\">Produktas pateikiamas kapsuli\u0173 forma patogiam kasdieniam vartojimui.<\/p>\n<p data-start=\"4130\" data-end=\"4154\"><strong data-start=\"4130\" data-end=\"4152\">Pagaminta Europoje<\/strong><\/p>\n<p data-start=\"4156\" data-end=\"4298\"><strong data-start=\"4156\" data-end=\"4175\">Geriausias iki:<\/strong> \u017ei\u016br\u0117ti ant pakuot\u0117s<br data-start=\"4196\" data-end=\"4199\" \/><strong data-start=\"4199\" data-end=\"4219\">Laikymo s\u0105lygos:<\/strong> laikyti sandariai u\u017edaryt\u0105 v\u0117sioje, sausoje vietoje<br data-start=\"4271\" data-end=\"4274\" \/><strong data-start=\"4274\" data-end=\"4284\">T\u016bris:<\/strong> 30 kapsuli\u0173<\/p>\n","protected":false},"excerpt":{"rendered":"<p data-start=\"4799\" data-end=\"4847\">Maisto papildas su spermidinu ir resveratroliu<\/p>\n<h2 data-start=\"4849\" data-end=\"4897\"><strong data-start=\"4849\" data-end=\"4897\">Vitalized &#8211; Spermidine &amp; Resveratrol Savyb\u0117s<\/strong><\/h2>\n<p data-start=\"4899\" data-end=\"5077\">\u2714\ufe0f Sud\u0117tyje yra spermidinas i\u0161 augalinio \u0161altinio<br data-start=\"4948\" data-end=\"4951\" \/>\u2714\ufe0f Sud\u0117tyje yra resveratrolis Veri-te\u2122<br data-start=\"4989\" data-end=\"4992\" \/>\u2714\ufe0f Kapsuli\u0173 forma patogiam vartojimui<br data-start=\"5029\" data-end=\"5032\" \/>\u2714\ufe0f Tinka reguliariam vartojimui<br data-start=\"5063\" data-end=\"5066\" \/>\u2714\ufe0f Be GMO<\/p>\n","protected":false},"featured_media":63425,"template":"","meta":[],"pwb-brand":[1354],"product_brand":[],"product_cat":[769],"product_tag":[],"giftcard-category":[],"class_list":{"0":"post-76928","1":"product","2":"type-product","3":"status-publish","4":"has-post-thumbnail","6":"pwb-brand-vitalized-lt","7":"product_cat-vitaminai","9":"first","10":"instock","11":"taxable","12":"shipping-taxable","13":"purchasable","14":"product-type-simple"},"acf":[],"brands":[{"id":1354,"name":"Vitalized","slug":"vitalized-lt"}],"_links":{"self":[{"href":"https:\/\/skinstudio.ee\/lt\/wp-json\/wp\/v2\/product\/76928","targetHints":{"allow":["GET"]}}],"collection":[{"href":"https:\/\/skinstudio.ee\/lt\/wp-json\/wp\/v2\/product"}],"about":[{"href":"https:\/\/skinstudio.ee\/lt\/wp-json\/wp\/v2\/types\/product"}],"version-history":[{"count":4,"href":"https:\/\/skinstudio.ee\/lt\/wp-json\/wp\/v2\/product\/76928\/revisions"}],"predecessor-version":[{"id":90018,"href":"https:\/\/skinstudio.ee\/lt\/wp-json\/wp\/v2\/product\/76928\/revisions\/90018"}],"wp:featuredmedia":[{"embeddable":true,"href":"https:\/\/skinstudio.ee\/lt\/wp-json\/wp\/v2\/media\/63425"}],"wp:attachment":[{"href":"https:\/\/skinstudio.ee\/lt\/wp-json\/wp\/v2\/media?parent=76928"}],"wp:term":[{"taxonomy":"pwb-brand","embeddable":true,"href":"https:\/\/skinstudio.ee\/lt\/wp-json\/wp\/v2\/pwb-brand?post=76928"},{"taxonomy":"product_brand","embeddable":true,"href":"https:\/\/skinstudio.ee\/lt\/wp-json\/wp\/v2\/product_brand?post=76928"},{"taxonomy":"product_cat","embeddable":true,"href":"https:\/\/skinstudio.ee\/lt\/wp-json\/wp\/v2\/product_cat?post=76928"},{"taxonomy":"product_tag","embeddable":true,"href":"https:\/\/skinstudio.ee\/lt\/wp-json\/wp\/v2\/product_tag?post=76928"},{"taxonomy":"giftcard-category","embeddable":true,"href":"https:\/\/skinstudio.ee\/lt\/wp-json\/wp\/v2\/giftcard-category?post=76928"}],"curies":[{"name":"wp","href":"https:\/\/api.w.org\/{rel}","templated":true}]}}