{"id":76934,"date":"2025-08-07T09:47:38","date_gmt":"2025-08-07T09:47:38","guid":{"rendered":"https:\/\/skinstudio.ee\/?post_type=product&#038;p=76934"},"modified":"2026-04-08T13:38:04","modified_gmt":"2026-04-08T13:38:04","slug":"vitalized-iron-eisen","status":"publish","type":"product","link":"https:\/\/skinstudio.ee\/lt\/catalog\/vitalized-lt\/vitalized-iron-eisen\/","title":{"rendered":"Iron+ \/ Eisen+"},"content":{"rendered":"<p data-start=\"954\" data-end=\"1219\">Gele\u017eis yra gyvybi\u0161kai svarbus mikroelementas, reikalingas energijai ir normaliai imunin\u0117s sistemos veiklai. D\u0117l mikroinkapsuliacijos technologijos Iron+ \/ Eisen+ 15 mg u\u017etikrina gele\u017eies form\u0105, kuri yra lengvai pasisavinama, stabili ir gerai toleruojama organizmo.<\/p>\n<p data-start=\"1221\" data-end=\"1519\">Formul\u0117 papildyta trimis svarbiais komponentais: vitaminu C, kuris skatina gele\u017eies pasisavinim\u0105, taip pat variu ir vitaminu B2, kurie palaiko jos apykait\u0105 ir veiksmingum\u0105. Toks kompleksinis po\u017ei\u016bris padeda apr\u016bpinti organizm\u0105 viskuo, ko reikia normaliai eritrocit\u0173 gamybai ir deguonies perne\u0161imui.<\/p>\n<p data-start=\"1521\" data-end=\"1544\"><strong data-start=\"1521\" data-end=\"1544\">Pagaminta Europoje.<\/strong><\/p>\n<p data-start=\"1546\" data-end=\"1721\"><strong data-start=\"1546\" data-end=\"1567\">Galiojimo laikas:<\/strong> \u017er. ant pakuot\u0117s<br data-start=\"1584\" data-end=\"1587\" \/><strong data-start=\"1587\" data-end=\"1607\">Laikymo s\u0105lygos:<\/strong> laikyti sandariai u\u017edaryt\u0105 v\u0117sioje ir sausoje vietoje<br data-start=\"1661\" data-end=\"1664\" \/><strong data-start=\"1664\" data-end=\"1674\">T\u016bris:<\/strong> 90 kapsuli\u0173 (15 mg gele\u017eies vienoje kapsul\u0117je)<\/p>\n","protected":false},"excerpt":{"rendered":"<p data-start=\"3251\" data-end=\"3320\">Maisto papildas su gele\u017eimi ir palaikan\u010diomis maistin\u0117mis med\u017eiagomis<\/p>\n<h2 data-start=\"3322\" data-end=\"3375\"><strong data-start=\"3322\" data-end=\"3375\">Vitalized &#8211; Iron+ \/ Eisen+ Savyb\u0117s<\/strong><\/h2>\n<p data-start=\"3377\" data-end=\"3667\">\u2714\ufe0f U\u017etikrina gerai pasisavinamos gele\u017eies formos vartojim\u0105<br data-start=\"3435\" data-end=\"3438\" \/>\u2714\ufe0f Padeda palaikyti bendr\u0105 energijos lyg\u012f<br data-start=\"3479\" data-end=\"3482\" \/>\u2714\ufe0f Sud\u0117tyje yra vitamino C, vario ir vitamino B2 kaip formul\u0117s papildymo<br data-start=\"3554\" data-end=\"3557\" \/>\u2714\ufe0f Prisideda prie subalansuoto mineral\u0173 ir vitamin\u0173 suvartojimo<br data-start=\"3620\" data-end=\"3623\" \/>\u2714\ufe0f Tinka reguliariam kasdieniam vartojimui<\/p>\n","protected":false},"featured_media":63430,"template":"","meta":[],"pwb-brand":[1354],"product_brand":[],"product_cat":[769],"product_tag":[],"giftcard-category":[],"class_list":{"0":"post-76934","1":"product","2":"type-product","3":"status-publish","4":"has-post-thumbnail","6":"pwb-brand-vitalized-lt","7":"product_cat-vitaminai","9":"first","10":"instock","11":"taxable","12":"shipping-taxable","13":"purchasable","14":"product-type-simple"},"acf":[],"brands":[{"id":1354,"name":"Vitalized","slug":"vitalized-lt"}],"_links":{"self":[{"href":"https:\/\/skinstudio.ee\/lt\/wp-json\/wp\/v2\/product\/76934","targetHints":{"allow":["GET"]}}],"collection":[{"href":"https:\/\/skinstudio.ee\/lt\/wp-json\/wp\/v2\/product"}],"about":[{"href":"https:\/\/skinstudio.ee\/lt\/wp-json\/wp\/v2\/types\/product"}],"version-history":[{"count":2,"href":"https:\/\/skinstudio.ee\/lt\/wp-json\/wp\/v2\/product\/76934\/revisions"}],"predecessor-version":[{"id":83116,"href":"https:\/\/skinstudio.ee\/lt\/wp-json\/wp\/v2\/product\/76934\/revisions\/83116"}],"wp:featuredmedia":[{"embeddable":true,"href":"https:\/\/skinstudio.ee\/lt\/wp-json\/wp\/v2\/media\/63430"}],"wp:attachment":[{"href":"https:\/\/skinstudio.ee\/lt\/wp-json\/wp\/v2\/media?parent=76934"}],"wp:term":[{"taxonomy":"pwb-brand","embeddable":true,"href":"https:\/\/skinstudio.ee\/lt\/wp-json\/wp\/v2\/pwb-brand?post=76934"},{"taxonomy":"product_brand","embeddable":true,"href":"https:\/\/skinstudio.ee\/lt\/wp-json\/wp\/v2\/product_brand?post=76934"},{"taxonomy":"product_cat","embeddable":true,"href":"https:\/\/skinstudio.ee\/lt\/wp-json\/wp\/v2\/product_cat?post=76934"},{"taxonomy":"product_tag","embeddable":true,"href":"https:\/\/skinstudio.ee\/lt\/wp-json\/wp\/v2\/product_tag?post=76934"},{"taxonomy":"giftcard-category","embeddable":true,"href":"https:\/\/skinstudio.ee\/lt\/wp-json\/wp\/v2\/giftcard-category?post=76934"}],"curies":[{"name":"wp","href":"https:\/\/api.w.org\/{rel}","templated":true}]}}