{"id":76938,"date":"2025-08-07T09:47:12","date_gmt":"2025-08-07T09:47:12","guid":{"rendered":"https:\/\/skinstudio.ee\/?post_type=product&#038;p=76938"},"modified":"2026-04-09T07:50:57","modified_gmt":"2026-04-09T07:50:57","slug":"vitalized-same","status":"publish","type":"product","link":"https:\/\/skinstudio.ee\/lt\/catalog\/vitalized-lt\/vitalized-same\/","title":{"rendered":"SAMe+"},"content":{"rendered":"<p data-start=\"3995\" data-end=\"4076\"><strong data-start=\"3995\" data-end=\"4018\">SAMe+ nuo Vitalized<\/strong> &#8211; maisto papildas su S-adenozilmetioninu ir vitaminais.<\/p>\n<p data-start=\"4078\" data-end=\"4170\">Sud\u0117tyje yra SAMe (Adonat\u00ae) ir papildyta vitaminais B6, B12, folio r\u016bg\u0161timi ir vitaminu C.<\/p>\n<p data-start=\"4172\" data-end=\"4229\">Sud\u0117tis apima aktyvi\u0173 komponent\u0173 derin\u012f kapsuli\u0173 forma.<\/p>\n<p data-start=\"4231\" data-end=\"4286\">Produktas pateikiamas patogiam kasdieniam vartojimui.<\/p>\n<p data-start=\"4288\" data-end=\"4350\">Be glitimo, tinkamas veganams ir atitinka Non-GMO standart\u0105.<\/p>\n<p data-start=\"4352\" data-end=\"4376\"><strong data-start=\"4352\" data-end=\"4374\">Pagaminta Europoje<\/strong><\/p>\n<p data-start=\"4378\" data-end=\"4520\"><strong data-start=\"4378\" data-end=\"4397\">Geriausias iki:<\/strong> \u017ei\u016br\u0117ti ant pakuot\u0117s<br data-start=\"4418\" data-end=\"4421\" \/><strong data-start=\"4421\" data-end=\"4441\">Laikymo s\u0105lygos:<\/strong> laikyti sandariai u\u017edaryt\u0105 v\u0117sioje, sausoje vietoje<br data-start=\"4493\" data-end=\"4496\" \/><strong data-start=\"4496\" data-end=\"4506\">T\u016bris:<\/strong> 60 kapsuli\u0173<\/p>\n","protected":false},"excerpt":{"rendered":"<p data-start=\"5032\" data-end=\"5079\">Maisto papildas su SAMe ir B bei C vitaminais<\/p>\n<h2 data-start=\"5081\" data-end=\"5110\"><strong data-start=\"5081\" data-end=\"5110\">Vitalized &#8211; SAMe+ Savyb\u0117s<\/strong><\/h2>\n<p data-start=\"5112\" data-end=\"5263\">\u2714\ufe0f Sud\u0117tyje yra SAMe (Adonat\u00ae)<br data-start=\"5142\" data-end=\"5145\" \/>\u2714\ufe0f Papildyta B ir C vitaminais<br data-start=\"5175\" data-end=\"5178\" \/>\u2714\ufe0f Kapsuli\u0173 forma patogiam vartojimui<br data-start=\"5215\" data-end=\"5218\" \/>\u2714\ufe0f Tinka reguliariam vartojimui<br data-start=\"5249\" data-end=\"5252\" \/>\u2714\ufe0f Be GMO<\/p>\n","protected":false},"featured_media":63435,"template":"","meta":[],"pwb-brand":[1354],"product_brand":[],"product_cat":[769],"product_tag":[],"giftcard-category":[],"class_list":{"0":"post-76938","1":"product","2":"type-product","3":"status-publish","4":"has-post-thumbnail","6":"pwb-brand-vitalized-lt","7":"product_cat-vitaminai","9":"first","10":"instock","11":"taxable","12":"shipping-taxable","13":"purchasable","14":"product-type-simple"},"acf":[],"brands":[{"id":1354,"name":"Vitalized","slug":"vitalized-lt"}],"_links":{"self":[{"href":"https:\/\/skinstudio.ee\/lt\/wp-json\/wp\/v2\/product\/76938","targetHints":{"allow":["GET"]}}],"collection":[{"href":"https:\/\/skinstudio.ee\/lt\/wp-json\/wp\/v2\/product"}],"about":[{"href":"https:\/\/skinstudio.ee\/lt\/wp-json\/wp\/v2\/types\/product"}],"version-history":[{"count":3,"href":"https:\/\/skinstudio.ee\/lt\/wp-json\/wp\/v2\/product\/76938\/revisions"}],"predecessor-version":[{"id":90028,"href":"https:\/\/skinstudio.ee\/lt\/wp-json\/wp\/v2\/product\/76938\/revisions\/90028"}],"wp:featuredmedia":[{"embeddable":true,"href":"https:\/\/skinstudio.ee\/lt\/wp-json\/wp\/v2\/media\/63435"}],"wp:attachment":[{"href":"https:\/\/skinstudio.ee\/lt\/wp-json\/wp\/v2\/media?parent=76938"}],"wp:term":[{"taxonomy":"pwb-brand","embeddable":true,"href":"https:\/\/skinstudio.ee\/lt\/wp-json\/wp\/v2\/pwb-brand?post=76938"},{"taxonomy":"product_brand","embeddable":true,"href":"https:\/\/skinstudio.ee\/lt\/wp-json\/wp\/v2\/product_brand?post=76938"},{"taxonomy":"product_cat","embeddable":true,"href":"https:\/\/skinstudio.ee\/lt\/wp-json\/wp\/v2\/product_cat?post=76938"},{"taxonomy":"product_tag","embeddable":true,"href":"https:\/\/skinstudio.ee\/lt\/wp-json\/wp\/v2\/product_tag?post=76938"},{"taxonomy":"giftcard-category","embeddable":true,"href":"https:\/\/skinstudio.ee\/lt\/wp-json\/wp\/v2\/giftcard-category?post=76938"}],"curies":[{"name":"wp","href":"https:\/\/api.w.org\/{rel}","templated":true}]}}