{"id":76943,"date":"2025-08-07T09:43:07","date_gmt":"2025-08-07T09:43:07","guid":{"rendered":"https:\/\/skinstudio.ee\/?post_type=product&#038;p=76943"},"modified":"2026-04-08T13:42:34","modified_gmt":"2026-04-08T13:42:34","slug":"vitalized-omega-3-vegan","status":"publish","type":"product","link":"https:\/\/skinstudio.ee\/lt\/catalog\/vitalized-lt\/vitalized-omega-3-vegan\/","title":{"rendered":"Omega-3 Vegan"},"content":{"rendered":"<p data-start=\"1985\" data-end=\"2169\">Omega-3 riebal\u0173 r\u016bg\u0161tys, \u012fskaitant EPA ir DHA, yra b\u016btinos tinkamam organizmo funkcionavimui. Jos atlieka svarb\u0173 vaidmen\u012f palaikant \u0161irdies, smegen\u0173, reg\u0117jimo ir kit\u0173 sistem\u0173 sveikat\u0105.<\/p>\n<p data-start=\"2171\" data-end=\"2491\">\u017duv\u0173 tauk\u0173 nauda yra gerai i\u0161tirta ir siejama b\u016btent su EPA ir DHA deriniu. Dauguma augalini\u0173 alternatyv\u0173 turi tik DHA, o Omega-3 Vegan apr\u016bpina organizm\u0105 900 mg EPA ir DHA i\u0161 gryn\u0173, auk\u0161tos kokyb\u0117s dumbli\u0173, vartojant vos dvi kapsules per dien\u0105. Produktas gaminamas Europoje, be glitimo ir GMO, tinka veganams.<\/p>\n<p data-start=\"2493\" data-end=\"2516\"><strong data-start=\"2493\" data-end=\"2516\">Pagaminta Europoje.<\/strong><\/p>\n<p data-start=\"2518\" data-end=\"2658\"><strong data-start=\"2518\" data-end=\"2539\">Galiojimo laikas:<\/strong> \u017er. ant pakuot\u0117s<br data-start=\"2556\" data-end=\"2559\" \/><strong data-start=\"2559\" data-end=\"2579\">Laikymo s\u0105lygos:<\/strong> laikyti sandariai u\u017edaryt\u0105 v\u0117sioje ir sausoje vietoje<br data-start=\"2633\" data-end=\"2636\" \/><strong data-start=\"2636\" data-end=\"2646\">T\u016bris:<\/strong> 60 kapsuli\u0173<\/p>\n","protected":false},"excerpt":{"rendered":"<p data-start=\"3287\" data-end=\"3342\">Maisto papildas su augalin\u0117s kilm\u0117s omega-3, EPA ir DHA<\/p>\n<h2 data-start=\"3344\" data-end=\"3396\"><strong data-start=\"3344\" data-end=\"3396\">Vitalized &#8211; Omega-3 Vegan Savyb\u0117s<\/strong><\/h2>\n<p data-start=\"3398\" data-end=\"3663\">\u2714\ufe0f Padeda palaikyti \u0161irdies ir kraujagysli\u0173 sistemos sveikat\u0105<br data-start=\"3459\" data-end=\"3462\" \/>\u2714\ufe0f Padeda i\u0161laikyti ai\u0161k\u0173 m\u0105stym\u0105 ir normali\u0105 smegen\u0173 veikl\u0105<br data-start=\"3522\" data-end=\"3525\" \/>\u2714\ufe0f Prisideda prie reg\u0117jimo komforto ir ai\u0161kumo<br data-start=\"3571\" data-end=\"3574\" \/>\u2714\ufe0f Sud\u0117tyje yra visavertis EPA ir DHA kompleksas<br data-start=\"3622\" data-end=\"3625\" \/>\u2714\ufe0f Tinka veganams, be glitimo ir GMO<\/p>\n","protected":false},"featured_media":63445,"template":"","meta":[],"pwb-brand":[1354],"product_brand":[],"product_cat":[769],"product_tag":[],"giftcard-category":[],"class_list":{"0":"post-76943","1":"product","2":"type-product","3":"status-publish","4":"has-post-thumbnail","6":"pwb-brand-vitalized-lt","7":"product_cat-vitaminai","9":"first","10":"instock","11":"taxable","12":"shipping-taxable","13":"purchasable","14":"product-type-simple"},"acf":[],"brands":[{"id":1354,"name":"Vitalized","slug":"vitalized-lt"}],"_links":{"self":[{"href":"https:\/\/skinstudio.ee\/lt\/wp-json\/wp\/v2\/product\/76943","targetHints":{"allow":["GET"]}}],"collection":[{"href":"https:\/\/skinstudio.ee\/lt\/wp-json\/wp\/v2\/product"}],"about":[{"href":"https:\/\/skinstudio.ee\/lt\/wp-json\/wp\/v2\/types\/product"}],"version-history":[{"count":2,"href":"https:\/\/skinstudio.ee\/lt\/wp-json\/wp\/v2\/product\/76943\/revisions"}],"predecessor-version":[{"id":83126,"href":"https:\/\/skinstudio.ee\/lt\/wp-json\/wp\/v2\/product\/76943\/revisions\/83126"}],"wp:featuredmedia":[{"embeddable":true,"href":"https:\/\/skinstudio.ee\/lt\/wp-json\/wp\/v2\/media\/63445"}],"wp:attachment":[{"href":"https:\/\/skinstudio.ee\/lt\/wp-json\/wp\/v2\/media?parent=76943"}],"wp:term":[{"taxonomy":"pwb-brand","embeddable":true,"href":"https:\/\/skinstudio.ee\/lt\/wp-json\/wp\/v2\/pwb-brand?post=76943"},{"taxonomy":"product_brand","embeddable":true,"href":"https:\/\/skinstudio.ee\/lt\/wp-json\/wp\/v2\/product_brand?post=76943"},{"taxonomy":"product_cat","embeddable":true,"href":"https:\/\/skinstudio.ee\/lt\/wp-json\/wp\/v2\/product_cat?post=76943"},{"taxonomy":"product_tag","embeddable":true,"href":"https:\/\/skinstudio.ee\/lt\/wp-json\/wp\/v2\/product_tag?post=76943"},{"taxonomy":"giftcard-category","embeddable":true,"href":"https:\/\/skinstudio.ee\/lt\/wp-json\/wp\/v2\/giftcard-category?post=76943"}],"curies":[{"name":"wp","href":"https:\/\/api.w.org\/{rel}","templated":true}]}}