{"id":76947,"date":"2025-08-07T09:41:05","date_gmt":"2025-08-07T09:41:05","guid":{"rendered":"https:\/\/skinstudio.ee\/?post_type=product&#038;p=76947"},"modified":"2026-04-08T13:46:28","modified_gmt":"2026-04-08T13:46:28","slug":"vitalized-collagen-caps","status":"publish","type":"product","link":"https:\/\/skinstudio.ee\/lt\/catalog\/vitalized-lt\/vitalized-collagen-caps\/","title":{"rendered":"Collagen Caps"},"content":{"rendered":"<p data-start=\"2058\" data-end=\"2157\">Kolagenas tapo populiaria maistine med\u017eiaga tiems, kurie nori palaikyti gro\u017e\u012f ir i\u0161saugoti judrum\u0105.<\/p>\n<p data-start=\"2159\" data-end=\"2408\">Collagen Caps sujungia kelias kolageno r\u016b\u0161is i\u0161 dviej\u0173 moksli\u0161kai pagr\u012fst\u0173 \u0161altini\u0173: atsakingai gautos \u017euvies ir kiau\u0161inio luk\u0161to membranos. Membranos tiek\u0117jas dalijasi vartotoj\u0173 siekiu u\u017etikrinti eti\u0161k\u0105 po\u017ei\u016br\u012f \u012f gyv\u016bnus maisto pramon\u0117je.<\/p>\n<p data-start=\"2410\" data-end=\"2671\">Skirtingai nei dauguma kolageno produkt\u0173, kurie pateikiami milteli\u0173 ar g\u0117rim\u0173 su priedais pavidalu, \u0161i formul\u0117 yra kapsul\u0117se ir reikalauja tik dviej\u0173 kapsuli\u0173 per dien\u0105. Be saldikli\u0173, kvapi\u0173j\u0173 med\u017eiag\u0173 ir da\u017eikli\u0173 \u2014 tik nat\u016brali akacijos skaidula kaip u\u017epildas.<\/p>\n<p data-start=\"2673\" data-end=\"2763\">Papildomam palaikymui maisto papildas praturtintas cinku ir gerai pasisavinamu vitaminu C.<\/p>\n<p data-start=\"2765\" data-end=\"2788\"><strong data-start=\"2765\" data-end=\"2788\">Pagaminta Europoje.<\/strong><\/p>\n<p data-start=\"2790\" data-end=\"2930\"><strong data-start=\"2790\" data-end=\"2811\">Galiojimo laikas:<\/strong> \u017er. ant pakuot\u0117s<br data-start=\"2828\" data-end=\"2831\" \/><strong data-start=\"2831\" data-end=\"2851\">Laikymo s\u0105lygos:<\/strong> laikyti sandariai u\u017edaryt\u0105 v\u0117sioje ir sausoje vietoje<br data-start=\"2905\" data-end=\"2908\" \/><strong data-start=\"2908\" data-end=\"2918\">T\u016bris:<\/strong> 60 kapsuli\u0173<\/p>\n","protected":false},"excerpt":{"rendered":"<p data-start=\"3528\" data-end=\"3576\">Maisto papildas su kolagenu, cinku ir vitaminu C<\/p>\n<h2 data-start=\"3578\" data-end=\"3630\"><strong data-start=\"3578\" data-end=\"3630\">Vitalized &#8211; Collagen Caps Savyb\u0117s<\/strong><\/h2>\n<p data-start=\"3632\" data-end=\"3864\">\u2714\ufe0f Padeda palaikyti sveik\u0105 odos i\u0161vaizd\u0105<br data-start=\"3672\" data-end=\"3675\" \/>\u2714\ufe0f Padeda i\u0161laikyti odos stangrum\u0105 ir elastingum\u0105<br data-start=\"3724\" data-end=\"3727\" \/>\u2714\ufe0f Palaiko pri\u017ei\u016br\u0117t\u0105 plauk\u0173 ir nag\u0173 i\u0161vaizd\u0105<br data-start=\"3772\" data-end=\"3775\" \/>\u2714\ufe0f Prisideda prie s\u0105nari\u0173 ir rai\u0161\u010di\u0173 komforto<br data-start=\"3820\" data-end=\"3823\" \/>\u2714\ufe0f Padeda suma\u017einti odos sausumo poj\u016bt\u012f<\/p>\n","protected":false},"featured_media":40151,"template":"","meta":[],"pwb-brand":[1354],"product_brand":[],"product_cat":[769],"product_tag":[],"giftcard-category":[],"class_list":{"0":"post-76947","1":"product","2":"type-product","3":"status-publish","4":"has-post-thumbnail","6":"pwb-brand-vitalized-lt","7":"product_cat-vitaminai","9":"first","10":"instock","11":"taxable","12":"shipping-taxable","13":"purchasable","14":"product-type-simple"},"acf":[],"brands":[{"id":1354,"name":"Vitalized","slug":"vitalized-lt"}],"_links":{"self":[{"href":"https:\/\/skinstudio.ee\/lt\/wp-json\/wp\/v2\/product\/76947","targetHints":{"allow":["GET"]}}],"collection":[{"href":"https:\/\/skinstudio.ee\/lt\/wp-json\/wp\/v2\/product"}],"about":[{"href":"https:\/\/skinstudio.ee\/lt\/wp-json\/wp\/v2\/types\/product"}],"version-history":[{"count":2,"href":"https:\/\/skinstudio.ee\/lt\/wp-json\/wp\/v2\/product\/76947\/revisions"}],"predecessor-version":[{"id":83131,"href":"https:\/\/skinstudio.ee\/lt\/wp-json\/wp\/v2\/product\/76947\/revisions\/83131"}],"wp:featuredmedia":[{"embeddable":true,"href":"https:\/\/skinstudio.ee\/lt\/wp-json\/wp\/v2\/media\/40151"}],"wp:attachment":[{"href":"https:\/\/skinstudio.ee\/lt\/wp-json\/wp\/v2\/media?parent=76947"}],"wp:term":[{"taxonomy":"pwb-brand","embeddable":true,"href":"https:\/\/skinstudio.ee\/lt\/wp-json\/wp\/v2\/pwb-brand?post=76947"},{"taxonomy":"product_brand","embeddable":true,"href":"https:\/\/skinstudio.ee\/lt\/wp-json\/wp\/v2\/product_brand?post=76947"},{"taxonomy":"product_cat","embeddable":true,"href":"https:\/\/skinstudio.ee\/lt\/wp-json\/wp\/v2\/product_cat?post=76947"},{"taxonomy":"product_tag","embeddable":true,"href":"https:\/\/skinstudio.ee\/lt\/wp-json\/wp\/v2\/product_tag?post=76947"},{"taxonomy":"giftcard-category","embeddable":true,"href":"https:\/\/skinstudio.ee\/lt\/wp-json\/wp\/v2\/giftcard-category?post=76947"}],"curies":[{"name":"wp","href":"https:\/\/api.w.org\/{rel}","templated":true}]}}