{"id":76951,"date":"2025-08-07T09:40:16","date_gmt":"2025-08-07T09:40:16","guid":{"rendered":"https:\/\/skinstudio.ee\/?post_type=product&#038;p=76951"},"modified":"2026-04-09T08:06:21","modified_gmt":"2026-04-09T08:06:21","slug":"vitalized-lactoferrin","status":"publish","type":"product","link":"https:\/\/skinstudio.ee\/lt\/catalog\/vitalized-lt\/vitalized-lactoferrin\/","title":{"rendered":"Lactoferrin+"},"content":{"rendered":"<p data-start=\"3486\" data-end=\"3552\"><strong data-start=\"3486\" data-end=\"3516\">Lactoferrin+ nuo Vitalized<\/strong> &#8211; maisto papildas su laktoferinu.<\/p>\n<p data-start=\"3554\" data-end=\"3656\">Sud\u0117tyje yra laktoferinas \u2014 baltymas, nat\u016braliai randamas piene ir kituose biologiniuose skys\u010diuose.<\/p>\n<p data-start=\"3658\" data-end=\"3713\">Sud\u0117tis apima komponent\u0105, kuris jungiasi su gele\u017eimi.<\/p>\n<p data-start=\"3715\" data-end=\"3785\">Produktas pateikiamas kapsuli\u0173 forma patogiam kasdieniam vartojimui.<\/p>\n<p data-start=\"3787\" data-end=\"3811\"><strong data-start=\"3787\" data-end=\"3809\">Pagaminta Europoje<\/strong><\/p>\n<p data-start=\"3813\" data-end=\"3955\"><strong data-start=\"3813\" data-end=\"3832\">Geriausias iki:<\/strong> \u017ei\u016br\u0117ti ant pakuot\u0117s<br data-start=\"3853\" data-end=\"3856\" \/><strong data-start=\"3856\" data-end=\"3876\">Laikymo s\u0105lygos:<\/strong> laikyti sandariai u\u017edaryt\u0105 v\u0117sioje, sausoje vietoje<br data-start=\"3928\" data-end=\"3931\" \/><strong data-start=\"3931\" data-end=\"3941\">T\u016bris:<\/strong> 60 kapsuli\u0173<\/p>\n","protected":false},"excerpt":{"rendered":"<p data-start=\"4408\" data-end=\"4440\">Maisto papildas su laktoferinu<\/p>\n<h2 data-start=\"4442\" data-end=\"4478\"><strong data-start=\"4442\" data-end=\"4478\">Vitalized &#8211; Lactoferrin+ Savyb\u0117s<\/strong><\/h2>\n<p data-start=\"4480\" data-end=\"4630\">\u2714\ufe0f Sud\u0117tyje yra laktoferinas<br data-start=\"4508\" data-end=\"4511\" \/>\u2714\ufe0f Laktoferino baltym\u0173 \u0161altinis<br data-start=\"4542\" data-end=\"4545\" \/>\u2714\ufe0f Kapsuli\u0173 forma patogiam vartojimui<br data-start=\"4582\" data-end=\"4585\" \/>\u2714\ufe0f Tinka reguliariam vartojimui<br data-start=\"4616\" data-end=\"4619\" \/>\u2714\ufe0f Be GMO<\/p>\n","protected":false},"featured_media":63450,"template":"","meta":[],"pwb-brand":[1354],"product_brand":[],"product_cat":[769],"product_tag":[],"giftcard-category":[],"class_list":{"0":"post-76951","1":"product","2":"type-product","3":"status-publish","4":"has-post-thumbnail","6":"pwb-brand-vitalized-lt","7":"product_cat-vitaminai","9":"first","10":"instock","11":"taxable","12":"shipping-taxable","13":"purchasable","14":"product-type-simple"},"acf":[],"brands":[{"id":1354,"name":"Vitalized","slug":"vitalized-lt"}],"_links":{"self":[{"href":"https:\/\/skinstudio.ee\/lt\/wp-json\/wp\/v2\/product\/76951","targetHints":{"allow":["GET"]}}],"collection":[{"href":"https:\/\/skinstudio.ee\/lt\/wp-json\/wp\/v2\/product"}],"about":[{"href":"https:\/\/skinstudio.ee\/lt\/wp-json\/wp\/v2\/types\/product"}],"version-history":[{"count":3,"href":"https:\/\/skinstudio.ee\/lt\/wp-json\/wp\/v2\/product\/76951\/revisions"}],"predecessor-version":[{"id":90047,"href":"https:\/\/skinstudio.ee\/lt\/wp-json\/wp\/v2\/product\/76951\/revisions\/90047"}],"wp:featuredmedia":[{"embeddable":true,"href":"https:\/\/skinstudio.ee\/lt\/wp-json\/wp\/v2\/media\/63450"}],"wp:attachment":[{"href":"https:\/\/skinstudio.ee\/lt\/wp-json\/wp\/v2\/media?parent=76951"}],"wp:term":[{"taxonomy":"pwb-brand","embeddable":true,"href":"https:\/\/skinstudio.ee\/lt\/wp-json\/wp\/v2\/pwb-brand?post=76951"},{"taxonomy":"product_brand","embeddable":true,"href":"https:\/\/skinstudio.ee\/lt\/wp-json\/wp\/v2\/product_brand?post=76951"},{"taxonomy":"product_cat","embeddable":true,"href":"https:\/\/skinstudio.ee\/lt\/wp-json\/wp\/v2\/product_cat?post=76951"},{"taxonomy":"product_tag","embeddable":true,"href":"https:\/\/skinstudio.ee\/lt\/wp-json\/wp\/v2\/product_tag?post=76951"},{"taxonomy":"giftcard-category","embeddable":true,"href":"https:\/\/skinstudio.ee\/lt\/wp-json\/wp\/v2\/giftcard-category?post=76951"}],"curies":[{"name":"wp","href":"https:\/\/api.w.org\/{rel}","templated":true}]}}