{"id":76956,"date":"2025-06-17T09:12:55","date_gmt":"2025-06-17T09:12:55","guid":{"rendered":"https:\/\/skinstudio.ee\/?post_type=product&#038;p=76956"},"modified":"2026-04-16T08:43:59","modified_gmt":"2026-04-16T08:43:59","slug":"inositol","status":"publish","type":"product","link":"https:\/\/skinstudio.ee\/lt\/catalog\/life-extension\/inositol\/","title":{"rendered":"Inositol"},"content":{"rendered":"<p data-start=\"2121\" data-end=\"2202\"><strong data-start=\"2128\" data-end=\"2164\">Inositol Caps nuo Life Extension<\/strong> yra maisto papildas su mio-inozitolu.<\/p>\n<p data-start=\"2204\" data-end=\"2337\">Formul\u0117 suteikia 1000 mg mio-inozitolio vienoje kapsul\u0117je. Mio-inozitolis yra nat\u016bralus junginys, kuris yra l\u0105steli\u0173 strukt\u016br\u0173 dalis.<\/p>\n<p data-start=\"2339\" data-end=\"2396\">Produktas pateikiamas kapsuli\u0173 forma patogiam vartojimui.<\/p>\n<p data-start=\"2398\" data-end=\"2423\"><strong data-start=\"2398\" data-end=\"2421\">Pagaminta Europoje.<\/strong><\/p>\n<p data-start=\"2425\" data-end=\"2566\"><strong data-start=\"2425\" data-end=\"2444\">Geriausias iki:<\/strong> \u017er. ant pakuot\u0117s<br data-start=\"2461\" data-end=\"2464\" \/><strong data-start=\"2464\" data-end=\"2484\">Laikymo s\u0105lygos:<\/strong> laikyti sandariai u\u017edaryt\u0105 v\u0117sioje ir sausoje vietoje<br data-start=\"2538\" data-end=\"2541\" \/><strong data-start=\"2541\" data-end=\"2551\">T\u016bris:<\/strong> 360 kapsuli\u0173<\/p>\n","protected":false},"excerpt":{"rendered":"<p data-start=\"2573\" data-end=\"2607\">Maisto papildas su mio-inozitolu<\/p>\n<h2 data-start=\"2609\" data-end=\"2651\"><strong data-start=\"2609\" data-end=\"2651\">Life Extension &#8211; Inositol Caps Savyb\u0117s<\/strong><\/h2>\n<p data-start=\"2653\" data-end=\"2832\">\u2714\ufe0f 1000 mg mio-inozitolio vienoje kapsul\u0117je<br data-start=\"2696\" data-end=\"2699\" \/>\u2714\ufe0f Didel\u0117 doz\u0117 vienoje porcijoje<br data-start=\"2731\" data-end=\"2734\" \/>\u2714\ufe0f Kapsuli\u0173 forma patogiam vartojimui<br data-start=\"2771\" data-end=\"2774\" \/>\u2714\ufe0f Tinka kasdieniam vartojimui<br data-start=\"2804\" data-end=\"2807\" \/>\u2714\ufe0f Be glitimo ir be GMO<\/p>\n","protected":false},"featured_media":63455,"template":"","meta":[],"pwb-brand":[775],"product_brand":[],"product_cat":[769],"product_tag":[],"giftcard-category":[],"class_list":{"0":"post-76956","1":"product","2":"type-product","3":"status-publish","4":"has-post-thumbnail","6":"pwb-brand-life-extension","7":"product_cat-vitaminai","9":"first","10":"instock","11":"taxable","12":"shipping-taxable","13":"purchasable","14":"product-type-simple"},"acf":[],"brands":[{"id":775,"name":"Life Extension","slug":"life-extension"}],"_links":{"self":[{"href":"https:\/\/skinstudio.ee\/lt\/wp-json\/wp\/v2\/product\/76956","targetHints":{"allow":["GET"]}}],"collection":[{"href":"https:\/\/skinstudio.ee\/lt\/wp-json\/wp\/v2\/product"}],"about":[{"href":"https:\/\/skinstudio.ee\/lt\/wp-json\/wp\/v2\/types\/product"}],"version-history":[{"count":3,"href":"https:\/\/skinstudio.ee\/lt\/wp-json\/wp\/v2\/product\/76956\/revisions"}],"predecessor-version":[{"id":88222,"href":"https:\/\/skinstudio.ee\/lt\/wp-json\/wp\/v2\/product\/76956\/revisions\/88222"}],"wp:featuredmedia":[{"embeddable":true,"href":"https:\/\/skinstudio.ee\/lt\/wp-json\/wp\/v2\/media\/63455"}],"wp:attachment":[{"href":"https:\/\/skinstudio.ee\/lt\/wp-json\/wp\/v2\/media?parent=76956"}],"wp:term":[{"taxonomy":"pwb-brand","embeddable":true,"href":"https:\/\/skinstudio.ee\/lt\/wp-json\/wp\/v2\/pwb-brand?post=76956"},{"taxonomy":"product_brand","embeddable":true,"href":"https:\/\/skinstudio.ee\/lt\/wp-json\/wp\/v2\/product_brand?post=76956"},{"taxonomy":"product_cat","embeddable":true,"href":"https:\/\/skinstudio.ee\/lt\/wp-json\/wp\/v2\/product_cat?post=76956"},{"taxonomy":"product_tag","embeddable":true,"href":"https:\/\/skinstudio.ee\/lt\/wp-json\/wp\/v2\/product_tag?post=76956"},{"taxonomy":"giftcard-category","embeddable":true,"href":"https:\/\/skinstudio.ee\/lt\/wp-json\/wp\/v2\/giftcard-category?post=76956"}],"curies":[{"name":"wp","href":"https:\/\/api.w.org\/{rel}","templated":true}]}}