{"id":76961,"date":"2025-06-17T09:11:20","date_gmt":"2025-06-17T09:11:20","guid":{"rendered":"https:\/\/skinstudio.ee\/?post_type=product&#038;p=76961"},"modified":"2026-04-07T09:04:24","modified_gmt":"2026-04-07T09:04:24","slug":"digestive-enzymes","status":"publish","type":"product","link":"https:\/\/skinstudio.ee\/lt\/catalog\/life-extension\/digestive-enzymes\/","title":{"rendered":"Digestive Enzymes"},"content":{"rendered":"<p data-start=\"2214\" data-end=\"2315\"><strong data-start=\"2221\" data-end=\"2261\">Digestive Enzymes nuo Life Extension<\/strong> yra maisto papildas su vir\u0161kinimo ferment\u0173 kompleksu.<\/p>\n<p data-start=\"2317\" data-end=\"2463\">Formul\u0117je yra fermentai, \u012fskaitant amilaz\u0119, lipaz\u0119 ir proteaz\u0119, taip pat betain\u0105 HCl. Kompleksas sujungia fermentus, naudojamus maisto papilduose.<\/p>\n<p data-start=\"2465\" data-end=\"2502\">Produktas pateikiamas kapsuli\u0173 forma.<\/p>\n<p data-start=\"2504\" data-end=\"2529\"><strong data-start=\"2504\" data-end=\"2527\">Pagaminta Europoje.<\/strong><\/p>\n<p data-start=\"2531\" data-end=\"2671\"><strong data-start=\"2531\" data-end=\"2550\">Geriausias iki:<\/strong> \u017er. ant pakuot\u0117s<br data-start=\"2567\" data-end=\"2570\" \/><strong data-start=\"2570\" data-end=\"2590\">Laikymo s\u0105lygos:<\/strong> laikyti sandariai u\u017edaryt\u0105 v\u0117sioje ir sausoje vietoje<br data-start=\"2644\" data-end=\"2647\" \/><strong data-start=\"2647\" data-end=\"2657\">T\u016bris:<\/strong> 60 kapsuli\u0173<\/p>\n","protected":false},"excerpt":{"rendered":"<p data-start=\"2678\" data-end=\"2720\">Maisto papildas su vir\u0161kinimo fermentais<\/p>\n<h2 data-start=\"2722\" data-end=\"2768\"><strong data-start=\"2722\" data-end=\"2768\">Life Extension &#8211; Digestive Enzymes Savyb\u0117s<\/strong><\/h2>\n<p data-start=\"2770\" data-end=\"2947\">\u2714\ufe0f Ferment\u0173 kompleksas vienoje formul\u0117je<br data-start=\"2810\" data-end=\"2813\" \/>\u2714\ufe0f Amilaz\u0117, lipaz\u0117 ir proteaz\u0117 sud\u0117tyje<br data-start=\"2852\" data-end=\"2855\" \/>\u2714\ufe0f Papildyta betainu HCl<br data-start=\"2879\" data-end=\"2882\" \/>\u2714\ufe0f Kapsuli\u0173 forma patogiam vartojimui<br data-start=\"2919\" data-end=\"2922\" \/>\u2714\ufe0f Be glitimo ir be GMO<\/p>\n","protected":false},"featured_media":63460,"template":"","meta":[],"pwb-brand":[775],"product_brand":[],"product_cat":[769],"product_tag":[],"giftcard-category":[],"class_list":{"0":"post-76961","1":"product","2":"type-product","3":"status-publish","4":"has-post-thumbnail","6":"pwb-brand-life-extension","7":"product_cat-vitaminai","9":"first","10":"instock","11":"taxable","12":"shipping-taxable","13":"purchasable","14":"product-type-simple"},"acf":[],"brands":[{"id":775,"name":"Life Extension","slug":"life-extension"}],"_links":{"self":[{"href":"https:\/\/skinstudio.ee\/lt\/wp-json\/wp\/v2\/product\/76961","targetHints":{"allow":["GET"]}}],"collection":[{"href":"https:\/\/skinstudio.ee\/lt\/wp-json\/wp\/v2\/product"}],"about":[{"href":"https:\/\/skinstudio.ee\/lt\/wp-json\/wp\/v2\/types\/product"}],"version-history":[{"count":2,"href":"https:\/\/skinstudio.ee\/lt\/wp-json\/wp\/v2\/product\/76961\/revisions"}],"predecessor-version":[{"id":88217,"href":"https:\/\/skinstudio.ee\/lt\/wp-json\/wp\/v2\/product\/76961\/revisions\/88217"}],"wp:featuredmedia":[{"embeddable":true,"href":"https:\/\/skinstudio.ee\/lt\/wp-json\/wp\/v2\/media\/63460"}],"wp:attachment":[{"href":"https:\/\/skinstudio.ee\/lt\/wp-json\/wp\/v2\/media?parent=76961"}],"wp:term":[{"taxonomy":"pwb-brand","embeddable":true,"href":"https:\/\/skinstudio.ee\/lt\/wp-json\/wp\/v2\/pwb-brand?post=76961"},{"taxonomy":"product_brand","embeddable":true,"href":"https:\/\/skinstudio.ee\/lt\/wp-json\/wp\/v2\/product_brand?post=76961"},{"taxonomy":"product_cat","embeddable":true,"href":"https:\/\/skinstudio.ee\/lt\/wp-json\/wp\/v2\/product_cat?post=76961"},{"taxonomy":"product_tag","embeddable":true,"href":"https:\/\/skinstudio.ee\/lt\/wp-json\/wp\/v2\/product_tag?post=76961"},{"taxonomy":"giftcard-category","embeddable":true,"href":"https:\/\/skinstudio.ee\/lt\/wp-json\/wp\/v2\/giftcard-category?post=76961"}],"curies":[{"name":"wp","href":"https:\/\/api.w.org\/{rel}","templated":true}]}}