{"id":76967,"date":"2025-06-17T09:02:47","date_gmt":"2025-06-17T09:02:47","guid":{"rendered":"https:\/\/skinstudio.ee\/?post_type=product&#038;p=76967"},"modified":"2026-04-07T09:07:41","modified_gmt":"2026-04-07T09:07:41","slug":"optimised-quercetin","status":"publish","type":"product","link":"https:\/\/skinstudio.ee\/lt\/catalog\/life-extension\/optimised-quercetin\/","title":{"rendered":"Optimised Quercetin"},"content":{"rendered":"<p data-start=\"2786\" data-end=\"2896\"><strong data-start=\"2786\" data-end=\"2828\">Optimised Quercetin nuo Life Extension<\/strong> &#8211; maisto papildas su kvercetinu, vitaminu C ir camu-camu ekstraktu.<\/p>\n<p data-start=\"2898\" data-end=\"3112\">Vitaminas C padeda palaikyti normali\u0105 imunin\u0117s sistemos veikl\u0105 ir padeda apsaugoti l\u0105steles nuo oksidacinio streso. Jis taip pat padeda ma\u017einti nuovarg\u012f ir silpnum\u0105 bei prisideda prie normalios energijos apykaitos.<\/p>\n<p data-start=\"3114\" data-end=\"3259\">Formul\u0117 sud\u0117tyje turi 250 mg kvercetino, taip pat vitamino C ir camu-camu ekstrakto, ir pateikiama kapsuli\u0173 forma patogiam kasdieniam vartojimui.<\/p>\n<p data-start=\"3261\" data-end=\"3433\"><strong data-start=\"3261\" data-end=\"3284\">Pagaminta Europoje.<\/strong><br data-start=\"3284\" data-end=\"3287\" \/><strong data-start=\"3287\" data-end=\"3308\">Galiojimo laikas:<\/strong> \u017ei\u016br\u0117ti ant pakuot\u0117s<br data-start=\"3329\" data-end=\"3332\" \/><strong data-start=\"3332\" data-end=\"3352\">Laikymo s\u0105lygos:<\/strong> laikyti sandariai u\u017edaryt\u0105 v\u0117sioje ir sausoje vietoje<br data-start=\"3406\" data-end=\"3409\" \/><strong data-start=\"3409\" data-end=\"3419\">T\u016bris:<\/strong> 60 kapsuli\u0173<\/p>\n","protected":false},"excerpt":{"rendered":"<p data-start=\"3440\" data-end=\"3471\">Maisto papildas su kvercetinu<\/p>\n<h2 data-section-id=\"edv6fx\" data-start=\"3473\" data-end=\"3525\"><strong data-start=\"3477\" data-end=\"3525\">Life Extension &#8211; Optimised Quercetin Savyb\u0117s<\/strong><\/h2>\n<p data-start=\"3527\" data-end=\"3663\">\u2714\ufe0f 250 mg kvercetino kapsul\u0117je<br data-start=\"3557\" data-end=\"3560\" \/>\u2714\ufe0f Sud\u0117tyje yra vitamino C<br data-start=\"3586\" data-end=\"3589\" \/>\u2714\ufe0f Formul\u0117 su camu-camu ekstraktu<br data-start=\"3622\" data-end=\"3625\" \/>\u2714\ufe0f Patogi kapsuli\u0173 forma<br data-start=\"3649\" data-end=\"3652\" \/>\u2714\ufe0f Be GMO<\/p>\n","protected":false},"featured_media":63465,"template":"","meta":[],"pwb-brand":[775],"product_brand":[],"product_cat":[769],"product_tag":[],"giftcard-category":[],"class_list":{"0":"post-76967","1":"product","2":"type-product","3":"status-publish","4":"has-post-thumbnail","6":"pwb-brand-life-extension","7":"product_cat-vitaminai","9":"first","10":"instock","11":"taxable","12":"shipping-taxable","13":"purchasable","14":"product-type-simple"},"acf":[],"brands":[{"id":775,"name":"Life Extension","slug":"life-extension"}],"_links":{"self":[{"href":"https:\/\/skinstudio.ee\/lt\/wp-json\/wp\/v2\/product\/76967","targetHints":{"allow":["GET"]}}],"collection":[{"href":"https:\/\/skinstudio.ee\/lt\/wp-json\/wp\/v2\/product"}],"about":[{"href":"https:\/\/skinstudio.ee\/lt\/wp-json\/wp\/v2\/types\/product"}],"version-history":[{"count":2,"href":"https:\/\/skinstudio.ee\/lt\/wp-json\/wp\/v2\/product\/76967\/revisions"}],"predecessor-version":[{"id":87080,"href":"https:\/\/skinstudio.ee\/lt\/wp-json\/wp\/v2\/product\/76967\/revisions\/87080"}],"wp:featuredmedia":[{"embeddable":true,"href":"https:\/\/skinstudio.ee\/lt\/wp-json\/wp\/v2\/media\/63465"}],"wp:attachment":[{"href":"https:\/\/skinstudio.ee\/lt\/wp-json\/wp\/v2\/media?parent=76967"}],"wp:term":[{"taxonomy":"pwb-brand","embeddable":true,"href":"https:\/\/skinstudio.ee\/lt\/wp-json\/wp\/v2\/pwb-brand?post=76967"},{"taxonomy":"product_brand","embeddable":true,"href":"https:\/\/skinstudio.ee\/lt\/wp-json\/wp\/v2\/product_brand?post=76967"},{"taxonomy":"product_cat","embeddable":true,"href":"https:\/\/skinstudio.ee\/lt\/wp-json\/wp\/v2\/product_cat?post=76967"},{"taxonomy":"product_tag","embeddable":true,"href":"https:\/\/skinstudio.ee\/lt\/wp-json\/wp\/v2\/product_tag?post=76967"},{"taxonomy":"giftcard-category","embeddable":true,"href":"https:\/\/skinstudio.ee\/lt\/wp-json\/wp\/v2\/giftcard-category?post=76967"}],"curies":[{"name":"wp","href":"https:\/\/api.w.org\/{rel}","templated":true}]}}