{"id":76975,"date":"2025-06-17T09:01:25","date_gmt":"2025-06-17T09:01:25","guid":{"rendered":"https:\/\/skinstudio.ee\/?post_type=product&#038;p=76975"},"modified":"2026-04-07T09:10:47","modified_gmt":"2026-04-07T09:10:47","slug":"two-per-day-multivitamin","status":"publish","type":"product","link":"https:\/\/skinstudio.ee\/lt\/catalog\/life-extension\/two-per-day-multivitamin\/","title":{"rendered":"Two-Per-Day Multivitamin"},"content":{"rendered":"<p data-start=\"2777\" data-end=\"2876\"><strong data-start=\"2777\" data-end=\"2824\">Two-Per-Day Multivitamin nuo Life Extension<\/strong> yra multivitamin\u0173 kompleksas kasdieniam naudojimui.<\/p>\n<p data-start=\"2878\" data-end=\"3073\">Sud\u0117tyje yra B grup\u0117s vitaminai, vitaminas C, D3 ir E, taip pat cinkas, selenas, kvercetinas ir likopenas. Produktas u\u017etikrina pagrindini\u0173 mikroelement\u0173 gavim\u0105 patogioje 2 kapsuli\u0173 dienos doz\u0117je.<\/p>\n<p data-start=\"3075\" data-end=\"3100\"><strong data-start=\"3075\" data-end=\"3098\">Pagaminta Europoje.<\/strong><\/p>\n<p data-start=\"3102\" data-end=\"3245\"><strong data-start=\"3102\" data-end=\"3123\">Galiojimo laikas:<\/strong> \u017er. ant pakuot\u0117s<br data-start=\"3140\" data-end=\"3143\" \/><strong data-start=\"3143\" data-end=\"3163\">Laikymo s\u0105lygos:<\/strong> laikyti sandariai u\u017edaryt\u0105 v\u0117sioje ir sausoje vietoje<br data-start=\"3217\" data-end=\"3220\" \/><strong data-start=\"3220\" data-end=\"3230\">T\u016bris:<\/strong> 120 kapsuli\u0173<\/p>\n","protected":false},"excerpt":{"rendered":"<p data-start=\"2455\" data-end=\"2507\">Maisto papildas su vitaminais ir mineralais<\/p>\n<h2 data-start=\"2509\" data-end=\"2562\"><strong data-start=\"2509\" data-end=\"2562\">Life Extension &#8211; Two-Per-Day Multivitamin Savyb\u0117s<\/strong><\/h2>\n<p data-start=\"2564\" data-end=\"2770\">\u2714\ufe0f sud\u0117tyje yra vitaminai A, C, D3, E ir B grup\u0117<br data-start=\"2612\" data-end=\"2615\" \/>\u2714\ufe0f yra cinkas, selenas, kvercetinas ir likopenas<br data-start=\"2663\" data-end=\"2666\" \/>\u2714\ufe0f didel\u0117s vitamin\u0173 ir mineral\u0173 doz\u0117s<br data-start=\"2703\" data-end=\"2706\" \/>\u2714\ufe0f vartojimas \u2013 2 kapsul\u0117s per dien\u0105<br data-start=\"2742\" data-end=\"2745\" \/>\u2714\ufe0f be glitimo ir be GMO<\/p>\n","protected":false},"featured_media":63470,"template":"","meta":[],"pwb-brand":[775],"product_brand":[],"product_cat":[769],"product_tag":[],"giftcard-category":[],"class_list":{"0":"post-76975","1":"product","2":"type-product","3":"status-publish","4":"has-post-thumbnail","6":"pwb-brand-life-extension","7":"product_cat-vitaminai","9":"first","10":"instock","11":"taxable","12":"shipping-taxable","13":"purchasable","14":"product-type-simple"},"acf":[],"brands":[{"id":775,"name":"Life Extension","slug":"life-extension"}],"_links":{"self":[{"href":"https:\/\/skinstudio.ee\/lt\/wp-json\/wp\/v2\/product\/76975","targetHints":{"allow":["GET"]}}],"collection":[{"href":"https:\/\/skinstudio.ee\/lt\/wp-json\/wp\/v2\/product"}],"about":[{"href":"https:\/\/skinstudio.ee\/lt\/wp-json\/wp\/v2\/types\/product"}],"version-history":[{"count":2,"href":"https:\/\/skinstudio.ee\/lt\/wp-json\/wp\/v2\/product\/76975\/revisions"}],"predecessor-version":[{"id":88029,"href":"https:\/\/skinstudio.ee\/lt\/wp-json\/wp\/v2\/product\/76975\/revisions\/88029"}],"wp:featuredmedia":[{"embeddable":true,"href":"https:\/\/skinstudio.ee\/lt\/wp-json\/wp\/v2\/media\/63470"}],"wp:attachment":[{"href":"https:\/\/skinstudio.ee\/lt\/wp-json\/wp\/v2\/media?parent=76975"}],"wp:term":[{"taxonomy":"pwb-brand","embeddable":true,"href":"https:\/\/skinstudio.ee\/lt\/wp-json\/wp\/v2\/pwb-brand?post=76975"},{"taxonomy":"product_brand","embeddable":true,"href":"https:\/\/skinstudio.ee\/lt\/wp-json\/wp\/v2\/product_brand?post=76975"},{"taxonomy":"product_cat","embeddable":true,"href":"https:\/\/skinstudio.ee\/lt\/wp-json\/wp\/v2\/product_cat?post=76975"},{"taxonomy":"product_tag","embeddable":true,"href":"https:\/\/skinstudio.ee\/lt\/wp-json\/wp\/v2\/product_tag?post=76975"},{"taxonomy":"giftcard-category","embeddable":true,"href":"https:\/\/skinstudio.ee\/lt\/wp-json\/wp\/v2\/giftcard-category?post=76975"}],"curies":[{"name":"wp","href":"https:\/\/api.w.org\/{rel}","templated":true}]}}