{"id":76982,"date":"2024-12-10T14:21:22","date_gmt":"2024-12-10T14:21:22","guid":{"rendered":"https:\/\/skinstudio.ee\/?post_type=product&#038;p=76982"},"modified":"2026-04-07T09:12:27","modified_gmt":"2026-04-07T09:12:27","slug":"calm-mag","status":"publish","type":"product","link":"https:\/\/skinstudio.ee\/lt\/catalog\/life-extension\/calm-mag\/","title":{"rendered":"Calm-Mag"},"content":{"rendered":"<div class=\"col-md-12 ng-scope\">\n<p data-start=\"2523\" data-end=\"2616\"><strong data-start=\"2523\" data-end=\"2554\">Calm-Mag nuo Life Extension<\/strong> &#8211; maisto papildas su magniu magnio acetiltaurato (ATA) forma.<\/p>\n<p data-start=\"2618\" data-end=\"2809\">Magnis yra mineralas, dalyvaujantis \u012fvairiuose fiziologiniuose procesuose, \u012fskaitant energijos apykait\u0105 ir nerv\u0173 sistemos veikl\u0105. Jis taip pat siejamas su raumen\u0173 funkcija ir nuovargio lygiu.<\/p>\n<p data-start=\"2811\" data-end=\"2876\">Formul\u0117 pateikiama kapsuli\u0173 forma patogiam kasdieniam vartojimui.<\/p>\n<p data-start=\"2878\" data-end=\"2901\"><strong data-start=\"2878\" data-end=\"2901\">Pagaminta Europoje.<\/strong><\/p>\n<p data-start=\"2903\" data-end=\"3049\"><strong data-start=\"2903\" data-end=\"2924\">Galiojimo laikas:<\/strong> \u017ei\u016br\u0117ti ant pakuot\u0117s<br data-start=\"2945\" data-end=\"2948\" \/><strong data-start=\"2948\" data-end=\"2968\">Laikymo s\u0105lygos:<\/strong> laikyti sandariai u\u017edaryt\u0105 v\u0117sioje ir sausoje vietoje<br data-start=\"3022\" data-end=\"3025\" \/><strong data-start=\"3025\" data-end=\"3035\">T\u016bris:<\/strong> 30 kapsuli\u0173<\/p>\n<\/div>\n","protected":false},"excerpt":{"rendered":"<p data-start=\"3056\" data-end=\"3083\">Maisto papildas su magniu<\/p>\n<h2 data-section-id=\"1ra9lje\" data-start=\"3085\" data-end=\"3126\"><strong data-start=\"3089\" data-end=\"3126\">Life Extension &#8211; Calm-Mag Savyb\u0117s<\/strong><\/h2>\n<p data-start=\"3128\" data-end=\"3261\">\u2714\ufe0f Sud\u0117tyje yra magnio<br data-start=\"3150\" data-end=\"3153\" \/>\u2714\ufe0f Patogi kapsuli\u0173 forma<br data-start=\"3177\" data-end=\"3180\" \/>\u2714\ufe0f Formul\u0117 su magnio acetiltauratu<br data-start=\"3214\" data-end=\"3217\" \/>\u2714\ufe0f Tinka kasdieniam vartojimui<br data-start=\"3247\" data-end=\"3250\" \/>\u2714\ufe0f Be GMO<\/p>\n","protected":false},"featured_media":76983,"template":"","meta":[],"pwb-brand":[775],"product_brand":[],"product_cat":[769],"product_tag":[],"giftcard-category":[],"class_list":{"0":"post-76982","1":"product","2":"type-product","3":"status-publish","4":"has-post-thumbnail","6":"pwb-brand-life-extension","7":"product_cat-vitaminai","9":"first","10":"instock","11":"taxable","12":"shipping-taxable","13":"purchasable","14":"product-type-simple"},"acf":[],"brands":[{"id":775,"name":"Life Extension","slug":"life-extension"}],"_links":{"self":[{"href":"https:\/\/skinstudio.ee\/lt\/wp-json\/wp\/v2\/product\/76982","targetHints":{"allow":["GET"]}}],"collection":[{"href":"https:\/\/skinstudio.ee\/lt\/wp-json\/wp\/v2\/product"}],"about":[{"href":"https:\/\/skinstudio.ee\/lt\/wp-json\/wp\/v2\/types\/product"}],"version-history":[{"count":2,"href":"https:\/\/skinstudio.ee\/lt\/wp-json\/wp\/v2\/product\/76982\/revisions"}],"predecessor-version":[{"id":87069,"href":"https:\/\/skinstudio.ee\/lt\/wp-json\/wp\/v2\/product\/76982\/revisions\/87069"}],"wp:featuredmedia":[{"embeddable":true,"href":"https:\/\/skinstudio.ee\/lt\/wp-json\/wp\/v2\/media\/76983"}],"wp:attachment":[{"href":"https:\/\/skinstudio.ee\/lt\/wp-json\/wp\/v2\/media?parent=76982"}],"wp:term":[{"taxonomy":"pwb-brand","embeddable":true,"href":"https:\/\/skinstudio.ee\/lt\/wp-json\/wp\/v2\/pwb-brand?post=76982"},{"taxonomy":"product_brand","embeddable":true,"href":"https:\/\/skinstudio.ee\/lt\/wp-json\/wp\/v2\/product_brand?post=76982"},{"taxonomy":"product_cat","embeddable":true,"href":"https:\/\/skinstudio.ee\/lt\/wp-json\/wp\/v2\/product_cat?post=76982"},{"taxonomy":"product_tag","embeddable":true,"href":"https:\/\/skinstudio.ee\/lt\/wp-json\/wp\/v2\/product_tag?post=76982"},{"taxonomy":"giftcard-category","embeddable":true,"href":"https:\/\/skinstudio.ee\/lt\/wp-json\/wp\/v2\/giftcard-category?post=76982"}],"curies":[{"name":"wp","href":"https:\/\/api.w.org\/{rel}","templated":true}]}}