{"id":76991,"date":"2024-10-25T14:48:38","date_gmt":"2024-10-25T14:48:38","guid":{"rendered":"https:\/\/skinstudio.ee\/?post_type=product&#038;p=76991"},"modified":"2026-04-28T10:12:50","modified_gmt":"2026-04-28T10:12:50","slug":"curcumin-elite","status":"publish","type":"product","link":"https:\/\/skinstudio.ee\/lt\/catalog\/life-extension\/curcumin-elite\/","title":{"rendered":"Curcumin Elite"},"content":{"rendered":"<p data-start=\"2586\" data-end=\"2701\"><strong data-start=\"2593\" data-end=\"2630\">Curcumin Elite nuo Life Extension<\/strong> yra maisto papildas su kurkuminu didelio biologinio prieinamumo forma.<\/p>\n<p data-start=\"2703\" data-end=\"2848\">Formul\u0117 sujungia kurkumin\u0105 su galaktomananais i\u0161 o\u017erag\u0117s s\u0117kl\u0173, kurie gerina jo \u012fsisavinim\u0105. Taip pat sud\u0117tyje yra nat\u016bral\u016bs kurkumos turmeronai.<\/p>\n<p data-start=\"2850\" data-end=\"2949\">Kompleksas u\u017etikrina kurkuminoid\u0173 ir susijusi\u0173 jungini\u0173 gavim\u0105 patogia forma kasdieniam vartojimui.<\/p>\n<p data-start=\"2951\" data-end=\"2976\"><strong data-start=\"2951\" data-end=\"2974\">Pagaminta Europoje.<\/strong><\/p>\n<p data-start=\"2978\" data-end=\"3118\"><strong data-start=\"2978\" data-end=\"2997\">Geriausias iki:<\/strong> \u017er. ant pakuot\u0117s<br data-start=\"3014\" data-end=\"3017\" \/><strong data-start=\"3017\" data-end=\"3037\">Laikymo s\u0105lygos:<\/strong> laikyti sandariai u\u017edaryt\u0105 v\u0117sioje ir sausoje vietoje<br data-start=\"3091\" data-end=\"3094\" \/><strong data-start=\"3094\" data-end=\"3104\">T\u016bris:<\/strong> 60 kapsuli\u0173<\/p>\n","protected":false},"excerpt":{"rendered":"<p data-start=\"3125\" data-end=\"3166\">Maisto papildas su ciber\u017eol\u0117s ekstraktu<\/p>\n<h2 data-start=\"3168\" data-end=\"3211\"><strong data-start=\"3168\" data-end=\"3211\">Life Extension &#8211; Curcumin Elite Savyb\u0117s<\/strong><\/h2>\n<p data-start=\"3213\" data-end=\"3410\">\u2714\ufe0f Kurkuminas didelio biologinio prieinamumo forma<br data-start=\"3263\" data-end=\"3266\" \/>\u2714\ufe0f Yra galaktomananai i\u0161 o\u017erag\u0117s s\u0117kl\u0173<br data-start=\"3304\" data-end=\"3307\" \/>\u2714\ufe0f Yra nat\u016bral\u016bs kurkumos turmeronai<br data-start=\"3343\" data-end=\"3346\" \/>\u2714\ufe0f Kurkuminoid\u0173 kompleksas kapsul\u0117se<br data-start=\"3382\" data-end=\"3385\" \/>\u2714\ufe0f Be glitimo ir be GMO<\/p>\n","protected":false},"featured_media":63475,"template":"","meta":[],"pwb-brand":[775],"product_brand":[],"product_cat":[769],"product_tag":[],"giftcard-category":[],"class_list":{"0":"post-76991","1":"product","2":"type-product","3":"status-publish","4":"has-post-thumbnail","6":"pwb-brand-life-extension","7":"product_cat-vitaminai","9":"first","10":"instock","11":"sale","12":"taxable","13":"shipping-taxable","14":"purchasable","15":"product-type-simple"},"acf":[],"brands":[{"id":775,"name":"Life Extension","slug":"life-extension"}],"_links":{"self":[{"href":"https:\/\/skinstudio.ee\/lt\/wp-json\/wp\/v2\/product\/76991","targetHints":{"allow":["GET"]}}],"collection":[{"href":"https:\/\/skinstudio.ee\/lt\/wp-json\/wp\/v2\/product"}],"about":[{"href":"https:\/\/skinstudio.ee\/lt\/wp-json\/wp\/v2\/types\/product"}],"version-history":[{"count":2,"href":"https:\/\/skinstudio.ee\/lt\/wp-json\/wp\/v2\/product\/76991\/revisions"}],"predecessor-version":[{"id":88034,"href":"https:\/\/skinstudio.ee\/lt\/wp-json\/wp\/v2\/product\/76991\/revisions\/88034"}],"wp:featuredmedia":[{"embeddable":true,"href":"https:\/\/skinstudio.ee\/lt\/wp-json\/wp\/v2\/media\/63475"}],"wp:attachment":[{"href":"https:\/\/skinstudio.ee\/lt\/wp-json\/wp\/v2\/media?parent=76991"}],"wp:term":[{"taxonomy":"pwb-brand","embeddable":true,"href":"https:\/\/skinstudio.ee\/lt\/wp-json\/wp\/v2\/pwb-brand?post=76991"},{"taxonomy":"product_brand","embeddable":true,"href":"https:\/\/skinstudio.ee\/lt\/wp-json\/wp\/v2\/product_brand?post=76991"},{"taxonomy":"product_cat","embeddable":true,"href":"https:\/\/skinstudio.ee\/lt\/wp-json\/wp\/v2\/product_cat?post=76991"},{"taxonomy":"product_tag","embeddable":true,"href":"https:\/\/skinstudio.ee\/lt\/wp-json\/wp\/v2\/product_tag?post=76991"},{"taxonomy":"giftcard-category","embeddable":true,"href":"https:\/\/skinstudio.ee\/lt\/wp-json\/wp\/v2\/giftcard-category?post=76991"}],"curies":[{"name":"wp","href":"https:\/\/api.w.org\/{rel}","templated":true}]}}