{"id":77003,"date":"2024-09-13T14:05:10","date_gmt":"2024-09-13T14:05:10","guid":{"rendered":"https:\/\/skinstudio.ee\/?post_type=product&#038;p=77003"},"modified":"2026-04-28T10:16:59","modified_gmt":"2026-04-28T10:16:59","slug":"silymarin","status":"publish","type":"product","link":"https:\/\/skinstudio.ee\/lt\/catalog\/life-extension\/silymarin\/","title":{"rendered":"Silymarin"},"content":{"rendered":"<p data-start=\"3128\" data-end=\"3221\"><strong data-start=\"3128\" data-end=\"3160\">Silymarin nuo Life Extension<\/strong> &#8211; maisto papildas su margainio (Silybum marianum) ekstraktu.<\/p>\n<p data-start=\"3223\" data-end=\"3363\">Formul\u0117je yra silimarino \u2014 augalini\u0173 jungini\u0173 komplekso, gaunamo i\u0161 margainio \u2014 ir pateikiama kapsuli\u0173 forma patogiam kasdieniam vartojimui.<\/p>\n<p data-start=\"3365\" data-end=\"3437\">Sud\u0117tyje yra augalinis ekstraktas, pla\u010diai naudojamas maisto papilduose.<\/p>\n<p data-start=\"3439\" data-end=\"3611\"><strong data-start=\"3439\" data-end=\"3462\">Pagaminta Europoje.<\/strong><br data-start=\"3462\" data-end=\"3465\" \/><strong data-start=\"3465\" data-end=\"3486\">Galiojimo laikas:<\/strong> \u017ei\u016br\u0117ti ant pakuot\u0117s<br data-start=\"3507\" data-end=\"3510\" \/><strong data-start=\"3510\" data-end=\"3530\">Laikymo s\u0105lygos:<\/strong> laikyti sandariai u\u017edaryt\u0105 v\u0117sioje ir sausoje vietoje<br data-start=\"3584\" data-end=\"3587\" \/><strong data-start=\"3587\" data-end=\"3597\">T\u016bris:<\/strong> 90 kapsuli\u0173<\/p>\n","protected":false},"excerpt":{"rendered":"<div class=\"familyOverview family-overview\">\n<p data-start=\"3618\" data-end=\"3658\">Maisto papildas su margainio ekstraktu<\/p>\n<h2 data-section-id=\"1cpvn21\" data-start=\"3660\" data-end=\"3702\"><strong data-start=\"3664\" data-end=\"3702\">Life Extension &#8211; Silymarin Savyb\u0117s<\/strong><\/h2>\n<p data-start=\"3704\" data-end=\"3838\">\u2714\ufe0f Sud\u0117tyje yra margainio ekstrakto<br data-start=\"3739\" data-end=\"3742\" \/>\u2714\ufe0f Silimarino \u0161altinis<br data-start=\"3764\" data-end=\"3767\" \/>\u2714\ufe0f Patogi kapsuli\u0173 forma<br data-start=\"3791\" data-end=\"3794\" \/>\u2714\ufe0f Tinka kasdieniam vartojimui<br data-start=\"3824\" data-end=\"3827\" \/>\u2714\ufe0f Be GMO<\/p>\n<\/div>\n","protected":false},"featured_media":92035,"template":"","meta":[],"pwb-brand":[775],"product_brand":[],"product_cat":[769],"product_tag":[],"giftcard-category":[],"class_list":{"0":"post-77003","1":"product","2":"type-product","3":"status-publish","4":"has-post-thumbnail","6":"pwb-brand-life-extension","7":"product_cat-vitaminai","9":"first","10":"instock","11":"taxable","12":"shipping-taxable","13":"purchasable","14":"product-type-simple"},"acf":[],"brands":[{"id":775,"name":"Life Extension","slug":"life-extension"}],"_links":{"self":[{"href":"https:\/\/skinstudio.ee\/lt\/wp-json\/wp\/v2\/product\/77003","targetHints":{"allow":["GET"]}}],"collection":[{"href":"https:\/\/skinstudio.ee\/lt\/wp-json\/wp\/v2\/product"}],"about":[{"href":"https:\/\/skinstudio.ee\/lt\/wp-json\/wp\/v2\/types\/product"}],"version-history":[{"count":2,"href":"https:\/\/skinstudio.ee\/lt\/wp-json\/wp\/v2\/product\/77003\/revisions"}],"predecessor-version":[{"id":87091,"href":"https:\/\/skinstudio.ee\/lt\/wp-json\/wp\/v2\/product\/77003\/revisions\/87091"}],"wp:featuredmedia":[{"embeddable":true,"href":"https:\/\/skinstudio.ee\/lt\/wp-json\/wp\/v2\/media\/92035"}],"wp:attachment":[{"href":"https:\/\/skinstudio.ee\/lt\/wp-json\/wp\/v2\/media?parent=77003"}],"wp:term":[{"taxonomy":"pwb-brand","embeddable":true,"href":"https:\/\/skinstudio.ee\/lt\/wp-json\/wp\/v2\/pwb-brand?post=77003"},{"taxonomy":"product_brand","embeddable":true,"href":"https:\/\/skinstudio.ee\/lt\/wp-json\/wp\/v2\/product_brand?post=77003"},{"taxonomy":"product_cat","embeddable":true,"href":"https:\/\/skinstudio.ee\/lt\/wp-json\/wp\/v2\/product_cat?post=77003"},{"taxonomy":"product_tag","embeddable":true,"href":"https:\/\/skinstudio.ee\/lt\/wp-json\/wp\/v2\/product_tag?post=77003"},{"taxonomy":"giftcard-category","embeddable":true,"href":"https:\/\/skinstudio.ee\/lt\/wp-json\/wp\/v2\/giftcard-category?post=77003"}],"curies":[{"name":"wp","href":"https:\/\/api.w.org\/{rel}","templated":true}]}}