{"id":77015,"date":"2024-09-13T13:50:12","date_gmt":"2024-09-13T13:50:12","guid":{"rendered":"https:\/\/skinstudio.ee\/?post_type=product&#038;p=77015"},"modified":"2026-04-07T09:19:16","modified_gmt":"2026-04-07T09:19:16","slug":"senolytic-activator","status":"publish","type":"product","link":"https:\/\/skinstudio.ee\/lt\/catalog\/life-extension\/senolytic-activator\/","title":{"rendered":"Senolytic Activator"},"content":{"rendered":"<p data-start=\"3823\" data-end=\"3949\"><strong data-start=\"3830\" data-end=\"3872\">Senolytic Activator nuo Life Extension<\/strong> yra maisto papildas su flavonoidais didelio biologinio prieinamumo formomis.<\/p>\n<p data-start=\"3951\" data-end=\"4220\">Sud\u0117tyje yra Bio-Quercetin\u00ae \u2014 kvercetino fitosomin\u0117 forma, kuri yra fosfolipid\u0173 kompleksas geresniam \u012fsisavinimui. Taip pat yra Bio-Fisetin su padidintu biologiniu prieinamumu ir flavonoidas apigeninas. Juodosios arbatos (Camellia sinensis) teaflavinai papildo formul\u0119.<\/p>\n<p data-start=\"4222\" data-end=\"4296\">Kompleksas u\u017etikrina flavonoid\u0173 gavim\u0105 patogia forma kursiniam vartojimui.<\/p>\n<p data-start=\"4298\" data-end=\"4323\"><strong data-start=\"4298\" data-end=\"4321\">Pagaminta Europoje.<\/strong><\/p>\n<p data-start=\"4325\" data-end=\"4465\"><strong data-start=\"4325\" data-end=\"4344\">Geriausias iki:<\/strong> \u017er. ant pakuot\u0117s<br data-start=\"4361\" data-end=\"4364\" \/><strong data-start=\"4364\" data-end=\"4384\">Laikymo s\u0105lygos:<\/strong> laikyti sandariai u\u017edaryt\u0105 v\u0117sioje ir sausoje vietoje<br data-start=\"4438\" data-end=\"4441\" \/><strong data-start=\"4441\" data-end=\"4451\">T\u016bris:<\/strong> 36 kapsuli\u0173<\/p>\n","protected":false},"excerpt":{"rendered":"<p data-start=\"4472\" data-end=\"4503\">Maisto papildas su kvercetinu<\/p>\n<h2 data-start=\"4505\" data-end=\"4553\"><strong data-start=\"4505\" data-end=\"4553\">Life Extension &#8211; Senolytic Activator Savyb\u0117s<\/strong><\/h2>\n<p data-start=\"4555\" data-end=\"4772\">\u2714\ufe0f Bio-Quercetin\u00ae fitosomin\u0117 technologija<br data-start=\"4596\" data-end=\"4599\" \/>\u2714\ufe0f Bio-Fisetin su padidintu biologiniu prieinamumu<br data-start=\"4649\" data-end=\"4652\" \/>\u2714\ufe0f Apigeninas ir juodosios arbatos teaflavinai sud\u0117tyje<br data-start=\"4707\" data-end=\"4710\" \/>\u2714\ufe0f Flavonoid\u0173 kompleksas kapsul\u0117se<br data-start=\"4744\" data-end=\"4747\" \/>\u2714\ufe0f Be glitimo ir be GMO<\/p>\n","protected":false},"featured_media":63485,"template":"","meta":[],"pwb-brand":[775],"product_brand":[],"product_cat":[769],"product_tag":[],"giftcard-category":[],"class_list":{"0":"post-77015","1":"product","2":"type-product","3":"status-publish","4":"has-post-thumbnail","6":"pwb-brand-life-extension","7":"product_cat-vitaminai","9":"first","10":"instock","11":"taxable","12":"shipping-taxable","13":"purchasable","14":"product-type-simple"},"acf":[],"brands":[{"id":775,"name":"Life Extension","slug":"life-extension"}],"_links":{"self":[{"href":"https:\/\/skinstudio.ee\/lt\/wp-json\/wp\/v2\/product\/77015","targetHints":{"allow":["GET"]}}],"collection":[{"href":"https:\/\/skinstudio.ee\/lt\/wp-json\/wp\/v2\/product"}],"about":[{"href":"https:\/\/skinstudio.ee\/lt\/wp-json\/wp\/v2\/types\/product"}],"version-history":[{"count":2,"href":"https:\/\/skinstudio.ee\/lt\/wp-json\/wp\/v2\/product\/77015\/revisions"}],"predecessor-version":[{"id":88039,"href":"https:\/\/skinstudio.ee\/lt\/wp-json\/wp\/v2\/product\/77015\/revisions\/88039"}],"wp:featuredmedia":[{"embeddable":true,"href":"https:\/\/skinstudio.ee\/lt\/wp-json\/wp\/v2\/media\/63485"}],"wp:attachment":[{"href":"https:\/\/skinstudio.ee\/lt\/wp-json\/wp\/v2\/media?parent=77015"}],"wp:term":[{"taxonomy":"pwb-brand","embeddable":true,"href":"https:\/\/skinstudio.ee\/lt\/wp-json\/wp\/v2\/pwb-brand?post=77015"},{"taxonomy":"product_brand","embeddable":true,"href":"https:\/\/skinstudio.ee\/lt\/wp-json\/wp\/v2\/product_brand?post=77015"},{"taxonomy":"product_cat","embeddable":true,"href":"https:\/\/skinstudio.ee\/lt\/wp-json\/wp\/v2\/product_cat?post=77015"},{"taxonomy":"product_tag","embeddable":true,"href":"https:\/\/skinstudio.ee\/lt\/wp-json\/wp\/v2\/product_tag?post=77015"},{"taxonomy":"giftcard-category","embeddable":true,"href":"https:\/\/skinstudio.ee\/lt\/wp-json\/wp\/v2\/giftcard-category?post=77015"}],"curies":[{"name":"wp","href":"https:\/\/api.w.org\/{rel}","templated":true}]}}