{"id":77023,"date":"2024-07-31T14:02:15","date_gmt":"2024-07-31T14:02:15","guid":{"rendered":"https:\/\/skinstudio.ee\/?post_type=product&#038;p=77023"},"modified":"2026-04-28T10:20:44","modified_gmt":"2026-04-28T10:20:44","slug":"optimized-resveratrol-elite","status":"publish","type":"product","link":"https:\/\/skinstudio.ee\/lt\/catalog\/life-extension\/optimized-resveratrol-elite\/","title":{"rendered":"Optimized Resveratrol Elite"},"content":{"rendered":"<p data-start=\"2538\" data-end=\"2644\"><strong data-start=\"2538\" data-end=\"2588\">Optimized Resveratrol Elite nuo Life Extension<\/strong> &#8211; maisto papildas su trans-resveratroliu ir kvercetinu.<\/p>\n<p data-start=\"2646\" data-end=\"2789\">Formul\u0117je yra trans-resveratrolio hidrogelio forma bei kvercetino fitosomos forma, pateikiama kapsuli\u0173 pavidalu patogiam kasdieniam vartojimui.<\/p>\n<p data-start=\"2791\" data-end=\"2905\">Sud\u0117tis apima augalinius junginius ir yra sukurta naudojant pa\u017eangias veikli\u0173j\u0173 med\u017eiag\u0173 pristatymo technologijas.<\/p>\n<p data-start=\"2907\" data-end=\"3079\"><strong data-start=\"2907\" data-end=\"2930\">Pagaminta Europoje.<\/strong><br data-start=\"2930\" data-end=\"2933\" \/><strong data-start=\"2933\" data-end=\"2954\">Galiojimo laikas:<\/strong> \u017ei\u016br\u0117ti ant pakuot\u0117s<br data-start=\"2975\" data-end=\"2978\" \/><strong data-start=\"2978\" data-end=\"2998\">Laikymo s\u0105lygos:<\/strong> laikyti sandariai u\u017edaryt\u0105 v\u0117sioje ir sausoje vietoje<br data-start=\"3052\" data-end=\"3055\" \/><strong data-start=\"3055\" data-end=\"3065\">T\u016bris:<\/strong> 60 kapsuli\u0173<\/p>\n","protected":false},"excerpt":{"rendered":"<p data-start=\"3086\" data-end=\"3120\">Maisto papildas su resveratroliu<\/p>\n<h2 data-section-id=\"7pwiv6\" data-start=\"3122\" data-end=\"3182\"><strong data-start=\"3126\" data-end=\"3182\">Life Extension &#8211; Optimized Resveratrol Elite Savyb\u0117s<\/strong><\/h2>\n<p data-start=\"3184\" data-end=\"3309\">\u2714\ufe0f Sud\u0117tyje yra trans-resveratrolio<br data-start=\"3219\" data-end=\"3222\" \/>\u2714\ufe0f Formul\u0117 su kvercetinu<br data-start=\"3246\" data-end=\"3249\" \/>\u2714\ufe0f Hidrogelio forma<br data-start=\"3268\" data-end=\"3271\" \/>\u2714\ufe0f Patogi kapsuli\u0173 forma<br data-start=\"3295\" data-end=\"3298\" \/>\u2714\ufe0f Be GMO<\/p>\n","protected":false},"featured_media":63490,"template":"","meta":[],"pwb-brand":[775],"product_brand":[],"product_cat":[769],"product_tag":[],"giftcard-category":[],"class_list":{"0":"post-77023","1":"product","2":"type-product","3":"status-publish","4":"has-post-thumbnail","6":"pwb-brand-life-extension","7":"product_cat-vitaminai","9":"first","10":"instock","11":"sale","12":"taxable","13":"shipping-taxable","14":"purchasable","15":"product-type-simple"},"acf":[],"brands":[{"id":775,"name":"Life Extension","slug":"life-extension"}],"_links":{"self":[{"href":"https:\/\/skinstudio.ee\/lt\/wp-json\/wp\/v2\/product\/77023","targetHints":{"allow":["GET"]}}],"collection":[{"href":"https:\/\/skinstudio.ee\/lt\/wp-json\/wp\/v2\/product"}],"about":[{"href":"https:\/\/skinstudio.ee\/lt\/wp-json\/wp\/v2\/types\/product"}],"version-history":[{"count":2,"href":"https:\/\/skinstudio.ee\/lt\/wp-json\/wp\/v2\/product\/77023\/revisions"}],"predecessor-version":[{"id":87085,"href":"https:\/\/skinstudio.ee\/lt\/wp-json\/wp\/v2\/product\/77023\/revisions\/87085"}],"wp:featuredmedia":[{"embeddable":true,"href":"https:\/\/skinstudio.ee\/lt\/wp-json\/wp\/v2\/media\/63490"}],"wp:attachment":[{"href":"https:\/\/skinstudio.ee\/lt\/wp-json\/wp\/v2\/media?parent=77023"}],"wp:term":[{"taxonomy":"pwb-brand","embeddable":true,"href":"https:\/\/skinstudio.ee\/lt\/wp-json\/wp\/v2\/pwb-brand?post=77023"},{"taxonomy":"product_brand","embeddable":true,"href":"https:\/\/skinstudio.ee\/lt\/wp-json\/wp\/v2\/product_brand?post=77023"},{"taxonomy":"product_cat","embeddable":true,"href":"https:\/\/skinstudio.ee\/lt\/wp-json\/wp\/v2\/product_cat?post=77023"},{"taxonomy":"product_tag","embeddable":true,"href":"https:\/\/skinstudio.ee\/lt\/wp-json\/wp\/v2\/product_tag?post=77023"},{"taxonomy":"giftcard-category","embeddable":true,"href":"https:\/\/skinstudio.ee\/lt\/wp-json\/wp\/v2\/giftcard-category?post=77023"}],"curies":[{"name":"wp","href":"https:\/\/api.w.org\/{rel}","templated":true}]}}