{"id":77033,"date":"2023-11-20T14:20:20","date_gmt":"2023-11-20T14:20:20","guid":{"rendered":"https:\/\/skinstudio.ee\/?post_type=product&#038;p=77033"},"modified":"2026-04-28T10:43:00","modified_gmt":"2026-04-28T10:43:00","slug":"super-omega-3-plus","status":"publish","type":"product","link":"https:\/\/skinstudio.ee\/lt\/catalog\/life-extension\/super-omega-3-plus\/","title":{"rendered":"Super Omega-3 Plus"},"content":{"rendered":"<p data-start=\"3478\" data-end=\"3630\"><strong data-start=\"3485\" data-end=\"3534\">Super Omega-3 Plus EPA\/DHA nuo Life Extension<\/strong> yra maisto papildas su omega-3 riebal\u0173 r\u016bg\u0161timis, \u012fskaitant EPA ir DHA, kombinuotoje formul\u0117je.<\/p>\n<p data-start=\"3632\" data-end=\"3839\">Formul\u0117 apjungia omega-3 i\u0161 \u017euv\u0173 tauk\u0173 ir krili\u0173 aliejaus. Taip pat sud\u0117tyje yra sezamo lignanai, alyvuogi\u0173 ekstraktas ir astaksantinas. Kompleksas sujungia kelis riebal\u0173 r\u016bg\u0161\u010di\u0173 \u0161altinius vienoje formul\u0117je.<\/p>\n<p data-start=\"3841\" data-end=\"3878\">Prid\u0117tas nat\u016bralus citrinos aromatas.<\/p>\n<p data-start=\"3880\" data-end=\"3905\"><strong data-start=\"3880\" data-end=\"3903\">Pagaminta Europoje.<\/strong><\/p>\n<p data-start=\"3907\" data-end=\"4048\"><strong data-start=\"3907\" data-end=\"3926\">Geriausias iki:<\/strong> \u017er. ant pakuot\u0117s<br data-start=\"3943\" data-end=\"3946\" \/><strong data-start=\"3946\" data-end=\"3966\">Laikymo s\u0105lygos:<\/strong> laikyti sandariai u\u017edaryt\u0105 v\u0117sioje ir sausoje vietoje<br data-start=\"4020\" data-end=\"4023\" \/><strong data-start=\"4023\" data-end=\"4033\">T\u016bris:<\/strong> 120 kapsuli\u0173<\/p>\n","protected":false},"excerpt":{"rendered":"<p data-start=\"4055\" data-end=\"4095\">Maisto papildas su omega-3, EPA ir DHA<\/p>\n<h2 data-start=\"4097\" data-end=\"4144\"><strong data-start=\"4097\" data-end=\"4144\">Life Extension &#8211; Super Omega-3 Plus Savyb\u0117s<\/strong><\/h2>\n<p data-start=\"4146\" data-end=\"4352\">\u2714\ufe0f \u017duv\u0173 tauk\u0173 ir krili\u0173 aliejaus kombinacija<br data-start=\"4190\" data-end=\"4193\" \/>\u2714\ufe0f Sud\u0117tyje yra EPA ir DHA<br data-start=\"4219\" data-end=\"4222\" \/>\u2714\ufe0f Yra astaksantinas, alyvuogi\u0173 ir sezamo ekstraktai<br data-start=\"4274\" data-end=\"4277\" \/>\u2714\ufe0f Omega-3 riebal\u0173 r\u016bg\u0161\u010di\u0173 kompleksas kapsul\u0117se<br data-start=\"4324\" data-end=\"4327\" \/>\u2714\ufe0f Be glitimo ir be GMO<\/p>\n","protected":false},"featured_media":77034,"template":"","meta":[],"pwb-brand":[775],"product_brand":[],"product_cat":[769],"product_tag":[],"giftcard-category":[],"class_list":{"0":"post-77033","1":"product","2":"type-product","3":"status-publish","4":"has-post-thumbnail","6":"pwb-brand-life-extension","7":"product_cat-vitaminai","9":"first","10":"instock","11":"sale","12":"taxable","13":"shipping-taxable","14":"purchasable","15":"product-type-simple"},"acf":[],"brands":[{"id":775,"name":"Life Extension","slug":"life-extension"}],"_links":{"self":[{"href":"https:\/\/skinstudio.ee\/lt\/wp-json\/wp\/v2\/product\/77033","targetHints":{"allow":["GET"]}}],"collection":[{"href":"https:\/\/skinstudio.ee\/lt\/wp-json\/wp\/v2\/product"}],"about":[{"href":"https:\/\/skinstudio.ee\/lt\/wp-json\/wp\/v2\/types\/product"}],"version-history":[{"count":2,"href":"https:\/\/skinstudio.ee\/lt\/wp-json\/wp\/v2\/product\/77033\/revisions"}],"predecessor-version":[{"id":88046,"href":"https:\/\/skinstudio.ee\/lt\/wp-json\/wp\/v2\/product\/77033\/revisions\/88046"}],"wp:featuredmedia":[{"embeddable":true,"href":"https:\/\/skinstudio.ee\/lt\/wp-json\/wp\/v2\/media\/77034"}],"wp:attachment":[{"href":"https:\/\/skinstudio.ee\/lt\/wp-json\/wp\/v2\/media?parent=77033"}],"wp:term":[{"taxonomy":"pwb-brand","embeddable":true,"href":"https:\/\/skinstudio.ee\/lt\/wp-json\/wp\/v2\/pwb-brand?post=77033"},{"taxonomy":"product_brand","embeddable":true,"href":"https:\/\/skinstudio.ee\/lt\/wp-json\/wp\/v2\/product_brand?post=77033"},{"taxonomy":"product_cat","embeddable":true,"href":"https:\/\/skinstudio.ee\/lt\/wp-json\/wp\/v2\/product_cat?post=77033"},{"taxonomy":"product_tag","embeddable":true,"href":"https:\/\/skinstudio.ee\/lt\/wp-json\/wp\/v2\/product_tag?post=77033"},{"taxonomy":"giftcard-category","embeddable":true,"href":"https:\/\/skinstudio.ee\/lt\/wp-json\/wp\/v2\/giftcard-category?post=77033"}],"curies":[{"name":"wp","href":"https:\/\/api.w.org\/{rel}","templated":true}]}}