{"id":77042,"date":"2023-11-20T12:52:50","date_gmt":"2023-11-20T12:52:50","guid":{"rendered":"https:\/\/skinstudio.ee\/?post_type=product&#038;p=77042"},"modified":"2026-04-07T09:25:47","modified_gmt":"2026-04-07T09:25:47","slug":"nad-cell-formula","status":"publish","type":"product","link":"https:\/\/skinstudio.ee\/lt\/catalog\/life-extension\/nad-cell-formula\/","title":{"rendered":"NAD+ Cell Formula"},"content":{"rendered":"<p data-start=\"1688\" data-end=\"2034\">NAD+ yra l\u0105steli\u0173 kofermentas, esantis kiekvienoje organizmo l\u0105stel\u0117je ir b\u016btinas adenozintrifosfato (ATP) gamybai. Su am\u017eiumi NAD+ lygis ma\u017e\u0117ja, o tai turi \u012ftakos gyvybingumui ir med\u017eiag\u0173 apykaitai. NAD+ Cell Formula\u2122 gali pad\u0117ti padidinti NAD+ lyg\u012f senstan\u010diose l\u0105stel\u0117se, palaikydama l\u0105steli\u0173 metabolizm\u0105, gyvybingum\u0105 ir sveik\u0105 energijos lyg\u012f.<\/p>\n<p data-start=\"2036\" data-end=\"2202\"><strong data-start=\"2036\" data-end=\"2059\">Pagaminta Europoje.<\/strong><br data-start=\"2059\" data-end=\"2062\" \/><strong data-start=\"2062\" data-end=\"2083\">Galiojimo laikas:<\/strong> \u017er. ant pakuot\u0117s<br data-start=\"2100\" data-end=\"2103\" \/><strong data-start=\"2103\" data-end=\"2123\">Laikymo s\u0105lygos:<\/strong> laikyti sandariai u\u017edaryt\u0105 v\u0117sioje ir sausoje vietoje<br data-start=\"2177\" data-end=\"2180\" \/><strong data-start=\"2180\" data-end=\"2190\">T\u016bris:<\/strong> 30 kapsuli\u0173<\/p>\n","protected":false},"excerpt":{"rendered":"<p data-start=\"2879\" data-end=\"2939\">Maisto papildas l\u0105steli\u0173 metabolizmo ir energijos palaikymui<\/p>\n<h2 data-start=\"2941\" data-end=\"2987\"><strong data-start=\"2941\" data-end=\"2987\">Life Extension &#8211; NAD+ Cell Formula Savyb\u0117s<\/strong><\/h2>\n<p data-start=\"2989\" data-end=\"3216\">\u2714\ufe0f Padeda palaikyti bendr\u0105 energijos lyg\u012f<br data-start=\"3030\" data-end=\"3033\" \/>\u2714\ufe0f Palaiko l\u0105steli\u0173 metabolizm\u0105<br data-start=\"3064\" data-end=\"3067\" \/>\u2714\ufe0f Padeda i\u0161laikyti \u017evalum\u0105 dienos metu<br data-start=\"3106\" data-end=\"3109\" \/>\u2714\ufe0f Prisideda prie organizmo vidin\u0117s pusiausvyros palaikymo<br data-start=\"3167\" data-end=\"3170\" \/>\u2714\ufe0f Tinka reguliariam palaikomajam vartojimui<\/p>\n","protected":false},"featured_media":63500,"template":"","meta":[],"pwb-brand":[775],"product_brand":[],"product_cat":[769],"product_tag":[],"giftcard-category":[],"class_list":{"0":"post-77042","1":"product","2":"type-product","3":"status-publish","4":"has-post-thumbnail","6":"pwb-brand-life-extension","7":"product_cat-vitaminai","9":"first","10":"instock","11":"taxable","12":"shipping-taxable","13":"purchasable","14":"product-type-simple"},"acf":[],"brands":[{"id":775,"name":"Life Extension","slug":"life-extension"}],"_links":{"self":[{"href":"https:\/\/skinstudio.ee\/lt\/wp-json\/wp\/v2\/product\/77042","targetHints":{"allow":["GET"]}}],"collection":[{"href":"https:\/\/skinstudio.ee\/lt\/wp-json\/wp\/v2\/product"}],"about":[{"href":"https:\/\/skinstudio.ee\/lt\/wp-json\/wp\/v2\/types\/product"}],"version-history":[{"count":1,"href":"https:\/\/skinstudio.ee\/lt\/wp-json\/wp\/v2\/product\/77042\/revisions"}],"predecessor-version":[{"id":77044,"href":"https:\/\/skinstudio.ee\/lt\/wp-json\/wp\/v2\/product\/77042\/revisions\/77044"}],"wp:featuredmedia":[{"embeddable":true,"href":"https:\/\/skinstudio.ee\/lt\/wp-json\/wp\/v2\/media\/63500"}],"wp:attachment":[{"href":"https:\/\/skinstudio.ee\/lt\/wp-json\/wp\/v2\/media?parent=77042"}],"wp:term":[{"taxonomy":"pwb-brand","embeddable":true,"href":"https:\/\/skinstudio.ee\/lt\/wp-json\/wp\/v2\/pwb-brand?post=77042"},{"taxonomy":"product_brand","embeddable":true,"href":"https:\/\/skinstudio.ee\/lt\/wp-json\/wp\/v2\/product_brand?post=77042"},{"taxonomy":"product_cat","embeddable":true,"href":"https:\/\/skinstudio.ee\/lt\/wp-json\/wp\/v2\/product_cat?post=77042"},{"taxonomy":"product_tag","embeddable":true,"href":"https:\/\/skinstudio.ee\/lt\/wp-json\/wp\/v2\/product_tag?post=77042"},{"taxonomy":"giftcard-category","embeddable":true,"href":"https:\/\/skinstudio.ee\/lt\/wp-json\/wp\/v2\/giftcard-category?post=77042"}],"curies":[{"name":"wp","href":"https:\/\/api.w.org\/{rel}","templated":true}]}}