{"id":77049,"date":"2023-11-20T12:31:11","date_gmt":"2023-11-20T12:31:11","guid":{"rendered":"https:\/\/skinstudio.ee\/?post_type=product&#038;p=77049"},"modified":"2026-04-07T09:27:35","modified_gmt":"2026-04-07T09:27:35","slug":"ashwagandha-plus-calm-focus","status":"publish","type":"product","link":"https:\/\/skinstudio.ee\/lt\/catalog\/life-extension\/ashwagandha-plus-calm-focus\/","title":{"rendered":"Ashwagandha Plus Calm &amp; Focus"},"content":{"rendered":"<p data-start=\"2460\" data-end=\"2575\"><strong data-start=\"2467\" data-end=\"2519\">Ashwagandha Plus Calm &amp; Focus nuo Life Extension<\/strong> yra maisto papildas su a\u0161vagandos ir m\u0117tos ekstraktais.<\/p>\n<p data-start=\"2577\" data-end=\"2752\">Formul\u0117je yra Sensoril\u00ae \u2014 standartizuotas a\u0161vagandos ekstraktas, taip pat Neumentix\u2122 \u2014 patentuotas m\u0117tos ekstraktas. Kompleksas sujungia augalinius komponentus kapsuli\u0173 forma.<\/p>\n<p data-start=\"2754\" data-end=\"2785\">Produktas neturi stimuliatori\u0173.<\/p>\n<p data-start=\"2787\" data-end=\"2812\"><strong data-start=\"2787\" data-end=\"2810\">Pagaminta Europoje.<\/strong><\/p>\n<p data-start=\"2814\" data-end=\"2954\"><strong data-start=\"2814\" data-end=\"2833\">Geriausias iki:<\/strong> \u017er. ant pakuot\u0117s<br data-start=\"2850\" data-end=\"2853\" \/><strong data-start=\"2853\" data-end=\"2873\">Laikymo s\u0105lygos:<\/strong> laikyti sandariai u\u017edaryt\u0105 v\u0117sioje ir sausoje vietoje<br data-start=\"2927\" data-end=\"2930\" \/><strong data-start=\"2930\" data-end=\"2940\">T\u016bris:<\/strong> 60 kapsuli\u0173<\/p>\n","protected":false},"excerpt":{"rendered":"<p data-start=\"2961\" data-end=\"2999\">Maisto papildas su a\u0161vaganda ir m\u0117ta<\/p>\n<h2 data-start=\"3001\" data-end=\"3059\"><strong data-start=\"3001\" data-end=\"3059\">Life Extension &#8211; Ashwagandha Plus Calm &amp; Focus Savyb\u0117s<\/strong><\/h2>\n<p data-start=\"3061\" data-end=\"3248\">\u2714\ufe0f A\u0161vagandos ir m\u0117tos kombinacija vienoje formul\u0117je<br data-start=\"3113\" data-end=\"3116\" \/>\u2714\ufe0f Patentiniai augaliniai kompleksai<br data-start=\"3152\" data-end=\"3155\" \/>\u2714\ufe0f Augalini\u0173 ekstrakt\u0173 kompleksas kapsul\u0117se<br data-start=\"3198\" data-end=\"3201\" \/>\u2714\ufe0f Be stimuliatori\u0173<br data-start=\"3220\" data-end=\"3223\" \/>\u2714\ufe0f Be glitimo ir be GMO<\/p>\n","protected":false},"featured_media":92030,"template":"","meta":[],"pwb-brand":[775],"product_brand":[],"product_cat":[769],"product_tag":[],"giftcard-category":[],"class_list":{"0":"post-77049","1":"product","2":"type-product","3":"status-publish","4":"has-post-thumbnail","6":"pwb-brand-life-extension","7":"product_cat-vitaminai","9":"first","10":"instock","11":"taxable","12":"shipping-taxable","13":"purchasable","14":"product-type-simple"},"acf":[],"brands":[{"id":775,"name":"Life Extension","slug":"life-extension"}],"_links":{"self":[{"href":"https:\/\/skinstudio.ee\/lt\/wp-json\/wp\/v2\/product\/77049","targetHints":{"allow":["GET"]}}],"collection":[{"href":"https:\/\/skinstudio.ee\/lt\/wp-json\/wp\/v2\/product"}],"about":[{"href":"https:\/\/skinstudio.ee\/lt\/wp-json\/wp\/v2\/types\/product"}],"version-history":[{"count":2,"href":"https:\/\/skinstudio.ee\/lt\/wp-json\/wp\/v2\/product\/77049\/revisions"}],"predecessor-version":[{"id":88056,"href":"https:\/\/skinstudio.ee\/lt\/wp-json\/wp\/v2\/product\/77049\/revisions\/88056"}],"wp:featuredmedia":[{"embeddable":true,"href":"https:\/\/skinstudio.ee\/lt\/wp-json\/wp\/v2\/media\/92030"}],"wp:attachment":[{"href":"https:\/\/skinstudio.ee\/lt\/wp-json\/wp\/v2\/media?parent=77049"}],"wp:term":[{"taxonomy":"pwb-brand","embeddable":true,"href":"https:\/\/skinstudio.ee\/lt\/wp-json\/wp\/v2\/pwb-brand?post=77049"},{"taxonomy":"product_brand","embeddable":true,"href":"https:\/\/skinstudio.ee\/lt\/wp-json\/wp\/v2\/product_brand?post=77049"},{"taxonomy":"product_cat","embeddable":true,"href":"https:\/\/skinstudio.ee\/lt\/wp-json\/wp\/v2\/product_cat?post=77049"},{"taxonomy":"product_tag","embeddable":true,"href":"https:\/\/skinstudio.ee\/lt\/wp-json\/wp\/v2\/product_tag?post=77049"},{"taxonomy":"giftcard-category","embeddable":true,"href":"https:\/\/skinstudio.ee\/lt\/wp-json\/wp\/v2\/giftcard-category?post=77049"}],"curies":[{"name":"wp","href":"https:\/\/api.w.org\/{rel}","templated":true}]}}