{"id":77063,"date":"2023-11-17T16:00:32","date_gmt":"2023-11-17T16:00:32","guid":{"rendered":"https:\/\/skinstudio.ee\/?post_type=product&#038;p=77063"},"modified":"2026-04-07T09:35:26","modified_gmt":"2026-04-07T09:35:26","slug":"super-r-lipoic-acid","status":"publish","type":"product","link":"https:\/\/skinstudio.ee\/lt\/catalog\/life-extension\/super-r-lipoic-acid\/","title":{"rendered":"Super R-Lipoic Acid"},"content":{"rendered":"<p data-start=\"2576\" data-end=\"2689\"><strong data-start=\"2583\" data-end=\"2625\">Super R-Lipoic Acid nuo Life Extension<\/strong> yra maisto papildas su R-lipoine r\u016bg\u0161timi natrio druskos forma.<\/p>\n<p data-start=\"2691\" data-end=\"2918\">Formul\u0117je yra natrio R-lipoatas \u2014 lipoin\u0117s r\u016bg\u0161ties forma su padidintu stabilumu. Tyrim\u0173 duomenimis \u0161i forma pasiekia didesn\u0119 koncentracij\u0105 kraujyje nei \u012fprasta R-lipoin\u0117 r\u016bg\u0161tis ir grei\u010diau pasiskirsto audiniuose po vartojimo.<\/p>\n<p data-start=\"2920\" data-end=\"2977\">Produktas pateikiamas kapsuli\u0173 forma patogiam vartojimui.<\/p>\n<p data-start=\"2979\" data-end=\"3004\"><strong data-start=\"2979\" data-end=\"3002\">Pagaminta Europoje.<\/strong><\/p>\n<p data-start=\"3006\" data-end=\"3146\"><strong data-start=\"3006\" data-end=\"3025\">Geriausias iki:<\/strong> \u017er. ant pakuot\u0117s<br data-start=\"3042\" data-end=\"3045\" \/><strong data-start=\"3045\" data-end=\"3065\">Laikymo s\u0105lygos:<\/strong> laikyti sandariai u\u017edaryt\u0105 v\u0117sioje ir sausoje vietoje<br data-start=\"3119\" data-end=\"3122\" \/><strong data-start=\"3122\" data-end=\"3132\">T\u016bris:<\/strong> 60 kapsuli\u0173<\/p>\n","protected":false},"excerpt":{"rendered":"<p data-start=\"3153\" data-end=\"3192\">Maisto papildas su R-lipoine r\u016bg\u0161timi<\/p>\n<h2 data-start=\"3194\" data-end=\"3242\"><strong data-start=\"3194\" data-end=\"3242\">Life Extension &#8211; Super R-Lipoic Acid Savyb\u0117s<\/strong><\/h2>\n<p data-start=\"3244\" data-end=\"3444\">\u2714\ufe0f Natrio R-lipoatas vietoje standartin\u0117s formos<br data-start=\"3292\" data-end=\"3295\" \/>\u2714\ufe0f Pagerintas veikliosios med\u017eiagos stabilumas<br data-start=\"3341\" data-end=\"3344\" \/>\u2714\ufe0f Didel\u0117 R-formos koncentracija<br data-start=\"3376\" data-end=\"3379\" \/>\u2714\ufe0f Kapsuli\u0173 forma patogiam vartojimui<br data-start=\"3416\" data-end=\"3419\" \/>\u2714\ufe0f Be glitimo ir be GMO<\/p>\n","protected":false},"featured_media":77064,"template":"","meta":[],"pwb-brand":[775],"product_brand":[],"product_cat":[769],"product_tag":[],"giftcard-category":[],"class_list":{"0":"post-77063","1":"product","2":"type-product","3":"status-publish","4":"has-post-thumbnail","6":"pwb-brand-life-extension","7":"product_cat-vitaminai","9":"first","10":"instock","11":"taxable","12":"shipping-taxable","13":"purchasable","14":"product-type-simple"},"acf":[],"brands":[{"id":775,"name":"Life Extension","slug":"life-extension"}],"_links":{"self":[{"href":"https:\/\/skinstudio.ee\/lt\/wp-json\/wp\/v2\/product\/77063","targetHints":{"allow":["GET"]}}],"collection":[{"href":"https:\/\/skinstudio.ee\/lt\/wp-json\/wp\/v2\/product"}],"about":[{"href":"https:\/\/skinstudio.ee\/lt\/wp-json\/wp\/v2\/types\/product"}],"version-history":[{"count":2,"href":"https:\/\/skinstudio.ee\/lt\/wp-json\/wp\/v2\/product\/77063\/revisions"}],"predecessor-version":[{"id":88061,"href":"https:\/\/skinstudio.ee\/lt\/wp-json\/wp\/v2\/product\/77063\/revisions\/88061"}],"wp:featuredmedia":[{"embeddable":true,"href":"https:\/\/skinstudio.ee\/lt\/wp-json\/wp\/v2\/media\/77064"}],"wp:attachment":[{"href":"https:\/\/skinstudio.ee\/lt\/wp-json\/wp\/v2\/media?parent=77063"}],"wp:term":[{"taxonomy":"pwb-brand","embeddable":true,"href":"https:\/\/skinstudio.ee\/lt\/wp-json\/wp\/v2\/pwb-brand?post=77063"},{"taxonomy":"product_brand","embeddable":true,"href":"https:\/\/skinstudio.ee\/lt\/wp-json\/wp\/v2\/product_brand?post=77063"},{"taxonomy":"product_cat","embeddable":true,"href":"https:\/\/skinstudio.ee\/lt\/wp-json\/wp\/v2\/product_cat?post=77063"},{"taxonomy":"product_tag","embeddable":true,"href":"https:\/\/skinstudio.ee\/lt\/wp-json\/wp\/v2\/product_tag?post=77063"},{"taxonomy":"giftcard-category","embeddable":true,"href":"https:\/\/skinstudio.ee\/lt\/wp-json\/wp\/v2\/giftcard-category?post=77063"}],"curies":[{"name":"wp","href":"https:\/\/api.w.org\/{rel}","templated":true}]}}