{"id":77072,"date":"2023-11-17T15:12:21","date_gmt":"2023-11-17T15:12:21","guid":{"rendered":"https:\/\/skinstudio.ee\/?post_type=product&#038;p=77072"},"modified":"2026-04-07T09:37:37","modified_gmt":"2026-04-07T09:37:37","slug":"menopause-relief","status":"publish","type":"product","link":"https:\/\/skinstudio.ee\/lt\/catalog\/life-extension\/menopause-relief\/","title":{"rendered":"Menopause Relief"},"content":{"rendered":"<p data-start=\"2236\" data-end=\"2364\"><strong data-start=\"2243\" data-end=\"2282\">Menopause Relief nuo Life Extension<\/strong> yra maisto papildas su Sibirinio rabarbaro \u0161aknies ekstraktu (Rheum rhaponticum).<\/p>\n<p data-start=\"2366\" data-end=\"2467\">Formul\u0117je yra standartizuotas augalinis ekstraktas table\u010di\u0173 forma. Produktas neturi sojos ir hormon\u0173.<\/p>\n<p data-start=\"2469\" data-end=\"2522\">Rekomenduojamas vartojimas \u2014 viena tablet\u0117 per dien\u0105.<\/p>\n<p data-start=\"2524\" data-end=\"2549\"><strong data-start=\"2524\" data-end=\"2547\">Pagaminta Europoje.<\/strong><\/p>\n<p data-start=\"2551\" data-end=\"2691\"><strong data-start=\"2551\" data-end=\"2570\">Geriausias iki:<\/strong> \u017er. ant pakuot\u0117s<br data-start=\"2587\" data-end=\"2590\" \/><strong data-start=\"2590\" data-end=\"2610\">Laikymo s\u0105lygos:<\/strong> laikyti sandariai u\u017edaryt\u0105 v\u0117sioje ir sausoje vietoje<br data-start=\"2664\" data-end=\"2667\" \/><strong data-start=\"2667\" data-end=\"2677\">T\u016bris:<\/strong> 30 table\u010di\u0173<\/p>\n","protected":false},"excerpt":{"rendered":"<p data-start=\"2698\" data-end=\"2738\">Maisto papildas su rabarbaro ekstraktu<\/p>\n<h2 data-start=\"2740\" data-end=\"2785\"><strong data-start=\"2740\" data-end=\"2785\">Life Extension &#8211; Menopause Relief Savyb\u0117s<\/strong><\/h2>\n<p data-start=\"2787\" data-end=\"2977\">\u2714\ufe0f Rheum rhaponticum \u0161aknies ekstraktas sud\u0117tyje<br data-start=\"2835\" data-end=\"2838\" \/>\u2714\ufe0f Table\u010di\u0173 forma patogiam vartojimui<br data-start=\"2875\" data-end=\"2878\" \/>\u2714\ufe0f Be sojos ir be hormon\u0173<br data-start=\"2903\" data-end=\"2906\" \/>\u2714\ufe0f Kompakti\u0161ka pakuot\u0117 kursiniam vartojimui<br data-start=\"2949\" data-end=\"2952\" \/>\u2714\ufe0f Be glitimo ir be GMO<\/p>\n","protected":false},"featured_media":63515,"template":"","meta":[],"pwb-brand":[775],"product_brand":[],"product_cat":[769],"product_tag":[],"giftcard-category":[],"class_list":{"0":"post-77072","1":"product","2":"type-product","3":"status-publish","4":"has-post-thumbnail","6":"pwb-brand-life-extension","7":"product_cat-vitaminai","9":"first","10":"instock","11":"taxable","12":"shipping-taxable","13":"purchasable","14":"product-type-simple"},"acf":[],"brands":[{"id":775,"name":"Life Extension","slug":"life-extension"}],"_links":{"self":[{"href":"https:\/\/skinstudio.ee\/lt\/wp-json\/wp\/v2\/product\/77072","targetHints":{"allow":["GET"]}}],"collection":[{"href":"https:\/\/skinstudio.ee\/lt\/wp-json\/wp\/v2\/product"}],"about":[{"href":"https:\/\/skinstudio.ee\/lt\/wp-json\/wp\/v2\/types\/product"}],"version-history":[{"count":2,"href":"https:\/\/skinstudio.ee\/lt\/wp-json\/wp\/v2\/product\/77072\/revisions"}],"predecessor-version":[{"id":88066,"href":"https:\/\/skinstudio.ee\/lt\/wp-json\/wp\/v2\/product\/77072\/revisions\/88066"}],"wp:featuredmedia":[{"embeddable":true,"href":"https:\/\/skinstudio.ee\/lt\/wp-json\/wp\/v2\/media\/63515"}],"wp:attachment":[{"href":"https:\/\/skinstudio.ee\/lt\/wp-json\/wp\/v2\/media?parent=77072"}],"wp:term":[{"taxonomy":"pwb-brand","embeddable":true,"href":"https:\/\/skinstudio.ee\/lt\/wp-json\/wp\/v2\/pwb-brand?post=77072"},{"taxonomy":"product_brand","embeddable":true,"href":"https:\/\/skinstudio.ee\/lt\/wp-json\/wp\/v2\/product_brand?post=77072"},{"taxonomy":"product_cat","embeddable":true,"href":"https:\/\/skinstudio.ee\/lt\/wp-json\/wp\/v2\/product_cat?post=77072"},{"taxonomy":"product_tag","embeddable":true,"href":"https:\/\/skinstudio.ee\/lt\/wp-json\/wp\/v2\/product_tag?post=77072"},{"taxonomy":"giftcard-category","embeddable":true,"href":"https:\/\/skinstudio.ee\/lt\/wp-json\/wp\/v2\/giftcard-category?post=77072"}],"curies":[{"name":"wp","href":"https:\/\/api.w.org\/{rel}","templated":true}]}}