{"id":77082,"date":"2023-11-17T11:45:23","date_gmt":"2023-11-17T11:45:23","guid":{"rendered":"https:\/\/skinstudio.ee\/?post_type=product&#038;p=77082"},"modified":"2026-04-07T09:39:33","modified_gmt":"2026-04-07T09:39:33","slug":"peony-immune","status":"publish","type":"product","link":"https:\/\/skinstudio.ee\/lt\/catalog\/life-extension\/peony-immune\/","title":{"rendered":"Peony Immune"},"content":{"rendered":"<p data-start=\"2404\" data-end=\"2503\"><strong data-start=\"2411\" data-end=\"2446\">Peony Immune nuo Life Extension<\/strong> yra maisto papildas su baltojo bij\u016bno \u0161aknies ekstraktu.<\/p>\n<p data-start=\"2505\" data-end=\"2683\">Formul\u0117je yra standartizuotas baltojo bij\u016bno \u0161aknies ekstraktas (Paeonia lactiflora), \u012fskaitant bioaktyv\u0173 jungin\u012f paeoniflorin\u0105. Augaliniai komponentai pateikiami kapsuli\u0173 forma.<\/p>\n<p data-start=\"2685\" data-end=\"2760\">Baltojo bij\u016bno ekstraktas tradici\u0161kai naudojamas augaliniuose preparatuose.<\/p>\n<p data-start=\"2762\" data-end=\"2787\"><strong data-start=\"2762\" data-end=\"2785\">Pagaminta Europoje.<\/strong><\/p>\n<p data-start=\"2789\" data-end=\"2929\"><strong data-start=\"2789\" data-end=\"2808\">Geriausias iki:<\/strong> \u017er. ant pakuot\u0117s<br data-start=\"2825\" data-end=\"2828\" \/><strong data-start=\"2828\" data-end=\"2848\">Laikymo s\u0105lygos:<\/strong> laikyti sandariai u\u017edaryt\u0105 v\u0117sioje ir sausoje vietoje<br data-start=\"2902\" data-end=\"2905\" \/><strong data-start=\"2905\" data-end=\"2915\">T\u016bris:<\/strong> 60 kapsuli\u0173<\/p>\n","protected":false},"excerpt":{"rendered":"<p data-start=\"2936\" data-end=\"2981\">Maisto papildas su bij\u016bno \u0161aknies ekstraktu<\/p>\n<h2 data-start=\"2983\" data-end=\"3024\"><strong data-start=\"2983\" data-end=\"3024\">Life Extension &#8211; Peony Immune Savyb\u0117s<\/strong><\/h2>\n<p data-start=\"3026\" data-end=\"3218\">\u2714\ufe0f Standartizuotas Paeonia lactiflora ekstraktas<br data-start=\"3074\" data-end=\"3077\" \/>\u2714\ufe0f Sud\u0117tyje yra paeoniflorinas<br data-start=\"3107\" data-end=\"3110\" \/>\u2714\ufe0f Augalin\u0117s kilm\u0117s komponentas kapsul\u0117se<br data-start=\"3151\" data-end=\"3154\" \/>\u2714\ufe0f Formul\u0117 augalin\u0117s kilm\u0117s pagrindu<br data-start=\"3190\" data-end=\"3193\" \/>\u2714\ufe0f Be glitimo ir be GMO<\/p>\n","protected":false},"featured_media":92080,"template":"","meta":[],"pwb-brand":[775],"product_brand":[],"product_cat":[769],"product_tag":[],"giftcard-category":[],"class_list":{"0":"post-77082","1":"product","2":"type-product","3":"status-publish","4":"has-post-thumbnail","6":"pwb-brand-life-extension","7":"product_cat-vitaminai","9":"first","10":"instock","11":"taxable","12":"shipping-taxable","13":"purchasable","14":"product-type-simple"},"acf":[],"brands":[{"id":775,"name":"Life Extension","slug":"life-extension"}],"_links":{"self":[{"href":"https:\/\/skinstudio.ee\/lt\/wp-json\/wp\/v2\/product\/77082","targetHints":{"allow":["GET"]}}],"collection":[{"href":"https:\/\/skinstudio.ee\/lt\/wp-json\/wp\/v2\/product"}],"about":[{"href":"https:\/\/skinstudio.ee\/lt\/wp-json\/wp\/v2\/types\/product"}],"version-history":[{"count":2,"href":"https:\/\/skinstudio.ee\/lt\/wp-json\/wp\/v2\/product\/77082\/revisions"}],"predecessor-version":[{"id":88145,"href":"https:\/\/skinstudio.ee\/lt\/wp-json\/wp\/v2\/product\/77082\/revisions\/88145"}],"wp:featuredmedia":[{"embeddable":true,"href":"https:\/\/skinstudio.ee\/lt\/wp-json\/wp\/v2\/media\/92080"}],"wp:attachment":[{"href":"https:\/\/skinstudio.ee\/lt\/wp-json\/wp\/v2\/media?parent=77082"}],"wp:term":[{"taxonomy":"pwb-brand","embeddable":true,"href":"https:\/\/skinstudio.ee\/lt\/wp-json\/wp\/v2\/pwb-brand?post=77082"},{"taxonomy":"product_brand","embeddable":true,"href":"https:\/\/skinstudio.ee\/lt\/wp-json\/wp\/v2\/product_brand?post=77082"},{"taxonomy":"product_cat","embeddable":true,"href":"https:\/\/skinstudio.ee\/lt\/wp-json\/wp\/v2\/product_cat?post=77082"},{"taxonomy":"product_tag","embeddable":true,"href":"https:\/\/skinstudio.ee\/lt\/wp-json\/wp\/v2\/product_tag?post=77082"},{"taxonomy":"giftcard-category","embeddable":true,"href":"https:\/\/skinstudio.ee\/lt\/wp-json\/wp\/v2\/giftcard-category?post=77082"}],"curies":[{"name":"wp","href":"https:\/\/api.w.org\/{rel}","templated":true}]}}