{"id":77091,"date":"2023-08-12T11:58:23","date_gmt":"2023-08-12T11:58:23","guid":{"rendered":"https:\/\/skinstudio.ee\/?post_type=product&#038;p=77091"},"modified":"2026-04-28T11:42:30","modified_gmt":"2026-04-28T11:42:30","slug":"nad-cell-regenerator-and-resveratrol","status":"publish","type":"product","link":"https:\/\/skinstudio.ee\/lt\/catalog\/life-extension\/nad-cell-regenerator-and-resveratrol\/","title":{"rendered":"NAD+ Cell Regenerator\u2122 and Resveratrol\u2122"},"content":{"rendered":"<p data-start=\"2655\" data-end=\"2787\"><strong data-start=\"2662\" data-end=\"2724\">NAD+ Cell Regenerator\u2122 and Resveratrol\u2122 nuo Life Extension<\/strong> yra maisto papildas su nikotinamido ribozidu ir resveratroliu.<\/p>\n<p data-start=\"2789\" data-end=\"2945\">Formul\u0117je yra nikotinamido ribozidas NIAGEN\u00ae \u2014 vitamino B3 forma, taip pat resveratrolis. Kompleksas sujungia su NAD+ susijusius komponentus kapsuli\u0173 forma.<\/p>\n<p data-start=\"2947\" data-end=\"3021\">Produktas apjungia kelis biologi\u0161kai aktyvius junginius vienoje formul\u0117je.<\/p>\n<p data-start=\"3023\" data-end=\"3048\"><strong data-start=\"3023\" data-end=\"3046\">Pagaminta Europoje.<\/strong><\/p>\n<p data-start=\"3050\" data-end=\"3190\"><strong data-start=\"3050\" data-end=\"3069\">Geriausias iki:<\/strong> \u017er. ant pakuot\u0117s<br data-start=\"3086\" data-end=\"3089\" \/><strong data-start=\"3089\" data-end=\"3109\">Laikymo s\u0105lygos:<\/strong> laikyti sandariai u\u017edaryt\u0105 v\u0117sioje ir sausoje vietoje<br data-start=\"3163\" data-end=\"3166\" \/><strong data-start=\"3166\" data-end=\"3176\">T\u016bris:<\/strong> 30 kapsuli\u0173<\/p>\n","protected":false},"excerpt":{"rendered":"<p data-start=\"3197\" data-end=\"3256\">Maisto papildas su nikotinamido ribozidu ir resveratroliu<\/p>\n<h2 data-start=\"3258\" data-end=\"3326\"><strong data-start=\"3258\" data-end=\"3326\">Life Extension &#8211; NAD+ Cell Regenerator\u2122 and Resveratrol\u2122 Savyb\u0117s<\/strong><\/h2>\n<p data-start=\"3328\" data-end=\"3519\">\u2714\ufe0f Nikotinamido ribozidas NIAGEN\u00ae sud\u0117tyje<br data-start=\"3370\" data-end=\"3373\" \/>\u2714\ufe0f Resveratrolis kapsuli\u0173 forma<br data-start=\"3404\" data-end=\"3407\" \/>\u2714\ufe0f Su NAD+ susijusi\u0173 komponent\u0173 kompleksas<br data-start=\"3449\" data-end=\"3452\" \/>\u2714\ufe0f Biologi\u0161kai aktyvi\u0173 jungini\u0173 derinys<br data-start=\"3491\" data-end=\"3494\" \/>\u2714\ufe0f Be glitimo ir be GMO<\/p>\n","protected":false},"featured_media":92085,"template":"","meta":[],"pwb-brand":[775],"product_brand":[],"product_cat":[769],"product_tag":[],"giftcard-category":[],"class_list":{"0":"post-77091","1":"product","2":"type-product","3":"status-publish","4":"has-post-thumbnail","6":"pwb-brand-life-extension","7":"product_cat-vitaminai","9":"first","10":"instock","11":"taxable","12":"shipping-taxable","13":"purchasable","14":"product-type-simple"},"acf":[],"brands":[{"id":775,"name":"Life Extension","slug":"life-extension"}],"_links":{"self":[{"href":"https:\/\/skinstudio.ee\/lt\/wp-json\/wp\/v2\/product\/77091","targetHints":{"allow":["GET"]}}],"collection":[{"href":"https:\/\/skinstudio.ee\/lt\/wp-json\/wp\/v2\/product"}],"about":[{"href":"https:\/\/skinstudio.ee\/lt\/wp-json\/wp\/v2\/types\/product"}],"version-history":[{"count":2,"href":"https:\/\/skinstudio.ee\/lt\/wp-json\/wp\/v2\/product\/77091\/revisions"}],"predecessor-version":[{"id":88151,"href":"https:\/\/skinstudio.ee\/lt\/wp-json\/wp\/v2\/product\/77091\/revisions\/88151"}],"wp:featuredmedia":[{"embeddable":true,"href":"https:\/\/skinstudio.ee\/lt\/wp-json\/wp\/v2\/media\/92085"}],"wp:attachment":[{"href":"https:\/\/skinstudio.ee\/lt\/wp-json\/wp\/v2\/media?parent=77091"}],"wp:term":[{"taxonomy":"pwb-brand","embeddable":true,"href":"https:\/\/skinstudio.ee\/lt\/wp-json\/wp\/v2\/pwb-brand?post=77091"},{"taxonomy":"product_brand","embeddable":true,"href":"https:\/\/skinstudio.ee\/lt\/wp-json\/wp\/v2\/product_brand?post=77091"},{"taxonomy":"product_cat","embeddable":true,"href":"https:\/\/skinstudio.ee\/lt\/wp-json\/wp\/v2\/product_cat?post=77091"},{"taxonomy":"product_tag","embeddable":true,"href":"https:\/\/skinstudio.ee\/lt\/wp-json\/wp\/v2\/product_tag?post=77091"},{"taxonomy":"giftcard-category","embeddable":true,"href":"https:\/\/skinstudio.ee\/lt\/wp-json\/wp\/v2\/giftcard-category?post=77091"}],"curies":[{"name":"wp","href":"https:\/\/api.w.org\/{rel}","templated":true}]}}