{"id":77109,"date":"2023-08-12T11:30:22","date_gmt":"2023-08-12T11:30:22","guid":{"rendered":"https:\/\/skinstudio.ee\/?post_type=product&#038;p=77109"},"modified":"2026-04-07T12:14:40","modified_gmt":"2026-04-07T12:14:40","slug":"super-k","status":"publish","type":"product","link":"https:\/\/skinstudio.ee\/lt\/catalog\/life-extension\/super-k\/","title":{"rendered":"Super K"},"content":{"rendered":"<p data-start=\"2765\" data-end=\"2828\"><strong data-start=\"2765\" data-end=\"2795\">Super K nuo Life Extension<\/strong> &#8211; maisto papildas su vitaminu K.<\/p>\n<p data-start=\"2830\" data-end=\"2925\">Vitaminas K padeda palaikyti normal\u0173 kraujo kre\u0161\u0117jim\u0105 ir padeda palaikyti normali\u0105 kaul\u0173 b\u016bkl\u0119.<\/p>\n<p data-start=\"2927\" data-end=\"3067\">Vitamino K suvartojimas su maistu gali skirtis priklausomai nuo mitybos \u012fpro\u010di\u0173. Tod\u0117l Super K yra patogus b\u016bdas papildyti vitamino K kiek\u012f.<\/p>\n<p data-start=\"3069\" data-end=\"3221\">Formul\u0117je yra vitamino K1 ir vitamino K2 form\u0173 \u2014 menachinono-4 (MK-4) ir menachinono-7 (MK-7), pateikiama kapsuli\u0173 forma patogiam kasdieniam vartojimui.<\/p>\n<p data-start=\"3223\" data-end=\"3395\"><strong data-start=\"3223\" data-end=\"3246\">Pagaminta Europoje.<\/strong><br data-start=\"3246\" data-end=\"3249\" \/><strong data-start=\"3249\" data-end=\"3270\">Galiojimo laikas:<\/strong> \u017ei\u016br\u0117ti ant pakuot\u0117s<br data-start=\"3291\" data-end=\"3294\" \/><strong data-start=\"3294\" data-end=\"3314\">Laikymo s\u0105lygos:<\/strong> laikyti sandariai u\u017edaryt\u0105 v\u0117sioje ir sausoje vietoje<br data-start=\"3368\" data-end=\"3371\" \/><strong data-start=\"3371\" data-end=\"3381\">T\u016bris:<\/strong> 90 kapsuli\u0173<\/p>\n","protected":false},"excerpt":{"rendered":"<p data-start=\"3402\" data-end=\"3433\">Maisto papildas su vitaminu K<\/p>\n<h2 data-section-id=\"1xziyit\" data-start=\"3435\" data-end=\"3475\"><strong data-start=\"3439\" data-end=\"3475\">Life Extension &#8211; Super K Savyb\u0117s<\/strong><\/h2>\n<p data-start=\"3477\" data-end=\"3613\">\u2714\ufe0f Sud\u0117tyje yra vitamino K1 ir K2<br data-start=\"3510\" data-end=\"3513\" \/>\u2714\ufe0f Formul\u0117 su MK-4 ir MK-7<br data-start=\"3539\" data-end=\"3542\" \/>\u2714\ufe0f Patogi kapsuli\u0173 forma<br data-start=\"3566\" data-end=\"3569\" \/>\u2714\ufe0f Tinka kasdieniam vartojimui<br data-start=\"3599\" data-end=\"3602\" \/>\u2714\ufe0f Be GMO<\/p>\n","protected":false},"featured_media":63530,"template":"","meta":[],"pwb-brand":[775],"product_brand":[],"product_cat":[769],"product_tag":[],"giftcard-category":[],"class_list":{"0":"post-77109","1":"product","2":"type-product","3":"status-publish","4":"has-post-thumbnail","6":"pwb-brand-life-extension","7":"product_cat-vitaminai","9":"first","10":"instock","11":"taxable","12":"shipping-taxable","13":"purchasable","14":"product-type-simple"},"acf":[],"brands":[{"id":775,"name":"Life Extension","slug":"life-extension"}],"_links":{"self":[{"href":"https:\/\/skinstudio.ee\/lt\/wp-json\/wp\/v2\/product\/77109","targetHints":{"allow":["GET"]}}],"collection":[{"href":"https:\/\/skinstudio.ee\/lt\/wp-json\/wp\/v2\/product"}],"about":[{"href":"https:\/\/skinstudio.ee\/lt\/wp-json\/wp\/v2\/types\/product"}],"version-history":[{"count":3,"href":"https:\/\/skinstudio.ee\/lt\/wp-json\/wp\/v2\/product\/77109\/revisions"}],"predecessor-version":[{"id":89698,"href":"https:\/\/skinstudio.ee\/lt\/wp-json\/wp\/v2\/product\/77109\/revisions\/89698"}],"wp:featuredmedia":[{"embeddable":true,"href":"https:\/\/skinstudio.ee\/lt\/wp-json\/wp\/v2\/media\/63530"}],"wp:attachment":[{"href":"https:\/\/skinstudio.ee\/lt\/wp-json\/wp\/v2\/media?parent=77109"}],"wp:term":[{"taxonomy":"pwb-brand","embeddable":true,"href":"https:\/\/skinstudio.ee\/lt\/wp-json\/wp\/v2\/pwb-brand?post=77109"},{"taxonomy":"product_brand","embeddable":true,"href":"https:\/\/skinstudio.ee\/lt\/wp-json\/wp\/v2\/product_brand?post=77109"},{"taxonomy":"product_cat","embeddable":true,"href":"https:\/\/skinstudio.ee\/lt\/wp-json\/wp\/v2\/product_cat?post=77109"},{"taxonomy":"product_tag","embeddable":true,"href":"https:\/\/skinstudio.ee\/lt\/wp-json\/wp\/v2\/product_tag?post=77109"},{"taxonomy":"giftcard-category","embeddable":true,"href":"https:\/\/skinstudio.ee\/lt\/wp-json\/wp\/v2\/giftcard-category?post=77109"}],"curies":[{"name":"wp","href":"https:\/\/api.w.org\/{rel}","templated":true}]}}