{"id":77117,"date":"2023-08-12T10:55:05","date_gmt":"2023-08-12T10:55:05","guid":{"rendered":"https:\/\/skinstudio.ee\/?post_type=product&#038;p=77117"},"modified":"2026-04-07T12:16:05","modified_gmt":"2026-04-07T12:16:05","slug":"zinc-caps","status":"publish","type":"product","link":"https:\/\/skinstudio.ee\/lt\/catalog\/life-extension\/zinc-caps\/","title":{"rendered":"Zinc Caps"},"content":{"rendered":"<p data-start=\"3362\" data-end=\"3444\"><strong data-start=\"3362\" data-end=\"3394\">Zinc Caps nuo Life Extension<\/strong> &#8211; maisto papildas su cinku cinko metionino forma.<\/p>\n<p data-start=\"3446\" data-end=\"3664\">Cinkas padeda palaikyti normali\u0105 imunin\u0117s sistemos veikl\u0105, l\u0105steli\u0173 apsaug\u0105 nuo oksidacinio streso, taip pat normali\u0105 DNR ir baltym\u0173 sintez\u0119. Jis taip pat padeda palaikyti normali\u0105 odos, plauk\u0173, nag\u0173 ir reg\u0117jimo b\u016bkl\u0119.<\/p>\n<p data-start=\"3666\" data-end=\"3764\">Formul\u0117 sud\u0117tyje turi cinko metionino ir pateikiama kapsuli\u0173 forma patogiam kasdieniam vartojimui.<\/p>\n<p data-start=\"3766\" data-end=\"3938\"><strong data-start=\"3766\" data-end=\"3789\">Pagaminta Europoje.<\/strong><br data-start=\"3789\" data-end=\"3792\" \/><strong data-start=\"3792\" data-end=\"3813\">Galiojimo laikas:<\/strong> \u017ei\u016br\u0117ti ant pakuot\u0117s<br data-start=\"3834\" data-end=\"3837\" \/><strong data-start=\"3837\" data-end=\"3857\">Laikymo s\u0105lygos:<\/strong> laikyti sandariai u\u017edaryt\u0105 v\u0117sioje ir sausoje vietoje<br data-start=\"3911\" data-end=\"3914\" \/><strong data-start=\"3914\" data-end=\"3924\">T\u016bris:<\/strong> 90 kapsuli\u0173<\/p>\n","protected":false},"excerpt":{"rendered":"<p data-start=\"3945\" data-end=\"3971\">Maisto papildas su cinku<\/p>\n<h2 data-section-id=\"ianmb4\" data-start=\"3973\" data-end=\"4015\"><strong data-start=\"3977\" data-end=\"4015\">Life Extension &#8211; Zinc Caps Savyb\u0117s<\/strong><\/h2>\n<p data-start=\"4017\" data-end=\"4141\" data-is-last-node=\"\" data-is-only-node=\"\">\u2714\ufe0f Cinkas metionino forma<br data-start=\"4042\" data-end=\"4045\" \/>\u2714\ufe0f 90 kapsuli\u0173 pakuot\u0117je<br data-start=\"4069\" data-end=\"4072\" \/>\u2714\ufe0f Patogi kapsuli\u0173 forma<br data-start=\"4096\" data-end=\"4099\" \/>\u2714\ufe0f Tinka kasdieniam vartojimui<br data-start=\"4129\" data-end=\"4132\" \/>\u2714\ufe0f Be GMO<\/p>\n","protected":false},"featured_media":63535,"template":"","meta":[],"pwb-brand":[775],"product_brand":[],"product_cat":[769],"product_tag":[],"giftcard-category":[],"class_list":{"0":"post-77117","1":"product","2":"type-product","3":"status-publish","4":"has-post-thumbnail","6":"pwb-brand-life-extension","7":"product_cat-vitaminai","9":"first","10":"instock","11":"taxable","12":"shipping-taxable","13":"purchasable","14":"product-type-simple"},"acf":[],"brands":[{"id":775,"name":"Life Extension","slug":"life-extension"}],"_links":{"self":[{"href":"https:\/\/skinstudio.ee\/lt\/wp-json\/wp\/v2\/product\/77117","targetHints":{"allow":["GET"]}}],"collection":[{"href":"https:\/\/skinstudio.ee\/lt\/wp-json\/wp\/v2\/product"}],"about":[{"href":"https:\/\/skinstudio.ee\/lt\/wp-json\/wp\/v2\/types\/product"}],"version-history":[{"count":3,"href":"https:\/\/skinstudio.ee\/lt\/wp-json\/wp\/v2\/product\/77117\/revisions"}],"predecessor-version":[{"id":87128,"href":"https:\/\/skinstudio.ee\/lt\/wp-json\/wp\/v2\/product\/77117\/revisions\/87128"}],"wp:featuredmedia":[{"embeddable":true,"href":"https:\/\/skinstudio.ee\/lt\/wp-json\/wp\/v2\/media\/63535"}],"wp:attachment":[{"href":"https:\/\/skinstudio.ee\/lt\/wp-json\/wp\/v2\/media?parent=77117"}],"wp:term":[{"taxonomy":"pwb-brand","embeddable":true,"href":"https:\/\/skinstudio.ee\/lt\/wp-json\/wp\/v2\/pwb-brand?post=77117"},{"taxonomy":"product_brand","embeddable":true,"href":"https:\/\/skinstudio.ee\/lt\/wp-json\/wp\/v2\/product_brand?post=77117"},{"taxonomy":"product_cat","embeddable":true,"href":"https:\/\/skinstudio.ee\/lt\/wp-json\/wp\/v2\/product_cat?post=77117"},{"taxonomy":"product_tag","embeddable":true,"href":"https:\/\/skinstudio.ee\/lt\/wp-json\/wp\/v2\/product_tag?post=77117"},{"taxonomy":"giftcard-category","embeddable":true,"href":"https:\/\/skinstudio.ee\/lt\/wp-json\/wp\/v2\/giftcard-category?post=77117"}],"curies":[{"name":"wp","href":"https:\/\/api.w.org\/{rel}","templated":true}]}}