{"id":77125,"date":"2023-08-11T09:53:27","date_gmt":"2023-08-11T09:53:27","guid":{"rendered":"https:\/\/skinstudio.ee\/?post_type=product&#038;p=77125"},"modified":"2026-04-07T12:19:59","modified_gmt":"2026-04-07T12:19:59","slug":"omega-3-fish-oil-gummy-bites","status":"publish","type":"product","link":"https:\/\/skinstudio.ee\/lt\/catalog\/life-extension\/omega-3-fish-oil-gummy-bites\/","title":{"rendered":"Omega-3 Fish Oil Gummy Bites"},"content":{"rendered":"<p data-start=\"2534\" data-end=\"2668\"><strong data-start=\"2541\" data-end=\"2592\">Omega-3 Fish Oil Gummy Bites nuo Life Extension<\/strong> yra maisto papildas su omega-3 riebal\u0173 r\u016bg\u0161timis kramtom\u0173j\u0173 guminuk\u0173 forma.<\/p>\n<p data-start=\"2670\" data-end=\"2865\">Formul\u0117je yra \u017euv\u0173 taukai su dideliu omega-3 kiekiu. Viena porcija suteikia 300 mg EPA ir 225 mg DHA. Naudojama technologija u\u017etikrina didesn\u0119 \u017euv\u0173 tauk\u0173 koncentracij\u0105 nei \u012fprastuose guminukuose.<\/p>\n<p data-start=\"2867\" data-end=\"2915\">Produktas pateikiamas kramtom\u0173j\u0173 guminuk\u0173 forma.<\/p>\n<p data-start=\"2917\" data-end=\"2942\"><strong data-start=\"2917\" data-end=\"2940\">Pagaminta Europoje.<\/strong><\/p>\n<p data-start=\"2944\" data-end=\"3095\"><strong data-start=\"2944\" data-end=\"2963\">Geriausias iki:<\/strong> \u017er. ant pakuot\u0117s<br data-start=\"2980\" data-end=\"2983\" \/><strong data-start=\"2983\" data-end=\"3003\">Laikymo s\u0105lygos:<\/strong> laikyti sandariai u\u017edaryt\u0105 v\u0117sioje ir sausoje vietoje<br data-start=\"3057\" data-end=\"3060\" \/><strong data-start=\"3060\" data-end=\"3070\">T\u016bris:<\/strong> 36 kramtom\u0173j\u0173 guminuk\u0173<\/p>\n","protected":false},"excerpt":{"rendered":"<p data-start=\"3102\" data-end=\"3156\">Maisto papildas su omega-3 kramtom\u0173j\u0173 guminuk\u0173 forma<\/p>\n<h2 data-start=\"3158\" data-end=\"3215\"><strong data-start=\"3158\" data-end=\"3215\">Life Extension &#8211; Omega-3 Fish Oil Gummy Bites Savyb\u0117s<\/strong><\/h2>\n<p data-start=\"3217\" data-end=\"3382\">\u2714\ufe0f 300 mg EPA ir 225 mg DHA porcijoje<br data-start=\"3254\" data-end=\"3257\" \/>\u2714\ufe0f Padidintas \u017euv\u0173 tauk\u0173 kiekis<br data-start=\"3288\" data-end=\"3291\" \/>\u2714\ufe0f Kramtom\u0173j\u0173 guminuk\u0173 formatas<br data-start=\"3322\" data-end=\"3325\" \/>\u2714\ufe0f Patogus vartojimas kasdien<br data-start=\"3354\" data-end=\"3357\" \/>\u2714\ufe0f Be glitimo ir be GMO<\/p>\n","protected":false},"featured_media":77126,"template":"","meta":[],"pwb-brand":[775],"product_brand":[],"product_cat":[769],"product_tag":[],"giftcard-category":[],"class_list":{"0":"post-77125","1":"product","2":"type-product","3":"status-publish","4":"has-post-thumbnail","6":"pwb-brand-life-extension","7":"product_cat-vitaminai","9":"first","10":"instock","11":"taxable","12":"shipping-taxable","13":"purchasable","14":"product-type-simple"},"acf":[],"brands":[{"id":775,"name":"Life Extension","slug":"life-extension"}],"_links":{"self":[{"href":"https:\/\/skinstudio.ee\/lt\/wp-json\/wp\/v2\/product\/77125","targetHints":{"allow":["GET"]}}],"collection":[{"href":"https:\/\/skinstudio.ee\/lt\/wp-json\/wp\/v2\/product"}],"about":[{"href":"https:\/\/skinstudio.ee\/lt\/wp-json\/wp\/v2\/types\/product"}],"version-history":[{"count":2,"href":"https:\/\/skinstudio.ee\/lt\/wp-json\/wp\/v2\/product\/77125\/revisions"}],"predecessor-version":[{"id":88162,"href":"https:\/\/skinstudio.ee\/lt\/wp-json\/wp\/v2\/product\/77125\/revisions\/88162"}],"wp:featuredmedia":[{"embeddable":true,"href":"https:\/\/skinstudio.ee\/lt\/wp-json\/wp\/v2\/media\/77126"}],"wp:attachment":[{"href":"https:\/\/skinstudio.ee\/lt\/wp-json\/wp\/v2\/media?parent=77125"}],"wp:term":[{"taxonomy":"pwb-brand","embeddable":true,"href":"https:\/\/skinstudio.ee\/lt\/wp-json\/wp\/v2\/pwb-brand?post=77125"},{"taxonomy":"product_brand","embeddable":true,"href":"https:\/\/skinstudio.ee\/lt\/wp-json\/wp\/v2\/product_brand?post=77125"},{"taxonomy":"product_cat","embeddable":true,"href":"https:\/\/skinstudio.ee\/lt\/wp-json\/wp\/v2\/product_cat?post=77125"},{"taxonomy":"product_tag","embeddable":true,"href":"https:\/\/skinstudio.ee\/lt\/wp-json\/wp\/v2\/product_tag?post=77125"},{"taxonomy":"giftcard-category","embeddable":true,"href":"https:\/\/skinstudio.ee\/lt\/wp-json\/wp\/v2\/giftcard-category?post=77125"}],"curies":[{"name":"wp","href":"https:\/\/api.w.org\/{rel}","templated":true}]}}