{"id":77132,"date":"2023-08-11T09:33:41","date_gmt":"2023-08-11T09:33:41","guid":{"rendered":"https:\/\/skinstudio.ee\/?post_type=product&#038;p=77132"},"modified":"2026-04-28T11:53:17","modified_gmt":"2026-04-28T11:53:17","slug":"florassist-balance","status":"publish","type":"product","link":"https:\/\/skinstudio.ee\/lt\/catalog\/life-extension\/florassist-balance\/","title":{"rendered":"FLORASSIST\u00ae Balance"},"content":{"rendered":"<p data-start=\"2205\" data-end=\"2303\"><strong data-start=\"2212\" data-end=\"2254\">FLORASSIST\u00ae Balance nuo Life Extension<\/strong> yra maisto papildas su probiotin\u0117mis kult\u016bromis.<\/p>\n<p data-start=\"2305\" data-end=\"2420\">Formul\u0117je yra probiotini\u0173 bakterij\u0173 padermi\u0173 derinys. Probiotikai yra mikroorganizmai, naudojami maisto papilduose.<\/p>\n<p data-start=\"2422\" data-end=\"2479\">Produktas pateikiamas kapsuli\u0173 forma patogiam vartojimui.<\/p>\n<p data-start=\"2481\" data-end=\"2506\"><strong data-start=\"2481\" data-end=\"2504\">Pagaminta Europoje.<\/strong><\/p>\n<p data-start=\"2508\" data-end=\"2648\"><strong data-start=\"2508\" data-end=\"2527\">Geriausias iki:<\/strong> \u017er. ant pakuot\u0117s<br data-start=\"2544\" data-end=\"2547\" \/><strong data-start=\"2547\" data-end=\"2567\">Laikymo s\u0105lygos:<\/strong> laikyti sandariai u\u017edaryt\u0105 v\u0117sioje ir sausoje vietoje<br data-start=\"2621\" data-end=\"2624\" \/><strong data-start=\"2624\" data-end=\"2634\">T\u016bris:<\/strong> 30 kapsuli\u0173<\/p>\n","protected":false},"excerpt":{"rendered":"<p data-start=\"2655\" data-end=\"2700\">Maisto papildas su probiotin\u0117mis kult\u016bromis<\/p>\n<h2 data-start=\"2702\" data-end=\"2750\"><strong data-start=\"2702\" data-end=\"2750\">Life Extension &#8211; FLORASSIST\u00ae Balance Savyb\u0117s<\/strong><\/h2>\n<p data-start=\"2752\" data-end=\"2924\">\u2714\ufe0f Probiotini\u0173 padermi\u0173 derinys<br data-start=\"2783\" data-end=\"2786\" \/>\u2714\ufe0f Kapsuli\u0173 forma patogiam vartojimui<br data-start=\"2823\" data-end=\"2826\" \/>\u2714\ufe0f Dvigubos kapsuliavimo technologija<br data-start=\"2863\" data-end=\"2866\" \/>\u2714\ufe0f Formul\u0117 su mikroorganizmais<br data-start=\"2896\" data-end=\"2899\" \/>\u2714\ufe0f Be glitimo ir be GMO<\/p>\n","protected":false},"featured_media":77134,"template":"","meta":[],"pwb-brand":[775],"product_brand":[],"product_cat":[769],"product_tag":[],"giftcard-category":[],"class_list":{"0":"post-77132","1":"product","2":"type-product","3":"status-publish","4":"has-post-thumbnail","6":"pwb-brand-life-extension","7":"product_cat-vitaminai","9":"first","10":"instock","11":"taxable","12":"shipping-taxable","13":"purchasable","14":"product-type-simple"},"acf":[],"brands":[{"id":775,"name":"Life Extension","slug":"life-extension"}],"_links":{"self":[{"href":"https:\/\/skinstudio.ee\/lt\/wp-json\/wp\/v2\/product\/77132","targetHints":{"allow":["GET"]}}],"collection":[{"href":"https:\/\/skinstudio.ee\/lt\/wp-json\/wp\/v2\/product"}],"about":[{"href":"https:\/\/skinstudio.ee\/lt\/wp-json\/wp\/v2\/types\/product"}],"version-history":[{"count":2,"href":"https:\/\/skinstudio.ee\/lt\/wp-json\/wp\/v2\/product\/77132\/revisions"}],"predecessor-version":[{"id":88167,"href":"https:\/\/skinstudio.ee\/lt\/wp-json\/wp\/v2\/product\/77132\/revisions\/88167"}],"wp:featuredmedia":[{"embeddable":true,"href":"https:\/\/skinstudio.ee\/lt\/wp-json\/wp\/v2\/media\/77134"}],"wp:attachment":[{"href":"https:\/\/skinstudio.ee\/lt\/wp-json\/wp\/v2\/media?parent=77132"}],"wp:term":[{"taxonomy":"pwb-brand","embeddable":true,"href":"https:\/\/skinstudio.ee\/lt\/wp-json\/wp\/v2\/pwb-brand?post=77132"},{"taxonomy":"product_brand","embeddable":true,"href":"https:\/\/skinstudio.ee\/lt\/wp-json\/wp\/v2\/product_brand?post=77132"},{"taxonomy":"product_cat","embeddable":true,"href":"https:\/\/skinstudio.ee\/lt\/wp-json\/wp\/v2\/product_cat?post=77132"},{"taxonomy":"product_tag","embeddable":true,"href":"https:\/\/skinstudio.ee\/lt\/wp-json\/wp\/v2\/product_tag?post=77132"},{"taxonomy":"giftcard-category","embeddable":true,"href":"https:\/\/skinstudio.ee\/lt\/wp-json\/wp\/v2\/giftcard-category?post=77132"}],"curies":[{"name":"wp","href":"https:\/\/api.w.org\/{rel}","templated":true}]}}