{"id":77139,"date":"2023-08-11T09:32:54","date_gmt":"2023-08-11T09:32:54","guid":{"rendered":"https:\/\/skinstudio.ee\/?post_type=product&#038;p=77139"},"modified":"2026-04-28T11:55:27","modified_gmt":"2026-04-28T11:55:27","slug":"chewwies-vitamin-d3","status":"publish","type":"product","link":"https:\/\/skinstudio.ee\/lt\/catalog\/life-extension\/chewwies-vitamin-d3\/","title":{"rendered":"Chewwies Vitamin D3"},"content":{"rendered":"<p data-start=\"2331\" data-end=\"2442\"><strong data-start=\"2338\" data-end=\"2380\">Chewwies Vitamin D3 nuo Life Extension<\/strong> yra maisto papildas su vitaminu D3 kramtom\u0173j\u0173 guminuk\u0173 forma.<\/p>\n<p data-start=\"2444\" data-end=\"2610\">Vitaminas D dalyvauja \u012fvairiuose fiziologiniuose procesuose organizme. Produktas pateikiamas kramtom\u0173j\u0173 guminuk\u0173 forma, tinkamas vaikams nuo 3 met\u0173 ir suaugusiesiems.<\/p>\n<p data-start=\"2612\" data-end=\"2676\">Formul\u0117 gali b\u016bti naudojama kaip papildomas vitamino D \u0161altinis.<\/p>\n<p data-start=\"2678\" data-end=\"2703\"><strong data-start=\"2678\" data-end=\"2701\">Pagaminta Europoje.<\/strong><\/p>\n<p data-start=\"2705\" data-end=\"2856\"><strong data-start=\"2705\" data-end=\"2724\">Geriausias iki:<\/strong> \u017er. ant pakuot\u0117s<br data-start=\"2741\" data-end=\"2744\" \/><strong data-start=\"2744\" data-end=\"2764\">Laikymo s\u0105lygos:<\/strong> laikyti sandariai u\u017edaryt\u0105 v\u0117sioje ir sausoje vietoje<br data-start=\"2818\" data-end=\"2821\" \/><strong data-start=\"2821\" data-end=\"2831\">T\u016bris:<\/strong> 30 kramtom\u0173j\u0173 guminuk\u0173<\/p>\n","protected":false},"excerpt":{"rendered":"<p data-start=\"2863\" data-end=\"2920\">Maisto papildas su vitaminu D kramtom\u0173j\u0173 guminuk\u0173 forma<\/p>\n<h2 data-start=\"2922\" data-end=\"2970\"><strong data-start=\"2922\" data-end=\"2970\">Life Extension &#8211; Chewwies Vitamin D3 Savyb\u0117s<\/strong><\/h2>\n<p data-start=\"2972\" data-end=\"3116\">\u2714\ufe0f Kramtom\u0173j\u0173 guminuk\u0173 formatas<br data-start=\"3003\" data-end=\"3006\" \/>\u2714\ufe0f Tinka vaikams nuo 3 met\u0173<br data-start=\"3033\" data-end=\"3036\" \/>\u2714\ufe0f Vegani\u0161ka formul\u0117<br data-start=\"3056\" data-end=\"3059\" \/>\u2714\ufe0f Patogus vartojimas kasdien<br data-start=\"3088\" data-end=\"3091\" \/>\u2714\ufe0f Be glitimo ir be GMO<\/p>\n","protected":false},"featured_media":77140,"template":"","meta":[],"pwb-brand":[775],"product_brand":[],"product_cat":[769],"product_tag":[],"giftcard-category":[],"class_list":{"0":"post-77139","1":"product","2":"type-product","3":"status-publish","4":"has-post-thumbnail","6":"pwb-brand-life-extension","7":"product_cat-vitaminai","9":"first","10":"instock","11":"sale","12":"taxable","13":"shipping-taxable","14":"purchasable","15":"product-type-simple"},"acf":[],"brands":[{"id":775,"name":"Life Extension","slug":"life-extension"}],"_links":{"self":[{"href":"https:\/\/skinstudio.ee\/lt\/wp-json\/wp\/v2\/product\/77139","targetHints":{"allow":["GET"]}}],"collection":[{"href":"https:\/\/skinstudio.ee\/lt\/wp-json\/wp\/v2\/product"}],"about":[{"href":"https:\/\/skinstudio.ee\/lt\/wp-json\/wp\/v2\/types\/product"}],"version-history":[{"count":2,"href":"https:\/\/skinstudio.ee\/lt\/wp-json\/wp\/v2\/product\/77139\/revisions"}],"predecessor-version":[{"id":88173,"href":"https:\/\/skinstudio.ee\/lt\/wp-json\/wp\/v2\/product\/77139\/revisions\/88173"}],"wp:featuredmedia":[{"embeddable":true,"href":"https:\/\/skinstudio.ee\/lt\/wp-json\/wp\/v2\/media\/77140"}],"wp:attachment":[{"href":"https:\/\/skinstudio.ee\/lt\/wp-json\/wp\/v2\/media?parent=77139"}],"wp:term":[{"taxonomy":"pwb-brand","embeddable":true,"href":"https:\/\/skinstudio.ee\/lt\/wp-json\/wp\/v2\/pwb-brand?post=77139"},{"taxonomy":"product_brand","embeddable":true,"href":"https:\/\/skinstudio.ee\/lt\/wp-json\/wp\/v2\/product_brand?post=77139"},{"taxonomy":"product_cat","embeddable":true,"href":"https:\/\/skinstudio.ee\/lt\/wp-json\/wp\/v2\/product_cat?post=77139"},{"taxonomy":"product_tag","embeddable":true,"href":"https:\/\/skinstudio.ee\/lt\/wp-json\/wp\/v2\/product_tag?post=77139"},{"taxonomy":"giftcard-category","embeddable":true,"href":"https:\/\/skinstudio.ee\/lt\/wp-json\/wp\/v2\/giftcard-category?post=77139"}],"curies":[{"name":"wp","href":"https:\/\/api.w.org\/{rel}","templated":true}]}}