{"id":77146,"date":"2023-08-07T14:40:45","date_gmt":"2023-08-07T14:40:45","guid":{"rendered":"https:\/\/skinstudio.ee\/?post_type=product&#038;p=77146"},"modified":"2026-04-07T12:25:08","modified_gmt":"2026-04-07T12:25:08","slug":"optimized-folate","status":"publish","type":"product","link":"https:\/\/skinstudio.ee\/lt\/catalog\/life-extension\/optimized-folate\/","title":{"rendered":"Optimized Folate"},"content":{"rendered":"<p data-start=\"2373\" data-end=\"2492\"><strong data-start=\"2380\" data-end=\"2419\">Optimized Folate nuo Life Extension<\/strong> yra maisto papildas su L-metilfolatu \u2014 biologi\u0161kai aktyvia folato forma.<\/p>\n<p data-start=\"2494\" data-end=\"2669\">Folatas priklauso B grup\u0117s vitaminams ir dalyvauja \u012fvairiuose med\u017eiag\u0173 apykaitos procesuose. Formul\u0117 suteikia 1700 mcg L-metilfolato \u2014 form\u0105 su dideliu biologiniu prieinamumu.<\/p>\n<p data-start=\"2671\" data-end=\"2728\">Produktas pateikiamas kapsuli\u0173 forma patogiam vartojimui.<\/p>\n<p data-start=\"2730\" data-end=\"2755\"><strong data-start=\"2730\" data-end=\"2753\">Pagaminta Europoje.<\/strong><\/p>\n<p data-start=\"2757\" data-end=\"2898\"><strong data-start=\"2757\" data-end=\"2776\">Geriausias iki:<\/strong> \u017er. ant pakuot\u0117s<br data-start=\"2793\" data-end=\"2796\" \/><strong data-start=\"2796\" data-end=\"2816\">Laikymo s\u0105lygos:<\/strong> laikyti sandariai u\u017edaryt\u0105 v\u0117sioje ir sausoje vietoje<br data-start=\"2870\" data-end=\"2873\" \/><strong data-start=\"2873\" data-end=\"2883\">T\u016bris:<\/strong> 100 kapsuli\u0173<\/p>\n","protected":false},"excerpt":{"rendered":"<p data-start=\"2905\" data-end=\"2946\">Maisto papildas su aktyvia folato forma<\/p>\n<h2 data-start=\"2948\" data-end=\"2993\"><strong data-start=\"2948\" data-end=\"2993\">Life Extension &#8211; Optimized Folate Savyb\u0117s<\/strong><\/h2>\n<p data-start=\"2995\" data-end=\"3172\">\u2714\ufe0f 1700 mcg L-metilfolato porcijoje<br data-start=\"3030\" data-end=\"3033\" \/>\u2714\ufe0f Biologi\u0161kai aktyvi folato forma<br data-start=\"3067\" data-end=\"3070\" \/>\u2714\ufe0f Didelis biologinis prieinamumas<br data-start=\"3104\" data-end=\"3107\" \/>\u2714\ufe0f Kapsuli\u0173 forma patogiam vartojimui<br data-start=\"3144\" data-end=\"3147\" \/>\u2714\ufe0f Be glitimo ir be GMO<\/p>\n","protected":false},"featured_media":63545,"template":"","meta":[],"pwb-brand":[775],"product_brand":[],"product_cat":[769],"product_tag":[],"giftcard-category":[],"class_list":{"0":"post-77146","1":"product","2":"type-product","3":"status-publish","4":"has-post-thumbnail","6":"pwb-brand-life-extension","7":"product_cat-vitaminai","9":"first","10":"instock","11":"taxable","12":"shipping-taxable","13":"purchasable","14":"product-type-simple"},"acf":[],"brands":[{"id":775,"name":"Life Extension","slug":"life-extension"}],"_links":{"self":[{"href":"https:\/\/skinstudio.ee\/lt\/wp-json\/wp\/v2\/product\/77146","targetHints":{"allow":["GET"]}}],"collection":[{"href":"https:\/\/skinstudio.ee\/lt\/wp-json\/wp\/v2\/product"}],"about":[{"href":"https:\/\/skinstudio.ee\/lt\/wp-json\/wp\/v2\/types\/product"}],"version-history":[{"count":2,"href":"https:\/\/skinstudio.ee\/lt\/wp-json\/wp\/v2\/product\/77146\/revisions"}],"predecessor-version":[{"id":88180,"href":"https:\/\/skinstudio.ee\/lt\/wp-json\/wp\/v2\/product\/77146\/revisions\/88180"}],"wp:featuredmedia":[{"embeddable":true,"href":"https:\/\/skinstudio.ee\/lt\/wp-json\/wp\/v2\/media\/63545"}],"wp:attachment":[{"href":"https:\/\/skinstudio.ee\/lt\/wp-json\/wp\/v2\/media?parent=77146"}],"wp:term":[{"taxonomy":"pwb-brand","embeddable":true,"href":"https:\/\/skinstudio.ee\/lt\/wp-json\/wp\/v2\/pwb-brand?post=77146"},{"taxonomy":"product_brand","embeddable":true,"href":"https:\/\/skinstudio.ee\/lt\/wp-json\/wp\/v2\/product_brand?post=77146"},{"taxonomy":"product_cat","embeddable":true,"href":"https:\/\/skinstudio.ee\/lt\/wp-json\/wp\/v2\/product_cat?post=77146"},{"taxonomy":"product_tag","embeddable":true,"href":"https:\/\/skinstudio.ee\/lt\/wp-json\/wp\/v2\/product_tag?post=77146"},{"taxonomy":"giftcard-category","embeddable":true,"href":"https:\/\/skinstudio.ee\/lt\/wp-json\/wp\/v2\/giftcard-category?post=77146"}],"curies":[{"name":"wp","href":"https:\/\/api.w.org\/{rel}","templated":true}]}}