{"id":77154,"date":"2023-08-07T14:30:00","date_gmt":"2023-08-07T14:30:00","guid":{"rendered":"https:\/\/skinstudio.ee\/?post_type=product&#038;p=77154"},"modified":"2026-04-28T12:00:52","modified_gmt":"2026-04-28T12:00:52","slug":"neuro-mag-magnesium-l-threonate","status":"publish","type":"product","link":"https:\/\/skinstudio.ee\/lt\/catalog\/life-extension\/neuro-mag-magnesium-l-threonate\/","title":{"rendered":"Neuro-Mag (Magnesium L-Threonate)"},"content":{"rendered":"<p data-start=\"2780\" data-end=\"2889\"><strong data-start=\"2780\" data-end=\"2836\">Neuro-Mag (Magnesium L-Threonate) nuo Life Extension<\/strong> &#8211; maisto papildas su magniu magnio L-treonato forma.<\/p>\n<p data-start=\"2891\" data-end=\"3089\">Magnis padeda palaikyti normali\u0105 nerv\u0173 sistemos veikl\u0105, padeda ma\u017einti nuovarg\u012f ir silpnum\u0105 bei prisideda prie normalios energijos apykaitos. Jis taip pat padeda palaikyti normali\u0105 raumen\u0173 funkcij\u0105.<\/p>\n<p data-start=\"3091\" data-end=\"3156\">Formul\u0117 pateikiama kapsuli\u0173 forma patogiam kasdieniam vartojimui.<\/p>\n<p data-start=\"3158\" data-end=\"3181\"><strong data-start=\"3158\" data-end=\"3181\">Pagaminta Europoje.<\/strong><\/p>\n<p data-start=\"3183\" data-end=\"3329\"><strong data-start=\"3183\" data-end=\"3204\">Galiojimo laikas:<\/strong> \u017ei\u016br\u0117ti ant pakuot\u0117s<br data-start=\"3225\" data-end=\"3228\" \/><strong data-start=\"3228\" data-end=\"3248\">Laikymo s\u0105lygos:<\/strong> laikyti sandariai u\u017edaryt\u0105 v\u0117sioje ir sausoje vietoje<br data-start=\"3302\" data-end=\"3305\" \/><strong data-start=\"3305\" data-end=\"3315\">T\u016bris:<\/strong> 90 kapsuli\u0173<\/p>\n","protected":false},"excerpt":{"rendered":"<p data-start=\"3336\" data-end=\"3363\">Maisto papildas su magniu<\/p>\n<h3 data-section-id=\"1g8c91u\" data-start=\"3365\" data-end=\"3431\"><strong data-start=\"3369\" data-end=\"3431\">Life Extension &#8211; Neuro-Mag (Magnesium L-Threonate) Savyb\u0117s<\/strong><\/h3>\n<p data-start=\"3433\" data-end=\"3572\">\u2714\ufe0f Magnis L-treonato forma<br data-start=\"3459\" data-end=\"3462\" \/>\u2714\ufe0f 2000 mg magnio L-treonato dienos doz\u0117je<br data-start=\"3504\" data-end=\"3507\" \/>\u2714\ufe0f Patogi kapsuli\u0173 forma<br data-start=\"3531\" data-end=\"3534\" \/>\u2714\ufe0f 90 kapsuli\u0173 pakuot\u0117je<br data-start=\"3558\" data-end=\"3561\" \/>\u2714\ufe0f Be GMO<\/p>\n","protected":false},"featured_media":92004,"template":"","meta":[],"pwb-brand":[775],"product_brand":[],"product_cat":[769],"product_tag":[],"giftcard-category":[],"class_list":{"0":"post-77154","1":"product","2":"type-product","3":"status-publish","4":"has-post-thumbnail","6":"pwb-brand-life-extension","7":"product_cat-vitaminai","9":"first","10":"instock","11":"taxable","12":"shipping-taxable","13":"purchasable","14":"product-type-simple"},"acf":[],"brands":[{"id":775,"name":"Life Extension","slug":"life-extension"}],"_links":{"self":[{"href":"https:\/\/skinstudio.ee\/lt\/wp-json\/wp\/v2\/product\/77154","targetHints":{"allow":["GET"]}}],"collection":[{"href":"https:\/\/skinstudio.ee\/lt\/wp-json\/wp\/v2\/product"}],"about":[{"href":"https:\/\/skinstudio.ee\/lt\/wp-json\/wp\/v2\/types\/product"}],"version-history":[{"count":3,"href":"https:\/\/skinstudio.ee\/lt\/wp-json\/wp\/v2\/product\/77154\/revisions"}],"predecessor-version":[{"id":89702,"href":"https:\/\/skinstudio.ee\/lt\/wp-json\/wp\/v2\/product\/77154\/revisions\/89702"}],"wp:featuredmedia":[{"embeddable":true,"href":"https:\/\/skinstudio.ee\/lt\/wp-json\/wp\/v2\/media\/92004"}],"wp:attachment":[{"href":"https:\/\/skinstudio.ee\/lt\/wp-json\/wp\/v2\/media?parent=77154"}],"wp:term":[{"taxonomy":"pwb-brand","embeddable":true,"href":"https:\/\/skinstudio.ee\/lt\/wp-json\/wp\/v2\/pwb-brand?post=77154"},{"taxonomy":"product_brand","embeddable":true,"href":"https:\/\/skinstudio.ee\/lt\/wp-json\/wp\/v2\/product_brand?post=77154"},{"taxonomy":"product_cat","embeddable":true,"href":"https:\/\/skinstudio.ee\/lt\/wp-json\/wp\/v2\/product_cat?post=77154"},{"taxonomy":"product_tag","embeddable":true,"href":"https:\/\/skinstudio.ee\/lt\/wp-json\/wp\/v2\/product_tag?post=77154"},{"taxonomy":"giftcard-category","embeddable":true,"href":"https:\/\/skinstudio.ee\/lt\/wp-json\/wp\/v2\/giftcard-category?post=77154"}],"curies":[{"name":"wp","href":"https:\/\/api.w.org\/{rel}","templated":true}]}}