{"id":77167,"date":"2023-08-07T13:50:13","date_gmt":"2023-08-07T13:50:13","guid":{"rendered":"https:\/\/skinstudio.ee\/?post_type=product&#038;p=77167"},"modified":"2026-04-07T12:28:07","modified_gmt":"2026-04-07T12:28:07","slug":"iron-protein-plus","status":"publish","type":"product","link":"https:\/\/skinstudio.ee\/lt\/catalog\/life-extension\/iron-protein-plus\/","title":{"rendered":"Iron Protein Plus"},"content":{"rendered":"<p data-start=\"3535\" data-end=\"3606\"><strong data-start=\"3535\" data-end=\"3575\">Iron Protein Plus nuo Life Extension<\/strong> &#8211; maisto papildas su gele\u017eimi.<\/p>\n<p data-start=\"3608\" data-end=\"3899\">Gele\u017eis padeda palaikyti normali\u0105 energijos apykait\u0105, padeda palaikyti normali\u0105 raudon\u0173j\u0173 kraujo k\u016bneli\u0173 ir hemoglobino gamyb\u0105 bei padeda palaikyti normal\u0173 deguonies transport\u0105 organizme. Ji taip pat padeda palaikyti normali\u0105 imunin\u0117s sistemos veikl\u0105 ir padeda ma\u017einti nuovarg\u012f bei silpnum\u0105.<\/p>\n<p data-start=\"3901\" data-end=\"3992\">Formul\u0117 sud\u0117tyje turi gele\u017eies ir pateikiama kapsuli\u0173 forma patogiam kasdieniam vartojimui.<\/p>\n<p data-start=\"3994\" data-end=\"4167\"><strong data-start=\"3994\" data-end=\"4017\">Pagaminta Europoje.<\/strong><br data-start=\"4017\" data-end=\"4020\" \/><strong data-start=\"4020\" data-end=\"4041\">Galiojimo laikas:<\/strong> \u017ei\u016br\u0117ti ant pakuot\u0117s<br data-start=\"4062\" data-end=\"4065\" \/><strong data-start=\"4065\" data-end=\"4085\">Laikymo s\u0105lygos:<\/strong> laikyti sandariai u\u017edaryt\u0105 v\u0117sioje ir sausoje vietoje<br data-start=\"4139\" data-end=\"4142\" \/><strong data-start=\"4142\" data-end=\"4152\">T\u016bris:<\/strong> 100 kapsuli\u0173<\/p>\n","protected":false},"excerpt":{"rendered":"<p data-start=\"993\" data-end=\"1022\">Maisto papildas su gele\u017eimi<\/p>\n<h2 data-section-id=\"dbpl90\" data-start=\"1024\" data-end=\"1074\"><strong data-start=\"1028\" data-end=\"1074\">Life Extension &#8211; Iron Protein Plus Savyb\u0117s<\/strong><\/h2>\n<p data-start=\"1076\" data-end=\"1202\">\u2714\ufe0f Sud\u0117tyje yra gele\u017eies<br data-start=\"1100\" data-end=\"1103\" \/>\u2714\ufe0f 100 kapsuli\u0173 pakuot\u0117je<br data-start=\"1128\" data-end=\"1131\" \/>\u2714\ufe0f Patogi kapsuli\u0173 forma<br data-start=\"1155\" data-end=\"1158\" \/>\u2714\ufe0f Tinka kasdieniam vartojimui<br data-start=\"1188\" data-end=\"1191\" \/>\u2714\ufe0f Be GMO<\/p>\n","protected":false},"featured_media":63555,"template":"","meta":[],"pwb-brand":[775],"product_brand":[],"product_cat":[769],"product_tag":[],"giftcard-category":[],"class_list":{"0":"post-77167","1":"product","2":"type-product","3":"status-publish","4":"has-post-thumbnail","6":"pwb-brand-life-extension","7":"product_cat-vitaminai","9":"first","10":"instock","11":"taxable","12":"shipping-taxable","13":"purchasable","14":"product-type-simple"},"acf":[],"brands":[{"id":775,"name":"Life Extension","slug":"life-extension"}],"_links":{"self":[{"href":"https:\/\/skinstudio.ee\/lt\/wp-json\/wp\/v2\/product\/77167","targetHints":{"allow":["GET"]}}],"collection":[{"href":"https:\/\/skinstudio.ee\/lt\/wp-json\/wp\/v2\/product"}],"about":[{"href":"https:\/\/skinstudio.ee\/lt\/wp-json\/wp\/v2\/types\/product"}],"version-history":[{"count":2,"href":"https:\/\/skinstudio.ee\/lt\/wp-json\/wp\/v2\/product\/77167\/revisions"}],"predecessor-version":[{"id":87104,"href":"https:\/\/skinstudio.ee\/lt\/wp-json\/wp\/v2\/product\/77167\/revisions\/87104"}],"wp:featuredmedia":[{"embeddable":true,"href":"https:\/\/skinstudio.ee\/lt\/wp-json\/wp\/v2\/media\/63555"}],"wp:attachment":[{"href":"https:\/\/skinstudio.ee\/lt\/wp-json\/wp\/v2\/media?parent=77167"}],"wp:term":[{"taxonomy":"pwb-brand","embeddable":true,"href":"https:\/\/skinstudio.ee\/lt\/wp-json\/wp\/v2\/pwb-brand?post=77167"},{"taxonomy":"product_brand","embeddable":true,"href":"https:\/\/skinstudio.ee\/lt\/wp-json\/wp\/v2\/product_brand?post=77167"},{"taxonomy":"product_cat","embeddable":true,"href":"https:\/\/skinstudio.ee\/lt\/wp-json\/wp\/v2\/product_cat?post=77167"},{"taxonomy":"product_tag","embeddable":true,"href":"https:\/\/skinstudio.ee\/lt\/wp-json\/wp\/v2\/product_tag?post=77167"},{"taxonomy":"giftcard-category","embeddable":true,"href":"https:\/\/skinstudio.ee\/lt\/wp-json\/wp\/v2\/giftcard-category?post=77167"}],"curies":[{"name":"wp","href":"https:\/\/api.w.org\/{rel}","templated":true}]}}