{"id":77183,"date":"2023-05-24T17:57:38","date_gmt":"2023-05-24T17:57:38","guid":{"rendered":"https:\/\/skinstudio.ee\/?post_type=product&#038;p=77183"},"modified":"2026-04-07T12:29:59","modified_gmt":"2026-04-07T12:29:59","slug":"liquid-vitamin-d3-2000iu","status":"publish","type":"product","link":"https:\/\/skinstudio.ee\/lt\/catalog\/life-extension\/liquid-vitamin-d3-2000iu\/","title":{"rendered":"Liquid Vitamin D3 (2000IU)"},"content":{"rendered":"<div class=\"row item-row\">\n<div class=\"col-xs-24\">\n<p data-start=\"2218\" data-end=\"2328\"><strong data-start=\"2225\" data-end=\"2275\">Liquid Vitamin D3 (2000 IU) nuo Life Extension<\/strong> yra maisto papildas su vitaminu D3 skystoje formoje.<\/p>\n<p data-start=\"2330\" data-end=\"2460\">Formul\u0117 suteikia 2000 IU vitamino D3 (cholekalciferolio) viename la\u0161e. Produktas pateikiamas skystoje formoje su neutraliu skoniu.<\/p>\n<p data-start=\"2462\" data-end=\"2520\">Skysta forma leid\u017eia patogiai vartoti ir tiksliai dozuoti.<\/p>\n<p data-start=\"2522\" data-end=\"2547\"><strong data-start=\"2522\" data-end=\"2545\">Pagaminta Europoje.<\/strong><\/p>\n<p data-start=\"2549\" data-end=\"2686\"><strong data-start=\"2549\" data-end=\"2568\">Geriausias iki:<\/strong> \u017er. ant pakuot\u0117s<br data-start=\"2585\" data-end=\"2588\" \/><strong data-start=\"2588\" data-end=\"2608\">Laikymo s\u0105lygos:<\/strong> laikyti sandariai u\u017edaryt\u0105 v\u0117sioje ir sausoje vietoje<br data-start=\"2662\" data-end=\"2665\" \/><strong data-start=\"2665\" data-end=\"2675\">T\u016bris:<\/strong> 29,57 ml<\/p>\n<\/div>\n<\/div>\n","protected":false},"excerpt":{"rendered":"<p data-start=\"2693\" data-end=\"2742\">Maisto papildas su vitaminu D3 skystoje formoje<\/p>\n<h2 data-start=\"2744\" data-end=\"2799\"><strong data-start=\"2744\" data-end=\"2799\">Life Extension &#8211; Liquid Vitamin D3 (2000IU) Savyb\u0117s<\/strong><\/h2>\n<p data-start=\"2801\" data-end=\"2955\">\u2714\ufe0f 2000 IU vitamino D3 viename la\u0161e<br data-start=\"2836\" data-end=\"2839\" \/>\u2714\ufe0f Skysta forma tiksliam dozavimui<br data-start=\"2873\" data-end=\"2876\" \/>\u2714\ufe0f Neutralus skonis<br data-start=\"2895\" data-end=\"2898\" \/>\u2714\ufe0f Patogus vartojimas kasdien<br data-start=\"2927\" data-end=\"2930\" \/>\u2714\ufe0f Be glitimo ir be GMO<\/p>\n","protected":false},"featured_media":63560,"template":"","meta":[],"pwb-brand":[775],"product_brand":[],"product_cat":[769],"product_tag":[],"giftcard-category":[],"class_list":{"0":"post-77183","1":"product","2":"type-product","3":"status-publish","4":"has-post-thumbnail","6":"pwb-brand-life-extension","7":"product_cat-vitaminai","9":"first","10":"instock","11":"taxable","12":"shipping-taxable","13":"purchasable","14":"product-type-simple"},"acf":[],"brands":[{"id":775,"name":"Life Extension","slug":"life-extension"}],"_links":{"self":[{"href":"https:\/\/skinstudio.ee\/lt\/wp-json\/wp\/v2\/product\/77183","targetHints":{"allow":["GET"]}}],"collection":[{"href":"https:\/\/skinstudio.ee\/lt\/wp-json\/wp\/v2\/product"}],"about":[{"href":"https:\/\/skinstudio.ee\/lt\/wp-json\/wp\/v2\/types\/product"}],"version-history":[{"count":3,"href":"https:\/\/skinstudio.ee\/lt\/wp-json\/wp\/v2\/product\/77183\/revisions"}],"predecessor-version":[{"id":88227,"href":"https:\/\/skinstudio.ee\/lt\/wp-json\/wp\/v2\/product\/77183\/revisions\/88227"}],"wp:featuredmedia":[{"embeddable":true,"href":"https:\/\/skinstudio.ee\/lt\/wp-json\/wp\/v2\/media\/63560"}],"wp:attachment":[{"href":"https:\/\/skinstudio.ee\/lt\/wp-json\/wp\/v2\/media?parent=77183"}],"wp:term":[{"taxonomy":"pwb-brand","embeddable":true,"href":"https:\/\/skinstudio.ee\/lt\/wp-json\/wp\/v2\/pwb-brand?post=77183"},{"taxonomy":"product_brand","embeddable":true,"href":"https:\/\/skinstudio.ee\/lt\/wp-json\/wp\/v2\/product_brand?post=77183"},{"taxonomy":"product_cat","embeddable":true,"href":"https:\/\/skinstudio.ee\/lt\/wp-json\/wp\/v2\/product_cat?post=77183"},{"taxonomy":"product_tag","embeddable":true,"href":"https:\/\/skinstudio.ee\/lt\/wp-json\/wp\/v2\/product_tag?post=77183"},{"taxonomy":"giftcard-category","embeddable":true,"href":"https:\/\/skinstudio.ee\/lt\/wp-json\/wp\/v2\/giftcard-category?post=77183"}],"curies":[{"name":"wp","href":"https:\/\/api.w.org\/{rel}","templated":true}]}}