{"id":77196,"date":"2023-05-24T17:57:30","date_gmt":"2023-05-24T17:57:30","guid":{"rendered":"https:\/\/skinstudio.ee\/?post_type=product&#038;p=77196"},"modified":"2026-04-07T12:32:09","modified_gmt":"2026-04-07T12:32:09","slug":"magnesium-citrate","status":"publish","type":"product","link":"https:\/\/skinstudio.ee\/lt\/catalog\/life-extension\/magnesium-citrate\/","title":{"rendered":"Magnesium (Citrate)"},"content":{"rendered":"<div class=\"row item-row\">\n<div class=\"col-xs-24\">\n<p data-start=\"2616\" data-end=\"2701\"><strong data-start=\"2616\" data-end=\"2658\">Magnesium (Citrate) nuo Life Extension<\/strong> &#8211; maisto papildas su magniu citrato forma.<\/p>\n<p data-start=\"2703\" data-end=\"2891\">Magnis padeda palaikyti normali\u0105 nerv\u0173 sistemos veikl\u0105, normali\u0105 raumen\u0173 funkcij\u0105, normali\u0105 kaul\u0173 ir dant\u0173 b\u016bkl\u0119, normali\u0105 energijos apykait\u0105, taip pat padeda ma\u017einti nuovarg\u012f ir silpnum\u0105.<\/p>\n<p data-start=\"2893\" data-end=\"2990\">Formul\u0117 sud\u0117tyje turi magnio citrato ir pateikiama kapsuli\u0173 forma patogiam kasdieniam vartojimui.<\/p>\n<p data-start=\"2992\" data-end=\"3165\"><strong data-start=\"2992\" data-end=\"3015\">Pagaminta Europoje.<\/strong><br data-start=\"3015\" data-end=\"3018\" \/><strong data-start=\"3018\" data-end=\"3039\">Galiojimo laikas:<\/strong> \u017ei\u016br\u0117ti ant pakuot\u0117s<br data-start=\"3060\" data-end=\"3063\" \/><strong data-start=\"3063\" data-end=\"3083\">Laikymo s\u0105lygos:<\/strong> laikyti sandariai u\u017edaryt\u0105 v\u0117sioje ir sausoje vietoje<br data-start=\"3137\" data-end=\"3140\" \/><strong data-start=\"3140\" data-end=\"3150\">T\u016bris:<\/strong> 100 kapsuli\u0173<\/p>\n<\/div>\n<\/div>\n","protected":false},"excerpt":{"rendered":"<p data-start=\"3172\" data-end=\"3213\">Maisto papildas su magniu citrato forma<\/p>\n<h2 data-section-id=\"1c7tlc\" data-start=\"3215\" data-end=\"3267\"><strong data-start=\"3219\" data-end=\"3267\">Life Extension &#8211; Magnesium (Citrate) Savyb\u0117s<\/strong><\/h2>\n<p data-start=\"3269\" data-end=\"3394\">\u2714\ufe0f Magnis citrato forma<br data-start=\"3292\" data-end=\"3295\" \/>\u2714\ufe0f 100 kapsuli\u0173 pakuot\u0117je<br data-start=\"3320\" data-end=\"3323\" \/>\u2714\ufe0f Patogi kapsuli\u0173 forma<br data-start=\"3347\" data-end=\"3350\" \/>\u2714\ufe0f Tinka kasdieniam vartojimui<br data-start=\"3380\" data-end=\"3383\" \/>\u2714\ufe0f Be GMO<\/p>\n","protected":false},"featured_media":63565,"template":"","meta":[],"pwb-brand":[775],"product_brand":[],"product_cat":[769],"product_tag":[],"giftcard-category":[],"class_list":{"0":"post-77196","1":"product","2":"type-product","3":"status-publish","4":"has-post-thumbnail","6":"pwb-brand-life-extension","7":"product_cat-vitaminai","9":"first","10":"instock","11":"taxable","12":"shipping-taxable","13":"purchasable","14":"product-type-simple"},"acf":[],"brands":[{"id":775,"name":"Life Extension","slug":"life-extension"}],"_links":{"self":[{"href":"https:\/\/skinstudio.ee\/lt\/wp-json\/wp\/v2\/product\/77196","targetHints":{"allow":["GET"]}}],"collection":[{"href":"https:\/\/skinstudio.ee\/lt\/wp-json\/wp\/v2\/product"}],"about":[{"href":"https:\/\/skinstudio.ee\/lt\/wp-json\/wp\/v2\/types\/product"}],"version-history":[{"count":3,"href":"https:\/\/skinstudio.ee\/lt\/wp-json\/wp\/v2\/product\/77196\/revisions"}],"predecessor-version":[{"id":77200,"href":"https:\/\/skinstudio.ee\/lt\/wp-json\/wp\/v2\/product\/77196\/revisions\/77200"}],"wp:featuredmedia":[{"embeddable":true,"href":"https:\/\/skinstudio.ee\/lt\/wp-json\/wp\/v2\/media\/63565"}],"wp:attachment":[{"href":"https:\/\/skinstudio.ee\/lt\/wp-json\/wp\/v2\/media?parent=77196"}],"wp:term":[{"taxonomy":"pwb-brand","embeddable":true,"href":"https:\/\/skinstudio.ee\/lt\/wp-json\/wp\/v2\/pwb-brand?post=77196"},{"taxonomy":"product_brand","embeddable":true,"href":"https:\/\/skinstudio.ee\/lt\/wp-json\/wp\/v2\/product_brand?post=77196"},{"taxonomy":"product_cat","embeddable":true,"href":"https:\/\/skinstudio.ee\/lt\/wp-json\/wp\/v2\/product_cat?post=77196"},{"taxonomy":"product_tag","embeddable":true,"href":"https:\/\/skinstudio.ee\/lt\/wp-json\/wp\/v2\/product_tag?post=77196"},{"taxonomy":"giftcard-category","embeddable":true,"href":"https:\/\/skinstudio.ee\/lt\/wp-json\/wp\/v2\/giftcard-category?post=77196"}],"curies":[{"name":"wp","href":"https:\/\/api.w.org\/{rel}","templated":true}]}}